{"id":1029032,"date":"2024-06-17T16:16:18","date_gmt":"2024-06-17T08:16:18","guid":{"rendered":"https:\/\/vimaterial.de\/product\/tulio-metallico-4\/"},"modified":"2025-03-12T16:05:49","modified_gmt":"2025-03-12T08:05:49","slug":"tulio-metallico-4","status":"publish","type":"product","link":"https:\/\/vimaterial.de\/it\/product\/tulio-metallico-4\/","title":{"rendered":"Metallo di tulio"},"content":{"rendered":"<p>I granuli <a href=\"https:\/\/vimaterial.de\/it\/product\/tulio-metallico\/\"><span style=\"color: #0000ff;\">metallici di tulio<\/span><\/a> sono particelle di metalli di terre rare con una lucentezza metallica bianco-argentea, una consistenza morbida, duttilit\u00e0, relativa stabilit\u00e0 in aria e importanti applicazioni in molti campi come l&#8217;ottica, la medicina e la lavorazione dei materiali.<\/p>\n<p>VIMATERIAL fornisce granuli Tm in varie specifiche e supporta il servizio di legatura del bersaglio. Accettiamo la personalizzazione dei prodotti,<span style=\"color: #0000ff;\"><a style=\"color: #0000ff;\" href=\"https:\/\/vimaterial.de\/it\/contatto\/\"> contattaci.<\/a><\/span><\/p>\n<h2><span style=\"font-size: 14pt;\">Propriet\u00e0<\/span><\/h2>\n<p>Formula molecolare: Tm<\/p>\n<p>Peso molecolare: 168,93421<\/p>\n<p>Aspetto: particelle metalliche bianco-argento, consistenza morbida, duttile.<\/p>\n<p>Densit\u00e0: 9,32 g\/cm\u00b3<\/p>\n<p>Punto di fusione: 1545 \u00b0C<\/p>\n<p>Punto di ebollizione: 1950 \u00b0C<\/p>\n<p>Struttura cristallina: struttura esagonale densamente impacchettata (hcp).<\/p>\n<p>Solubilit\u00e0: \u00c8 solubile in acido e reagisce con l&#8217;acido solforico diluito per formare ioni tulio trivalente di colore verde chiaro e rilasciare idrogeno gassoso.<\/p>\n<h2><span style=\"font-size: 14pt;\">Applicazioni<\/span><\/h2>\n<p>Campo dei materiali laser: i materiali laser composti da erbio, ittrio e altri elementi hanno buone propriet\u00e0 ottiche e possono produrre luce laser a lunghezza d&#8217;onda pi\u00f9 corta, ampiamente utilizzata nella produzione di dispositivi laser, come nel campo del LIDAR, del telerilevamento e della distanza, delle comunicazioni nello spazio libero e della trasmissione dello spazio atmosferico a lunga distanza.<\/p>\n<p>Lavorazione del materiale: poich\u00e9 la maggior parte dei materiali organici trasparenti ha un assorbimento sufficiente dei laser al tulio da 2 \u03bcm, i laser al tulio sono comunemente usati per il taglio, la saldatura, l&#8217;incisione, ecc.<\/p>\n<p>Campo ottico: il metallo trivalente al tulio pu\u00f2 emettere fluorescenza blu sotto irradiazione ultravioletta, che pu\u00f2 essere utilizzata per la lotta alla contraffazione delle banconote in euro, nonch\u00e9 per la produzione di vetro ottico e fosforo.<\/p>\n<p>Magnetismo: \u00e8 uno degli elementi chiave nella produzione di materiali magnetici permanenti ed \u00e8 ampiamente utilizzato nelle comunicazioni elettroniche, nell&#8217;aerospaziale e in altri campi grazie alle sue forti propriet\u00e0 magnetiche in leghe composte da ferro, cobalto e altri elementi.<\/p>\n<h2><span style=\"font-size: 14pt;\">Controllo qualit\u00e0<\/span><\/h2>\n<p><span style=\"color: #0000ff;\"><a style=\"color: #0000ff;\" href=\"https:\/\/vimaterial.de\/it\/controllo-qualita\/\">Ogni lotto<\/a> <\/span>di prodotti protegge rigorosamente la qualit\u00e0, dalla selezione dei fornitori di materie prime, all&#8217;uso di apparecchiature di collaudo avanzate per monitorare accuratamente l&#8217;intero processo di produzione, al prodotto finito attraverso molti cicli di campionamento severo e certificazione autorevole di terze parti, al sistema di controllo della qualit\u00e0 a tutto tondo e a tolleranza zero per garantire che ogni lotto di prodotti soddisfi e superi gli elevati standard del settore, per fornire ai nostri clienti la migliore qualit\u00e0 e i prodotti pi\u00f9 stabili.<\/p>\n<h2><span style=\"font-size: 14pt;\">Imballaggio e stoccaggio<\/span><\/h2>\n<p>I granuli metallici di tulio sono confezionati in un sacchetto sottovuoto o in una bottiglia sottovuoto in cartone per garantire un trasporto sicuro.<\/p>\n<div class=\"message-box-content-wrapper-g6XZZQ\">\n<div class=\"message-content message-box-content-WoA7L1 receive-message-box-content-tsCcMM samantha-message-box-content-kHd1mL\" data-testid=\"message_content\">\n<div class=\"container-p6WrVu flow-markdown-body theme-samantha-_RgbJJ\" dir=\"ltr\" data-testid=\"message_text_content\" data-show-indicator=\"false\">\n<div class=\"auto-hide-last-sibling-br paragraph-z1iNZD paragraph-element br-paragraph-space\">I granuli di metallo di tulio devono essere conservati in contenitori ermetici riempiti con gas inerti come l&#8217;argon e conservati in un ambiente asciutto e fresco per prevenire l&#8217;ossidazione e altre reazioni chimiche.<\/div>\n<\/div>\n<\/div>\n<\/div>\n","protected":false},"excerpt":{"rendered":"<p>I granuli <a href=\"https:\/\/vimaterial.de\/it\/product\/tulio-metallico\/\"><span style=\"color: #0000ff;\">metallici di tulio<\/span><\/a> sono particelle di metalli di terre rare con una lucentezza metallica bianco-argentea, una consistenza morbida, duttilit\u00e0, relativa stabilit\u00e0 in aria e importanti applicazioni in molti campi come l&#8217;ottica, la medicina e la lavorazione dei materiali.<\/p>\n<p>VIMATERIAL fornisce granuli Tm in varie specifiche e supporta il servizio di legatura del bersaglio. Accettiamo la personalizzazione dei prodotti,<span style=\"color: #0000ff;\"><a style=\"color: #0000ff;\" href=\"https:\/\/vimaterial.de\/it\/contatto\/\"> contattaci.<\/a><\/span><\/p>\n","protected":false},"featured_media":1034513,"comment_status":"open","ping_status":"closed","template":"","meta":{"_acf_changed":false},"product_brand":[],"product_cat":[198],"product_tag":[],"class_list":{"0":"post-1029032","1":"product","2":"type-product","3":"status-publish","4":"has-post-thumbnail","6":"product_cat-materiali-per-levaporazione","8":"first","9":"instock","10":"shipping-taxable","11":"purchasable","12":"product-type-variable"},"acf":[],"_links":{"self":[{"href":"https:\/\/vimaterial.de\/it\/wp-json\/wp\/v2\/product\/1029032","targetHints":{"allow":["GET"]}}],"collection":[{"href":"https:\/\/vimaterial.de\/it\/wp-json\/wp\/v2\/product"}],"about":[{"href":"https:\/\/vimaterial.de\/it\/wp-json\/wp\/v2\/types\/product"}],"replies":[{"embeddable":true,"href":"https:\/\/vimaterial.de\/it\/wp-json\/wp\/v2\/comments?post=1029032"}],"wp:featuredmedia":[{"embeddable":true,"href":"https:\/\/vimaterial.de\/it\/wp-json\/wp\/v2\/media\/1034513"}],"wp:attachment":[{"href":"https:\/\/vimaterial.de\/it\/wp-json\/wp\/v2\/media?parent=1029032"}],"wp:term":[{"taxonomy":"product_brand","embeddable":true,"href":"https:\/\/vimaterial.de\/it\/wp-json\/wp\/v2\/product_brand?post=1029032"},{"taxonomy":"product_cat","embeddable":true,"href":"https:\/\/vimaterial.de\/it\/wp-json\/wp\/v2\/product_cat?post=1029032"},{"taxonomy":"product_tag","embeddable":true,"href":"https:\/\/vimaterial.de\/it\/wp-json\/wp\/v2\/product_tag?post=1029032"}],"curies":[{"name":"wp","href":"https:\/\/api.w.org\/{rel}","templated":true}]}}