{"id":1029029,"date":"2024-06-17T16:16:17","date_gmt":"2024-06-17T08:16:17","guid":{"rendered":"https:\/\/vimaterial.de\/product\/siliciuro-di-erbio\/"},"modified":"2025-03-24T15:37:58","modified_gmt":"2025-03-24T07:37:58","slug":"siliciuro-di-erbio","status":"publish","type":"product","link":"https:\/\/vimaterial.de\/it\/product\/siliciuro-di-erbio\/","title":{"rendered":"Siliciuro di erbio"},"content":{"rendered":"<p>La polvere di siliciuro di erbio \u00e8 un tipo di polvere con struttura cristallina tetragonale, che mostra un aspetto da grigio a nero, con una certa stabilit\u00e0 chimica e propriet\u00e0 fisiche speciali, che viene utilizzata principalmente nei settori dell&#8217;elettronica e dell&#8217;ottica.<\/p>\n<p>VIMATERIAL fornisce polvere ErSi2 in varie specifiche e supporta il servizio di legatura del bersaglio. Accettiamo la personalizzazione dei prodotti, <span style=\"color: #0000ff;\"><a style=\"color: #0000ff;\" href=\"https:\/\/vimaterial.de\/it\/contatto\/\">contattaci<\/a><\/span>.<\/p>\n<h2><span style=\"font-size: 14pt;\">Propriet\u00e0<\/span><\/h2>\n<p>Formula molecolare: ErSi\u2082<\/p>\n<p>Peso molecolare: circa 208,23<\/p>\n<p>Aspetto: polvere grigio scuro<\/p>\n<h2><span style=\"font-size: 14pt;\">Applicazioni<\/span><\/h2>\n<p>Materiali laser: possono essere utilizzati come materiali droganti per cristalli laser e utilizzati nella produzione di dispositivi laser. Le loro propriet\u00e0 ottiche uniche possono fornire un guadagno ottico stabile per l&#8217;emissione laser, generando cos\u00ec raggi laser di alta qualit\u00e0.<\/p>\n<p>Rivestimento ottico: materiali utilizzati come rivestimenti ottici per migliorare le prestazioni dei dispositivi ottici. Ad esempio, il rivestimento della superficie di lenti ottiche, filtri ottici e altri dispositivi con rivestimento in siliciuro di erbio pu\u00f2 migliorare l&#8217;indice di rifrazione, la dispersione e altre propriet\u00e0 ottiche del dispositivo, migliorando cos\u00ec la risoluzione e la qualit\u00e0 dell&#8217;imaging del sistema ottico.<\/p>\n<p>Magnetismo: Ha determinate propriet\u00e0 magnetiche e pu\u00f2 essere utilizzato per produrre materiali magnetici.<\/p>\n<h2><span style=\"font-size: 14pt;\">Controllo qualit\u00e0<\/span><\/h2>\n<p><span style=\"color: #0000ff;\"><a style=\"color: #0000ff;\" href=\"https:\/\/vimaterial.de\/it\/controllo-qualita\/\">Ogni lotto di prodotti<\/a><\/span> protegge rigorosamente la qualit\u00e0, dalla selezione dei fornitori di materie prime, all&#8217;uso di apparecchiature di collaudo avanzate per monitorare accuratamente l&#8217;intero processo di produzione, al prodotto finito attraverso molti cicli di campionamento severo e certificazione autorevole di terze parti, al sistema di controllo della qualit\u00e0 a tutto tondo e a tolleranza zero per garantire che ogni lotto di prodotti soddisfi e superi gli elevati standard del settore, per fornire ai nostri clienti la migliore qualit\u00e0 e i prodotti pi\u00f9 stabili.<\/p>\n<h2><span style=\"font-size: 14pt;\">Imballaggio e stoccaggio<\/span><\/h2>\n<p>La polvere di siliciuro di erbio \u00e8 confezionata in un sacchetto sottovuoto o in una bottiglia sottovuoto in cartone per garantire un trasporto sicuro.<\/p>\n<p>Le polveri di Erbio Silicide devono essere conservate in un ambiente sigillato, asciutto e fresco, lontano dall&#8217;aria e dall&#8217;umidit\u00e0 per prevenire l&#8217;ossidazione o altre reazioni chimiche che ne compromettono le propriet\u00e0.<\/p>\n","protected":false},"excerpt":{"rendered":"<p>La polvere di siliciuro di erbio \u00e8 un tipo di polvere con struttura cristallina tetragonale, che mostra un aspetto da grigio a nero, con una certa stabilit\u00e0 chimica e propriet\u00e0 fisiche speciali, che viene utilizzata principalmente nei settori dell&#8217;elettronica e dell&#8217;ottica.<\/p>\n<p>VIMATERIAL fornisce polvere ErSi2 in varie specifiche e supporta il servizio di legatura del bersaglio. Accettiamo la personalizzazione dei prodotti, <span style=\"color: #0000ff;\"><a style=\"color: #0000ff;\" href=\"https:\/\/vimaterial.de\/it\/contatto\/\">contattaci<\/a><\/span>.<\/p>\n","protected":false},"featured_media":1034508,"comment_status":"open","ping_status":"closed","template":"","meta":{"_acf_changed":false},"product_brand":[],"product_cat":[202,203],"product_tag":[],"class_list":{"0":"post-1029029","1":"product","2":"type-product","3":"status-publish","4":"has-post-thumbnail","6":"product_cat-materiali-c-n-b-si","7":"product_cat-materiali-per-terre-rare","9":"first","10":"instock","11":"shipping-taxable","12":"product-type-variable"},"acf":[],"_links":{"self":[{"href":"https:\/\/vimaterial.de\/it\/wp-json\/wp\/v2\/product\/1029029","targetHints":{"allow":["GET"]}}],"collection":[{"href":"https:\/\/vimaterial.de\/it\/wp-json\/wp\/v2\/product"}],"about":[{"href":"https:\/\/vimaterial.de\/it\/wp-json\/wp\/v2\/types\/product"}],"replies":[{"embeddable":true,"href":"https:\/\/vimaterial.de\/it\/wp-json\/wp\/v2\/comments?post=1029029"}],"wp:featuredmedia":[{"embeddable":true,"href":"https:\/\/vimaterial.de\/it\/wp-json\/wp\/v2\/media\/1034508"}],"wp:attachment":[{"href":"https:\/\/vimaterial.de\/it\/wp-json\/wp\/v2\/media?parent=1029029"}],"wp:term":[{"taxonomy":"product_brand","embeddable":true,"href":"https:\/\/vimaterial.de\/it\/wp-json\/wp\/v2\/product_brand?post=1029029"},{"taxonomy":"product_cat","embeddable":true,"href":"https:\/\/vimaterial.de\/it\/wp-json\/wp\/v2\/product_cat?post=1029029"},{"taxonomy":"product_tag","embeddable":true,"href":"https:\/\/vimaterial.de\/it\/wp-json\/wp\/v2\/product_tag?post=1029029"}],"curies":[{"name":"wp","href":"https:\/\/api.w.org\/{rel}","templated":true}]}}