{"id":1029022,"date":"2024-06-17T16:16:18","date_gmt":"2024-06-17T08:16:18","guid":{"rendered":"https:\/\/vimaterial.de\/product\/tulio-metallico-3\/"},"modified":"2025-03-12T15:01:49","modified_gmt":"2025-03-12T07:01:49","slug":"tulio-metallico-3","status":"publish","type":"product","link":"https:\/\/vimaterial.de\/it\/product\/tulio-metallico-3\/","title":{"rendered":"Metallo di tulio"},"content":{"rendered":"<p><span style=\"color: #0000ff;\"><a style=\"color: #0000ff;\" href=\"https:\/\/vimaterial.de\/it\/product\/tulio-metallico-4\/\">La lamina metallo di tulio<\/a><\/span> \u00e8 un materiale bianco-argenteo, duttile e tenace con una buona conduttivit\u00e0 termica ed elettrica, costituito da atomi di tulio in una struttura cristallina esagonale compattata, che viene utilizzata principalmente nella tecnologia laser e nelle sorgenti di raggi X.<\/p>\n<p>VIMATERIAL fornisce fogli Tm in varie specifiche e supporta il servizio di rilegatura del bersaglio. Accettiamo la personalizzazione dei prodotti, <span style=\"color: #0000ff;\"><a style=\"color: #0000ff;\" href=\"https:\/\/vimaterial.de\/it\/contatto\/\">contattaci<\/a><\/span>.<\/p>\n<h2><span style=\"font-size: 14pt;\">Propriet\u00e0<\/span><\/h2>\n<p>Formula molecolare: Tm<\/p>\n<p>Peso molecolare: circa 168,93 g\/mol<\/p>\n<p>Aspetto: metallo bianco-argento con lucentezza, morbido e duttile.<\/p>\n<p>Densit\u00e0: circa 9,32 g\/cm\u00b3.<\/p>\n<p>Punto di fusione: 1545 \u00b0C.<\/p>\n<p>Struttura cristallina: solitamente esagonale densamente impacchettata (hcp).<\/p>\n<h2><span style=\"font-size: 14pt;\">Applicazioni<\/span><\/h2>\n<p>Imaging medico: poich\u00e9 l&#8217;isotopo del tulio \u00b9\u2076\u2079Tm pu\u00f2 essere bombardato in un reattore nucleare, dove la reazione produce \u00b9\u2077\u2070Tm ed emette raggi X, le lamine di tulio possono essere utilizzate nella produzione di sorgenti di radiazioni in apparecchiature a raggi X portatili, che svolgono un ruolo nell&#8217;imaging medico.<\/p>\n<p>Terapia laser: il tulio ha importanti applicazioni nel campo dei materiali laser. Le lamine metalliche di tulio possono essere utilizzate per produrre dispositivi laser e i laser che produce possono essere utilizzati negli interventi chirurgici in campo medico.<\/p>\n<p>Campo di comunicazione elettronica: utilizzando le propriet\u00e0 magnetiche della lamina metallica di tulio, pu\u00f2 essere utilizzata nel campo della comunicazione elettronica, ad esempio nella produzione di sensori magnetici, materiali di registrazione magnetici e cos\u00ec via. Le leghe di tulio con ferro, cobalto e altri elementi hanno forti propriet\u00e0 magnetiche, in grado di soddisfare i requisiti dei materiali magnetici per le apparecchiature di comunicazione elettronica.<\/p>\n<p>Campo ottico: la lamina metallica di tulio ha anche alcune applicazioni nel campo ottico, ad esempio pu\u00f2 essere utilizzata per produrre filtri ottici, specchi ottici e altri componenti ottici. La sua buona duttilit\u00e0 e le sue propriet\u00e0 ottiche gli consentono di soddisfare i requisiti speciali dei componenti ottici.<\/p>\n<h2><span style=\"font-size: 14pt;\">Controllo qualit\u00e0<\/span><\/h2>\n<p><span style=\"color: #0000ff;\"><a style=\"color: #0000ff;\" href=\"https:\/\/vimaterial.de\/it\/controllo-qualita\/\">Ogni lotto<\/a><\/span> di prodotti protegge rigorosamente la qualit\u00e0, dalla selezione dei fornitori di materie prime, all&#8217;uso di apparecchiature di collaudo avanzate per monitorare accuratamente l&#8217;intero processo di produzione, al prodotto finito attraverso molti cicli di campionamento severo e certificazione autorevole di terze parti, al sistema di controllo della qualit\u00e0 a tutto tondo e a tolleranza zero per garantire che ogni lotto di prodotti soddisfi e superi gli elevati standard del settore, per fornire ai nostri clienti la migliore qualit\u00e0 e i prodotti pi\u00f9 stabili.<\/p>\n<h2><span style=\"font-size: 14pt;\">Imballaggio e stoccaggio<\/span><\/h2>\n<p>Thulium metaal foil wordt meestal verpakt in een dubbellaagse doos met een kartonnen buitenverpakking of houten kist.<\/p>\n<p>Thulium metaal foil moet normaal gesproken worden opgeslagen in een droge, koele, goed geventileerde omgeving en moet worden afgesloten in een vacu\u00fcmverpakking om te voorkomen dat het oxideert of corrodeert door een reactie met zuurstof, vocht etc. in de lucht.<\/p>\n","protected":false},"excerpt":{"rendered":"<p><span style=\"color: #0000ff;\"><a style=\"color: #0000ff;\" href=\"https:\/\/vimaterial.de\/it\/product\/tulio-metallico-4\/\">La lamina metallo di tulio<\/a><\/span> \u00e8 un materiale bianco-argenteo, duttile e tenace con una buona conduttivit\u00e0 termica ed elettrica, costituito da atomi di tulio in una struttura cristallina esagonale compattata, che viene utilizzata principalmente nella tecnologia laser e nelle sorgenti di raggi X.<\/p>\n<p>VIMATERIAL fornisce fogli Tm in varie specifiche e supporta il servizio di rilegatura del bersaglio. Accettiamo la personalizzazione dei prodotti, <span style=\"color: #0000ff;\"><a style=\"color: #0000ff;\" href=\"https:\/\/vimaterial.de\/it\/contatto\/\">contattaci<\/a><\/span>.<\/p>\n","protected":false},"featured_media":1034523,"comment_status":"open","ping_status":"closed","template":"","meta":{"_acf_changed":false},"product_brand":[],"product_cat":[207],"product_tag":[],"class_list":{"0":"post-1029022","1":"product","2":"type-product","3":"status-publish","4":"has-post-thumbnail","6":"product_cat-profilo","8":"first","9":"outofstock","10":"shipping-taxable","11":"product-type-variable"},"acf":[],"_links":{"self":[{"href":"https:\/\/vimaterial.de\/it\/wp-json\/wp\/v2\/product\/1029022","targetHints":{"allow":["GET"]}}],"collection":[{"href":"https:\/\/vimaterial.de\/it\/wp-json\/wp\/v2\/product"}],"about":[{"href":"https:\/\/vimaterial.de\/it\/wp-json\/wp\/v2\/types\/product"}],"replies":[{"embeddable":true,"href":"https:\/\/vimaterial.de\/it\/wp-json\/wp\/v2\/comments?post=1029022"}],"wp:featuredmedia":[{"embeddable":true,"href":"https:\/\/vimaterial.de\/it\/wp-json\/wp\/v2\/media\/1034523"}],"wp:attachment":[{"href":"https:\/\/vimaterial.de\/it\/wp-json\/wp\/v2\/media?parent=1029022"}],"wp:term":[{"taxonomy":"product_brand","embeddable":true,"href":"https:\/\/vimaterial.de\/it\/wp-json\/wp\/v2\/product_brand?post=1029022"},{"taxonomy":"product_cat","embeddable":true,"href":"https:\/\/vimaterial.de\/it\/wp-json\/wp\/v2\/product_cat?post=1029022"},{"taxonomy":"product_tag","embeddable":true,"href":"https:\/\/vimaterial.de\/it\/wp-json\/wp\/v2\/product_tag?post=1029022"}],"curies":[{"name":"wp","href":"https:\/\/api.w.org\/{rel}","templated":true}]}}