{"id":1029019,"date":"2024-06-17T16:16:18","date_gmt":"2024-06-17T08:16:18","guid":{"rendered":"https:\/\/vimaterial.de\/product\/tulio-metallico-2\/"},"modified":"2025-03-12T15:23:22","modified_gmt":"2025-03-12T07:23:22","slug":"tulio-metallico-2","status":"publish","type":"product","link":"https:\/\/vimaterial.de\/it\/product\/tulio-metallico-2\/","title":{"rendered":"Metallo di tulio"},"content":{"rendered":"<p><span style=\"color: #0000ff;\"><a style=\"color: #0000ff;\" href=\"https:\/\/vimaterial.de\/it\/product\/tulio-metallico\/\">La polvere di metallo di tulio<\/a><\/span> \u00e8 una polvere di metallo di terre rare con lucentezza bianco-argento, consistenza morbida, duttilit\u00e0, facile da ossidare lentamente all&#8217;aria e pu\u00f2 essere utilizzata in molti campi come la medicina, il laser e la lavorazione dei materiali.<\/p>\n<p>VIMATERIAL fornisce polvere di Tm in varie specifiche e supporta il servizio di legatura del bersaglio. Accettiamo la personalizzazione dei prodotti, <span style=\"color: #0000ff;\"><a style=\"color: #0000ff;\" href=\"https:\/\/vimaterial.de\/it\/contatto\/\">contattaci.<\/a><\/span><\/p>\n<h2><span style=\"font-size: 14pt;\">Propriet\u00e0<\/span><\/h2>\n<p>Formula molecolare: Tm<\/p>\n<p>Peso molecolare: circa 168,93 g\/mol<\/p>\n<p>Aspetto: polvere fine bianco-argento o grigio-argento<\/p>\n<p>Densit\u00e0: circa 9,32 g\/cm\u00b3.<\/p>\n<p>Punto di fusione: 1545 \u00b0C<\/p>\n<p>Struttura cristallina: struttura esagonale densamente impacchettata (hcp)<\/p>\n<h2><span style=\"font-size: 14pt;\">Applicazioni<\/span><\/h2>\n<p>Imaging medico: il suo isotopo \u00b9\u2076\u2079Tm pu\u00f2 essere bombardato in un reattore nucleare, dove la reazione produce \u00b9\u2077\u2070Tm ed emette raggi X, che possono essere utilizzati come fonte di radiazioni in apparecchiature a raggi X portatili per la diagnosi medica e il rilevamento di difetti.<\/p>\n<p>Campo del materiale laser: il metallo e l&#8217;erbio del tulio, l&#8217;ittrio e altri elementi composti da materiali laser con buone propriet\u00e0 ottiche, possono produrre laser a lunghezza d&#8217;onda pi\u00f9 corta, \u00e8 ampiamente utilizzato nella fabbricazione di dispositivi laser.<\/p>\n<p>Campo ottico: il tulio trivalente pu\u00f2 emettere fluorescenza blu sotto irradiazione ultravioletta, che pu\u00f2 essere utilizzata per la lotta alla contraffazione delle banconote in euro, nonch\u00e9 per la produzione di vetro ottico e fosforo.<\/p>\n<p>Magnetismo: il metallo di tulio \u00e8 uno degli elementi chiave nella produzione di materiali magnetici permanenti ed \u00e8 ampiamente utilizzato nelle comunicazioni elettroniche, nell&#8217;aerospaziale e in altri campi grazie alle sue forti propriet\u00e0 magnetiche in leghe composte da ferro, cobalto e altri elementi.<\/p>\n<h2><span style=\"font-size: 14pt;\">Controllo qualit\u00e0<\/span><\/h2>\n<p><span style=\"color: #0000ff;\"><a style=\"color: #0000ff;\" href=\"https:\/\/vimaterial.de\/it\/controllo-qualita\/\">Ogni lotto<\/a><\/span> di prodotti protegge rigorosamente la qualit\u00e0, dalla selezione dei fornitori di materie prime, all&#8217;uso di apparecchiature di collaudo avanzate per monitorare accuratamente l&#8217;intero processo di produzione, al prodotto finito attraverso molti cicli di campionamento severo e certificazione autorevole di terze parti, al sistema di controllo della qualit\u00e0 a tutto tondo e a tolleranza zero per garantire che ogni lotto di prodotti soddisfi e superi gli elevati standard del settore, per fornire ai nostri clienti la migliore qualit\u00e0 e i prodotti pi\u00f9 stabili.<\/p>\n<h2><span style=\"font-size: 14pt;\">Imballaggio e stoccaggio<\/span><\/h2>\n<p>La polvere di metallo di tulio \u00e8 confezionata in un sacchetto sottovuoto o in una bottiglia sottovuoto in cartone per garantire un trasporto sicuro.<\/p>\n<div class=\"message-box-content-wrapper-g6XZZQ\">\n<div class=\"message-content message-box-content-WoA7L1 receive-message-box-content-tsCcMM samantha-message-box-content-kHd1mL\" data-testid=\"message_content\">\n<div class=\"container-p6WrVu flow-markdown-body theme-samantha-_RgbJJ\" dir=\"ltr\" data-testid=\"message_text_content\" data-show-indicator=\"false\">\n<div class=\"auto-hide-last-sibling-br paragraph-z1iNZD paragraph-element br-paragraph-space\">Le polveri metalliche di tulio devono essere conservate in contenitori ermetici sottovuoto e conservate in un ambiente asciutto, fresco e ben ventilato per evitare reazioni con l&#8217;ossigeno e l&#8217;umidit\u00e0 nell&#8217;aria.<\/div>\n<\/div>\n<\/div>\n<\/div>\n","protected":false},"excerpt":{"rendered":"<p><span style=\"color: #0000ff;\"><a style=\"color: #0000ff;\" href=\"https:\/\/vimaterial.de\/it\/product\/tulio-metallico\/\">La polvere di metallo di tulio<\/a><\/span> \u00e8 una polvere di metallo di terre rare con lucentezza bianco-argento, consistenza morbida, duttilit\u00e0, facile da ossidare lentamente all&#8217;aria e pu\u00f2 essere utilizzata in molti campi come la medicina, il laser e la lavorazione dei materiali.<\/p>\n<p>VIMATERIAL fornisce polvere di Tm in varie specifiche e supporta il servizio di legatura del bersaglio. Accettiamo la personalizzazione dei prodotti, <span style=\"color: #0000ff;\"><a style=\"color: #0000ff;\" href=\"https:\/\/vimaterial.de\/it\/contatto\/\">contattaci.<\/a><\/span><\/p>\n<p>&nbsp;<\/p>\n","protected":false},"featured_media":1034518,"comment_status":"open","ping_status":"closed","template":"","meta":{"_acf_changed":false},"product_brand":[],"product_cat":[165],"product_tag":[],"class_list":{"0":"post-1029019","1":"product","2":"type-product","3":"status-publish","4":"has-post-thumbnail","6":"product_cat-senza-categoria","8":"first","9":"instock","10":"shipping-taxable","11":"purchasable","12":"product-type-variable"},"acf":[],"_links":{"self":[{"href":"https:\/\/vimaterial.de\/it\/wp-json\/wp\/v2\/product\/1029019","targetHints":{"allow":["GET"]}}],"collection":[{"href":"https:\/\/vimaterial.de\/it\/wp-json\/wp\/v2\/product"}],"about":[{"href":"https:\/\/vimaterial.de\/it\/wp-json\/wp\/v2\/types\/product"}],"replies":[{"embeddable":true,"href":"https:\/\/vimaterial.de\/it\/wp-json\/wp\/v2\/comments?post=1029019"}],"wp:featuredmedia":[{"embeddable":true,"href":"https:\/\/vimaterial.de\/it\/wp-json\/wp\/v2\/media\/1034518"}],"wp:attachment":[{"href":"https:\/\/vimaterial.de\/it\/wp-json\/wp\/v2\/media?parent=1029019"}],"wp:term":[{"taxonomy":"product_brand","embeddable":true,"href":"https:\/\/vimaterial.de\/it\/wp-json\/wp\/v2\/product_brand?post=1029019"},{"taxonomy":"product_cat","embeddable":true,"href":"https:\/\/vimaterial.de\/it\/wp-json\/wp\/v2\/product_cat?post=1029019"},{"taxonomy":"product_tag","embeddable":true,"href":"https:\/\/vimaterial.de\/it\/wp-json\/wp\/v2\/product_tag?post=1029019"}],"curies":[{"name":"wp","href":"https:\/\/api.w.org\/{rel}","templated":true}]}}