{"id":1029003,"date":"2024-06-17T16:16:18","date_gmt":"2024-06-17T08:16:18","guid":{"rendered":"https:\/\/vimaterial.de\/product\/tulio-metallico\/"},"modified":"2025-03-11T15:31:55","modified_gmt":"2025-03-11T07:31:55","slug":"tulio-metallico","status":"publish","type":"product","link":"https:\/\/vimaterial.de\/it\/product\/tulio-metallico\/","title":{"rendered":"Metallo di tulio"},"content":{"rendered":"<p>Il bersaglio per sputtering al <span style=\"color: #0000ff;\"><a style=\"color: #0000ff;\" href=\"https:\/\/vimaterial.de\/it\/product\/tulio-metallico-4\/\">tulio<\/a><\/span> \u00e8 realizzato in metallo tulio come componente principale per il rivestimento per sputtering attraverso un processo specifico. Ha le caratteristiche di elevata purezza, buona conducibilit\u00e0 elettrica e termica, struttura cristallina specifica e stabilit\u00e0 fisico-chimica, ecc. Pu\u00f2 fornire un rivestimento uniforme dell&#8217;elemento tulio per il materiale del substrato durante lo sputtering ed \u00e8 ampiamente utilizzato nei campi dell&#8217;elettronica, dell&#8217;ottica, ecc. Al fine di migliorare le prestazioni del materiale o di conferire funzioni speciali.<\/p>\n<p>VIMATERIAL fornisce il bersaglio sputtering Tm in varie specifiche e supporta il servizio di rilegatura del bersaglio. Accettiamo la personalizzazione dei prodotti, <span style=\"color: #0000ff;\"><a style=\"color: #0000ff;\" href=\"https:\/\/vimaterial.de\/it\/contatto\/\">contattaci.<\/a><\/span><\/p>\n<h2><span style=\"font-size: 14pt;\">Propriet\u00e0<\/span><\/h2>\n<p>Formula molecolare: Tm<\/p>\n<p>Peso molecolare: 168,93421<\/p>\n<p>Aspetto: bersaglio in metallo bianco-argento<\/p>\n<p>Densit\u00e0: 9,3208 g\/cm\u00b3 (20 \u00b0C)<\/p>\n<p>Punto di fusione: 1545\u00b0C<\/p>\n<p>Punto di ebollizione: 1947\u00b0C<\/p>\n<p>Struttura cristallina: sistema cristallino esagonale<\/p>\n<h2><span style=\"font-size: 14pt;\">Applicazioni<\/span><\/h2>\n<p>Campo dei semiconduttori: i bersagli di sputtering al tulio vengono utilizzati per preparare film sottili di semiconduttori nel processo di produzione di semiconduttori, questi film sottili sono importanti per le prestazioni e le prestazioni dei dispositivi a semiconduttore. Questi film svolgono un ruolo chiave nelle prestazioni e nell&#8217;affidabilit\u00e0 dei dispositivi a semiconduttore.<\/p>\n<p>Campo ottico: utilizzato nella produzione di pellicole ottiche, come pellicole di miglioramento della trasmittanza, pellicole riflettenti e cos\u00ec via. I bersagli sputtering di tulio metallico possono depositare film sottili con propriet\u00e0 ottiche specifiche sulla superficie degli elementi ottici, migliorando cos\u00ec le prestazioni degli elementi ottici.<\/p>\n<p>Campo di visualizzazione a schermo piatto: nella produzione di display a schermo piatto, come display a cristalli liquidi (LCD) e diodi organici a emissione di luce (OLED), i bersagli sputtering di tulio metallico possono essere utilizzati per preparare materiali per elettrodi e pellicole funzionali.<\/p>\n<p>Campo delle celle solari: pu\u00f2 essere utilizzato per preparare materiali a film sottile per celle solari, ad esempio, nelle celle solari a film sottile, il film semiconduttore formato dal rivestimento sputtering pu\u00f2 migliorare l&#8217;efficienza di conversione fotoelettrica delle celle solari.<\/p>\n<h2><span style=\"font-size: 14pt;\">Controllo qualit\u00e0<\/span><\/h2>\n<p><span style=\"color: #0000ff;\"><a style=\"color: #0000ff;\" href=\"https:\/\/vimaterial.de\/it\/controllo-qualita\/\">Ogni lotto<\/a><\/span> di prodotti protegge rigorosamente la qualit\u00e0, dalla selezione dei fornitori di materie prime, all&#8217;uso di apparecchiature di collaudo avanzate per monitorare accuratamente l&#8217;intero processo di produzione, al prodotto finito attraverso molti cicli di campionamento severo e certificazione autorevole di terze parti, al sistema di controllo della qualit\u00e0 a tutto tondo e a tolleranza zero per garantire che ogni lotto di prodotti soddisfi e superi gli elevati standard del settore, per fornire ai nostri clienti la migliore qualit\u00e0 e i prodotti pi\u00f9 stabili.<\/p>\n<h2><span style=\"font-size: 14pt;\">Imballaggio e stoccaggio<\/span><\/h2>\n<p>Il bersaglio per sputtering del tulio viene inscatolato dopo il doppio sacco a vuoto e confezionato in cartone esterno per garantire la sicurezza del trasporto.<\/p>\n<p>I bersagli per polverizzazione catodica al tulio devono essere conservati a una temperatura asciutta, pulita e adeguata (generalmente temperatura ambiente 15 \u00b0C -25 \u00b0C) e senza gas corrosivi nell&#8217;ambiente, devono essere confezionati in confezioni sottovuoto o contenitori sigillati per prevenire l&#8217;ossidazione e la contaminazione, lo stoccaggio deve essere evitato con oggetti appuntiti per evitare di graffiare la superficie del bersaglio.<\/p>\n","protected":false},"excerpt":{"rendered":"<p>Il bersaglio per sputtering al <span style=\"color: #0000ff;\"><a style=\"color: #0000ff;\" href=\"https:\/\/vimaterial.de\/it\/product\/tulio-metallico-4\/\">tulio<\/a><\/span> \u00e8 realizzato in metallo tulio come componente principale per il rivestimento per sputtering attraverso un processo specifico. Ha le caratteristiche di elevata purezza, buona conducibilit\u00e0 elettrica e termica, struttura cristallina specifica e stabilit\u00e0 fisico-chimica, ecc. Pu\u00f2 fornire un rivestimento uniforme dell&#8217;elemento tulio per il materiale del substrato durante lo sputtering ed \u00e8 ampiamente utilizzato nei campi dell&#8217;elettronica, dell&#8217;ottica, ecc. Al fine di migliorare le prestazioni del materiale o di conferire funzioni speciali.<\/p>\n<p>VIMATERIAL fornisce il bersaglio sputtering Tm in varie specifiche e supporta il servizio di rilegatura del bersaglio. Accettiamo la personalizzazione dei prodotti, <span style=\"color: #0000ff;\"><a style=\"color: #0000ff;\" href=\"https:\/\/vimaterial.de\/it\/contatto\/\">contattaci.<\/a><\/span><\/p>\n<p>&nbsp;<\/p>\n","protected":false},"featured_media":1034528,"comment_status":"open","ping_status":"closed","template":"","meta":{"_acf_changed":false},"product_brand":[],"product_cat":[197],"product_tag":[],"class_list":{"0":"post-1029003","1":"product","2":"type-product","3":"status-publish","4":"has-post-thumbnail","6":"product_cat-obiettivi-di-sputtering-planari","8":"first","9":"instock","10":"shipping-taxable","11":"product-type-variable"},"acf":[],"_links":{"self":[{"href":"https:\/\/vimaterial.de\/it\/wp-json\/wp\/v2\/product\/1029003","targetHints":{"allow":["GET"]}}],"collection":[{"href":"https:\/\/vimaterial.de\/it\/wp-json\/wp\/v2\/product"}],"about":[{"href":"https:\/\/vimaterial.de\/it\/wp-json\/wp\/v2\/types\/product"}],"replies":[{"embeddable":true,"href":"https:\/\/vimaterial.de\/it\/wp-json\/wp\/v2\/comments?post=1029003"}],"wp:featuredmedia":[{"embeddable":true,"href":"https:\/\/vimaterial.de\/it\/wp-json\/wp\/v2\/media\/1034528"}],"wp:attachment":[{"href":"https:\/\/vimaterial.de\/it\/wp-json\/wp\/v2\/media?parent=1029003"}],"wp:term":[{"taxonomy":"product_brand","embeddable":true,"href":"https:\/\/vimaterial.de\/it\/wp-json\/wp\/v2\/product_brand?post=1029003"},{"taxonomy":"product_cat","embeddable":true,"href":"https:\/\/vimaterial.de\/it\/wp-json\/wp\/v2\/product_cat?post=1029003"},{"taxonomy":"product_tag","embeddable":true,"href":"https:\/\/vimaterial.de\/it\/wp-json\/wp\/v2\/product_tag?post=1029003"}],"curies":[{"name":"wp","href":"https:\/\/api.w.org\/{rel}","templated":true}]}}