{"id":1028988,"date":"2024-06-17T16:16:19","date_gmt":"2024-06-17T08:16:19","guid":{"rendered":"https:\/\/vimaterial.de\/product\/ossido-di-tulio-3\/"},"modified":"2025-03-11T13:41:10","modified_gmt":"2025-03-11T05:41:10","slug":"ossido-di-tulio-3","status":"publish","type":"product","link":"https:\/\/vimaterial.de\/it\/product\/ossido-di-tulio-3\/","title":{"rendered":"Ossido di tulio"},"content":{"rendered":"<p>I granuli di <span style=\"color: #0000ff;\"><a style=\"color: #0000ff;\" href=\"https:\/\/vimaterial.de\/en\/product\/thulium-oxide-2\/\">ossido di tulio<\/a><\/span> sono un tipo di minuscole particelle solide composte da elementi di tulio e ossigeno con struttura cristallina e propriet\u00e0 chimiche specifiche, che possono produrre specie reattive dell&#8217;ossigeno sotto l&#8217;eccitazione della luce del vicino infrarosso e hanno potenziali applicazioni in ottica, medicina.<\/p>\n<p>VIMATERIAL fornisce granuli di ossido di tulio in varie specifiche e supporta il servizio di legatura del bersaglio. Accettiamo la personalizzazione dei prodotti<span style=\"color: #0000ff;\"><a style=\"color: #0000ff;\" href=\"https:\/\/vimaterial.de\/en\/contact-us\/\">, contattaci<\/a><\/span>. <\/p>\n<h2><span style=\"font-size: 14pt;\">Propriet\u00e0<\/span><\/h2>\n<p>Formula molecolare: Tm\u2082O\u2083<\/p>\n<p>Peso molecolare: 385,86<\/p>\n<p>Aspetto: granulo verde chiaro<\/p>\n<p>Densit\u00e0: 8,6 g\/cm\u00b3<\/p>\n<p>Struttura cristallina: Sistema cristallino cubico<\/p>\n<p>Solubilit\u00e0: Insolubile in acqua e acido freddo, solubile in acido diluito caldo e acido solforico caldo.<\/p>\n<h2><span style=\"font-size: 14pt;\">Applicazioni<\/span><\/h2>\n<p>Celle solari: le nanoparticelle di ossido di tulio possono assorbire efficacemente la luce solare e convertirla in elettricit\u00e0. Grazie alle sue piccole dimensioni delle particelle, \u00e8 in grado di penetrare nel substrato delle celle solari e migliorare l&#8217;efficienza di conversione fotoelettrica delle celle, che pu\u00f2 essere utilizzata nella produzione di caricabatterie solari altamente efficienti, alimentatori portatili e centrali solari su larga scala. <\/p>\n<p>Additivi per vetro: nella produzione del vetro, le particelle di ossido di tulio possono essere utilizzate come additivi per migliorare le propriet\u00e0 ottiche del vetro, come migliorare la trasmittanza del vetro, migliorare la saturazione del colore, ecc. Pu\u00f2 essere utilizzato nella produzione di parti in vetro per strumenti ottici come telescopi di alta qualit\u00e0 e lenti per microscopi. <\/p>\n<p>Materiali di registrazione magnetica: le nanoparticelle di ossido di tulio incorporate nei materiali di registrazione magnetica possono sfruttare la loro unica anisotropia e magnetostrizione dei cristalli magnetici per migliorare la coercitivit\u00e0 e la sensibilit\u00e0 di registrazione dei materiali, che possono essere applicate a dispositivi di archiviazione dati come dischi rigidi e nastri magnetici.<\/p>\n<p>Batterie agli ioni di litio: l&#8217;ossido di tulio ultrafine pu\u00f2 migliorare la stabilit\u00e0 del ciclo e le prestazioni di moltiplicazione delle batterie agli ioni di litio e prolungare la durata delle batterie, fornendo una nuova soluzione per il miglioramento delle prestazioni delle batterie agli ioni di litio.<\/p>\n<h2><span style=\"font-size: 14pt;\">Controllo qualit\u00e0<\/span><\/h2>\n<p><span style=\"color: #0000ff;\"><a style=\"color: #0000ff;\" href=\"https:\/\/vimaterial.de\/en\/quality-control\/\">Ogni lotto<\/a> <\/span>di prodotti protegge rigorosamente la qualit\u00e0, dalla selezione dei fornitori di materie prime, all&#8217;uso di apparecchiature di collaudo avanzate per monitorare accuratamente l&#8217;intero processo di produzione, al prodotto finito attraverso molti cicli di campionamento severo e certificazione autorevole di terze parti, al sistema di controllo della qualit\u00e0 a tutto tondo e a tolleranza zero per garantire che ogni lotto di prodotti soddisfi e superi gli elevati standard del settore,  per fornire ai nostri clienti la migliore qualit\u00e0 e i prodotti pi\u00f9 stabili.<\/p>\n<h2><span style=\"font-size: 14pt;\">Imballaggio e stoccaggio<\/span><\/h2>\n<p>I granuli di ossido di tulio sono confezionati in un sacchetto sottovuoto o in una bottiglia sottovuoto in cartone per garantire un trasporto sicuro.<\/p>\n<p>I granuli di ossido di tulio devono essere conservati in un ambiente asciutto, ben ventilato e fresco, sigillati in contenitori puliti, evitando il contatto con acidi, alcali, agenti riducenti forti e altre sostanze.<\/p>\n","protected":false},"excerpt":{"rendered":"<p>I granuli di <span style=\"color: #0000ff;\"><a style=\"color: #0000ff;\" href=\"https:\/\/vimaterial.de\/en\/product\/thulium-oxide-2\/\">ossido di tulio<\/a><\/span> sono un tipo di minuscole particelle solide composte da elementi di tulio e ossigeno con struttura cristallina e propriet\u00e0 chimiche specifiche, che possono produrre specie reattive dell&#8217;ossigeno sotto l&#8217;eccitazione della luce del vicino infrarosso e hanno potenziali applicazioni in ottica, medicina.<\/p>\n<p>VIMATERIAL fornisce granuli di ossido di tulio in varie specifiche e supporta il servizio di legatura del bersaglio. Accettiamo la personalizzazione dei prodotti<span style=\"color: #0000ff;\"><a style=\"color: #0000ff;\" href=\"https:\/\/vimaterial.de\/en\/contact-us\/\">, contattaci<\/a><\/span>. <\/p>\n<h2><\/h2>\n","protected":false},"featured_media":1034538,"comment_status":"open","ping_status":"closed","template":"","meta":{"_acf_changed":false},"product_brand":[],"product_cat":[198],"product_tag":[],"class_list":{"0":"post-1028988","1":"product","2":"type-product","3":"status-publish","4":"has-post-thumbnail","6":"product_cat-materiali-per-levaporazione","8":"first","9":"instock","10":"shipping-taxable","11":"product-type-variable"},"acf":[],"_links":{"self":[{"href":"https:\/\/vimaterial.de\/it\/wp-json\/wp\/v2\/product\/1028988","targetHints":{"allow":["GET"]}}],"collection":[{"href":"https:\/\/vimaterial.de\/it\/wp-json\/wp\/v2\/product"}],"about":[{"href":"https:\/\/vimaterial.de\/it\/wp-json\/wp\/v2\/types\/product"}],"replies":[{"embeddable":true,"href":"https:\/\/vimaterial.de\/it\/wp-json\/wp\/v2\/comments?post=1028988"}],"wp:featuredmedia":[{"embeddable":true,"href":"https:\/\/vimaterial.de\/it\/wp-json\/wp\/v2\/media\/1034538"}],"wp:attachment":[{"href":"https:\/\/vimaterial.de\/it\/wp-json\/wp\/v2\/media?parent=1028988"}],"wp:term":[{"taxonomy":"product_brand","embeddable":true,"href":"https:\/\/vimaterial.de\/it\/wp-json\/wp\/v2\/product_brand?post=1028988"},{"taxonomy":"product_cat","embeddable":true,"href":"https:\/\/vimaterial.de\/it\/wp-json\/wp\/v2\/product_cat?post=1028988"},{"taxonomy":"product_tag","embeddable":true,"href":"https:\/\/vimaterial.de\/it\/wp-json\/wp\/v2\/product_tag?post=1028988"}],"curies":[{"name":"wp","href":"https:\/\/api.w.org\/{rel}","templated":true}]}}