{"id":1028985,"date":"2024-06-17T16:16:18","date_gmt":"2024-06-17T08:16:18","guid":{"rendered":"https:\/\/vimaterial.de\/product\/nitrato-di-tulio-idrato\/"},"modified":"2025-03-11T15:15:43","modified_gmt":"2025-03-11T07:15:43","slug":"idrato-di-nitrato-di-tulio","status":"publish","type":"product","link":"https:\/\/vimaterial.de\/it\/product\/idrato-di-nitrato-di-tulio\/","title":{"rendered":"Idrato di nitrato di tulio"},"content":{"rendered":"<p>La polvere di idrato di nitrato di tulio \u00e8 una polvere cristallina verdastra facilmente deliquescente con la formula chimica Tm (NO\u2083)\u2083\u30fb5H\u2082O, che pu\u00f2 essere utilizzata nella produzione di intermedi composti di tulio, come reagente chimico, nella ricerca scientifica e in altri campi di applicazione.<\/p>\n<p>VIMATERIAL fornisce Tm(NO3)3\u00b7\u00a0 5H2O Polvere in varie specifiche e supporta il servizio di legatura del bersaglio. Accettiamo la personalizzazione dei prodotti, <span style=\"color: #0000ff;\"><a style=\"color: #0000ff;\" href=\"https:\/\/vimaterial.de\/it\/contatto\/\">contattaci<\/a><\/span>.<\/p>\n<h2><span style=\"font-size: 14pt;\">Propriet\u00e0<\/span><\/h2>\n<p>Formula molecolare: Tm(NO3)3\u00b7\u00a0 5H2O<\/p>\n<p>Peso molecolare: 445,035<\/p>\n<p>Aspetto: cristallo verde, facile da assorbire l&#8217;umidit\u00e0<\/p>\n<p>Solubilit\u00e0: Il nitrato di tulio idrato \u00e8 solubile in acqua ed etanolo ed \u00e8 deliquescente. Ci\u00f2 significa che assorbe facilmente l&#8217;umidit\u00e0 nell&#8217;aria, quindi deve essere mantenuto sigillato per evitare che l&#8217;umidit\u00e0 ne influisca sulle prestazioni e sulla qualit\u00e0.<\/p>\n<p>Stabilit\u00e0 termica: la polvere di nitrato di tulio idrato \u00e8 facile da decomporre quando riscaldata, in primo luogo perde acqua cristallina e produce nitrito, quindi l&#8217;ossido di tulio si otterr\u00e0 quando il riscaldamento viene continuato.<\/p>\n<h2><span style=\"font-size: 14pt;\">Applicazioni<\/span><\/h2>\n<p>Produzione di intermedi composti di tulio: \u00e8 un&#8217;importante materia prima per la preparazione di altri composti di tulio.<\/p>\n<p>Preparazione del catalizzatore: pu\u00f2 essere utilizzato nella preparazione di alcuni catalizzatori, sebbene non sia un catalizzatore comune per applicazioni su larga scala, pu\u00f2 avere un ruolo unico in alcune specifiche reazioni catalitiche.<\/p>\n<p>Analisi e rilevamento: pu\u00f2 essere utilizzato nell&#8217;analisi e nel rilevamento di determinate sostanze.<\/p>\n<h2><span style=\"font-size: 14pt;\">Controllo qualit\u00e0<\/span><\/h2>\n<p><span style=\"color: #0000ff;\"><a style=\"color: #0000ff;\" href=\"https:\/\/vimaterial.de\/it\/controllo-qualita\/\">Ogni lotto<\/a><\/span> di prodotti protegge rigorosamente la qualit\u00e0, dalla selezione dei fornitori di materie prime, all&#8217;uso di apparecchiature di collaudo avanzate per monitorare accuratamente l&#8217;intero processo di produzione, al prodotto finito attraverso molti cicli di campionamento severo e certificazione autorevole di terze parti, al sistema di controllo della qualit\u00e0 a tutto tondo e a tolleranza zero per garantire che ogni lotto di prodotti soddisfi e superi gli elevati standard del settore, per fornire ai nostri clienti la migliore qualit\u00e0 e i prodotti pi\u00f9 stabili.<\/p>\n<h2><span style=\"font-size: 14pt;\">Imballaggio e stoccaggio<\/span><\/h2>\n<p>La polvere di nitrato di tulio idrato \u00e8 confezionata in un sacchetto sottovuoto o in una bottiglia sottovuoto in cartone per garantire un trasporto sicuro.<\/p>\n<p>La polvere di nitrato di tulio idrato deve essere conservata in un luogo fresco, asciutto e ben ventilato, lontano da fonti di accensione, calore e materiali infiammabili e combustibili e deve essere tenuta sigillata per evitare che assorba umidit\u00e0 e reagisca con i componenti presenti nell&#8217;aria.<\/p>\n","protected":false},"excerpt":{"rendered":"<p>La polvere di idrato di nitrato di tulio \u00e8 una polvere cristallina verdastra facilmente deliquescente con la formula chimica Tm (NO\u2083)\u2083\u30fb5H\u2082O, che pu\u00f2 essere utilizzata nella produzione di intermedi composti di tulio, come reagente chimico, nella ricerca scientifica e in altri campi di applicazione.<\/p>\n<p>VIMATERIAL fornisce Tm(NO3)3\u00b7\u00a0 5H2O Polvere in varie specifiche e supporta il servizio di legatura del bersaglio. Accettiamo la personalizzazione dei prodotti, <span style=\"color: #0000ff;\"><a style=\"color: #0000ff;\" href=\"https:\/\/vimaterial.de\/it\/contatto\/\">contattaci<\/a><\/span>.<\/p>\n","protected":false},"featured_media":1042562,"comment_status":"open","ping_status":"closed","template":"","meta":{"_acf_changed":false},"product_brand":[],"product_cat":[203],"product_tag":[],"class_list":{"0":"post-1028985","1":"product","2":"type-product","3":"status-publish","4":"has-post-thumbnail","6":"product_cat-materiali-per-terre-rare","8":"first","9":"instock","10":"shipping-taxable","11":"purchasable","12":"product-type-variable"},"acf":[],"_links":{"self":[{"href":"https:\/\/vimaterial.de\/it\/wp-json\/wp\/v2\/product\/1028985","targetHints":{"allow":["GET"]}}],"collection":[{"href":"https:\/\/vimaterial.de\/it\/wp-json\/wp\/v2\/product"}],"about":[{"href":"https:\/\/vimaterial.de\/it\/wp-json\/wp\/v2\/types\/product"}],"replies":[{"embeddable":true,"href":"https:\/\/vimaterial.de\/it\/wp-json\/wp\/v2\/comments?post=1028985"}],"wp:featuredmedia":[{"embeddable":true,"href":"https:\/\/vimaterial.de\/it\/wp-json\/wp\/v2\/media\/1042562"}],"wp:attachment":[{"href":"https:\/\/vimaterial.de\/it\/wp-json\/wp\/v2\/media?parent=1028985"}],"wp:term":[{"taxonomy":"product_brand","embeddable":true,"href":"https:\/\/vimaterial.de\/it\/wp-json\/wp\/v2\/product_brand?post=1028985"},{"taxonomy":"product_cat","embeddable":true,"href":"https:\/\/vimaterial.de\/it\/wp-json\/wp\/v2\/product_cat?post=1028985"},{"taxonomy":"product_tag","embeddable":true,"href":"https:\/\/vimaterial.de\/it\/wp-json\/wp\/v2\/product_tag?post=1028985"}],"curies":[{"name":"wp","href":"https:\/\/api.w.org\/{rel}","templated":true}]}}