{"id":1028973,"date":"2024-06-17T16:08:36","date_gmt":"2024-06-17T08:08:36","guid":{"rendered":"https:\/\/vimaterial.de\/product\/ossido-di-samario-4\/"},"modified":"2024-10-24T10:51:17","modified_gmt":"2024-10-24T02:51:17","slug":"ossido-di-samario-4","status":"publish","type":"product","link":"https:\/\/vimaterial.de\/it\/product\/ossido-di-samario-4\/","title":{"rendered":"Ossido di samario"},"content":{"rendered":"<p>La polvere di ossido di samario \u00e8 un importante ossido di terre rare.<\/p>\n<h3>Informazioni di base:<\/h3>\n<p>Formula chimica: Sm\u2082O\u2083, composto da elementi samario (Sm) e ossigeno (O).<\/p>\n<p>Peso molecolare: 348,80.<\/p>\n<p>N. CAS: 12060-58-1.<\/p>\n<p>Aspetto: polvere solitamente giallo chiaro.<\/p>\n<p>Densit\u00e0: La densit\u00e0 relativa \u00e8 elevata, circa 8.347 g\/cm\u00b3.<\/p>\n<p>Punto di fusione: alto punto di fusione, circa 2335\u00b0C.<\/p>\n<p>Solubilit\u00e0: insolubile in acqua, ma solubile in acidi inorganici.<\/p>\n<h3>Propriet\u00e0 chimiche:<\/h3>\n<p>Stabilit\u00e0: relativamente stabile a temperatura e pressione ambiente, ma assorbe facilmente l&#8217;anidride carbonica e l&#8217;acqua nell&#8217;aria.<\/p>\n<p>Propriet\u00e0 ossidanti: l&#8217;ossido di samario pu\u00f2 mostrare determinate propriet\u00e0 ossidanti in determinate condizioni.<\/p>\n<h3>Utilizzazioni:<\/h3>\n<p>Nel campo dei materiali magnetici permanenti: l&#8217;ossido di samario pu\u00f2 essere utilizzato per preparare il magnete permanente al samario cobalto, che ha elevate propriet\u00e0 magnetiche ed \u00e8 ampiamente utilizzato nei campi dei motori elettrici e delle apparecchiature elettroniche.<\/p>\n<p>Campo del vetro ottico: utilizzato come additivi per il vetro assorbente ottico e infrarosso, che pu\u00f2 assorbire la radiazione infrarossa e utilizzato per realizzare vetri ottici speciali.<\/p>\n<p>Campo del catalizzatore: Pu\u00f2 essere utilizzato come catalizzatore o vettore del catalizzatore per alcune reazioni chimiche, come la reazione di disidratazione e deidrogenazione degli alcoli.<\/p>\n","protected":false},"excerpt":{"rendered":"<p>La polvere di ossido di samario \u00e8 un importante ossido di terre rare.<\/p>\n<p>Nel campo dei materiali magnetici permanenti: pu\u00f2 essere utilizzato per preparare il magnete permanente al samario cobalto, che ha elevate propriet\u00e0 magnetiche ed \u00e8 ampiamente utilizzato nei campi dei motori elettrici e delle apparecchiature elettroniche.<\/p>\n<p>Campo del vetro ottico: utilizzato come additivi per il vetro assorbente ottico e infrarosso, che pu\u00f2 assorbire la radiazione infrarossa e utilizzato per realizzare vetri ottici speciali.<\/p>\n","protected":false},"featured_media":1034203,"comment_status":"open","ping_status":"closed","template":"","meta":{"_acf_changed":false},"product_brand":[],"product_cat":[205,203],"product_tag":[],"class_list":{"0":"post-1028973","1":"product","2":"type-product","3":"status-publish","4":"has-post-thumbnail","6":"product_cat-materiali-ossidi-idrossidi","7":"product_cat-materiali-per-terre-rare","9":"first","10":"instock","11":"shipping-taxable","12":"purchasable","13":"product-type-variable"},"acf":[],"_links":{"self":[{"href":"https:\/\/vimaterial.de\/it\/wp-json\/wp\/v2\/product\/1028973","targetHints":{"allow":["GET"]}}],"collection":[{"href":"https:\/\/vimaterial.de\/it\/wp-json\/wp\/v2\/product"}],"about":[{"href":"https:\/\/vimaterial.de\/it\/wp-json\/wp\/v2\/types\/product"}],"replies":[{"embeddable":true,"href":"https:\/\/vimaterial.de\/it\/wp-json\/wp\/v2\/comments?post=1028973"}],"wp:featuredmedia":[{"embeddable":true,"href":"https:\/\/vimaterial.de\/it\/wp-json\/wp\/v2\/media\/1034203"}],"wp:attachment":[{"href":"https:\/\/vimaterial.de\/it\/wp-json\/wp\/v2\/media?parent=1028973"}],"wp:term":[{"taxonomy":"product_brand","embeddable":true,"href":"https:\/\/vimaterial.de\/it\/wp-json\/wp\/v2\/product_brand?post=1028973"},{"taxonomy":"product_cat","embeddable":true,"href":"https:\/\/vimaterial.de\/it\/wp-json\/wp\/v2\/product_cat?post=1028973"},{"taxonomy":"product_tag","embeddable":true,"href":"https:\/\/vimaterial.de\/it\/wp-json\/wp\/v2\/product_tag?post=1028973"}],"curies":[{"name":"wp","href":"https:\/\/api.w.org\/{rel}","templated":true}]}}