{"id":1028922,"date":"2024-06-17T16:16:19","date_gmt":"2024-06-17T08:16:19","guid":{"rendered":"https:\/\/vimaterial.de\/product\/ossido-di-tulio-2\/"},"modified":"2025-03-25T14:38:22","modified_gmt":"2025-03-25T06:38:22","slug":"ossido-di-tulio-2","status":"publish","type":"product","link":"https:\/\/vimaterial.de\/it\/product\/ossido-di-tulio-2\/","title":{"rendered":"Ossido di tulio"},"content":{"rendered":"<p>Il bersaglio per sputtering con <span style=\"color: #0000ff;\"><a style=\"color: #0000ff;\" href=\"https:\/\/vimaterial.de\/it\/product\/ossido-di-tulio-3\/\">ossido di tulio<\/a><\/span> \u00e8 un materiale chiave utilizzato nello sputtering con magnetron e in altri processi di rivestimento. \u00c8 realizzato in ossido di tulio ad alta purezza e pu\u00f2 essere utilizzato per depositare film sottili contenenti tulio su substrati, che vengono utilizzati in molti campi high-tech come semiconduttori, ottica.<\/p>\n<p>VIMATERIAL fornisce il bersaglio sputtering Tm2O3 in varie specifiche e supporta il servizio di rilegatura del bersaglio. Accettiamo la personalizzazione dei prodotti, <span style=\"color: #0000ff;\"><a style=\"color: #0000ff;\" href=\"https:\/\/vimaterial.de\/it\/contatto\/\">contattaci<\/a><\/span>.<\/p>\n<h2><span style=\"font-size: 14pt;\">Propriet\u00e0<\/span><\/h2>\n<p>Formula molecolare: Tm\u2082O\u2083<\/p>\n<p>Peso molecolare: 385,86<\/p>\n<p>Aspetto: bersaglio bianco o giallo chiaro<\/p>\n<p>Densit\u00e0: 8,6 g\/cm\u00b3<\/p>\n<p>Punto di fusione: 2425\u00b0C<\/p>\n<p>Struttura cristallina: Sistema cristallino cubico<\/p>\n<h2><span style=\"font-size: 14pt;\">Applicazioni<\/span><\/h2>\n<p>Rivestimento ottico: i bersagli sputtering di ossido di tulio possono essere utilizzati per preparare una variet\u00e0 di pellicole ottiche, come pellicole per il miglioramento della trasmittanza, pellicole riflettenti e pellicole filtranti. Queste pellicole possono essere applicate a lenti ottiche, lenti per occhiali, strumenti ottici e altre apparecchiature per migliorare le prestazioni dei componenti ottici.<\/p>\n<p>Display a schermo piatto: pu\u00f2 essere utilizzato nella produzione di display a schermo piatto, come display a cristalli liquidi (LCD), diodi organici a emissione di luce (OLED) e cos\u00ec via. In questi display, i film sottili di ossido di tulio possono essere utilizzati come materiali per elettrodi, materiali che emettono luce, ecc. per migliorare le prestazioni del display e la durata dei display.<\/p>\n<p>Biomedico: in campo biomedico, i bersagli sputtering di ossido di tulio possono essere utilizzati per la preparazione di biosensori, materiali di impianto medici e cos\u00ec via.<\/p>\n<h2><span style=\"font-size: 14pt;\">Controllo qualit\u00e0<\/span><\/h2>\n<p><span style=\"color: #0000ff;\"><a style=\"color: #0000ff;\" href=\"https:\/\/vimaterial.de\/it\/controllo-qualita\/\">Ogni lotto<\/a><\/span> di prodotti protegge rigorosamente la qualit\u00e0, dalla selezione dei fornitori di materie prime, all&#8217;uso di apparecchiature di collaudo avanzate per monitorare accuratamente l&#8217;intero processo di produzione, al prodotto finito attraverso molti cicli di campionamento severo e certificazione autorevole di terze parti, al sistema di controllo della qualit\u00e0 a tutto tondo e a tolleranza zero per garantire che ogni lotto di prodotti soddisfi e superi gli elevati standard del settore, per fornire ai nostri clienti la migliore qualit\u00e0 e i prodotti pi\u00f9 stabili.<\/p>\n<h2><span style=\"font-size: 14pt;\">Imballaggio e stoccaggio<\/span><\/h2>\n<p>Il bersaglio di sputtering dell&#8217;ossido di tulio viene inscatolato dopo il doppio sacco a vuoto e confezionato in cartone esterno per garantire la sicurezza del trasporto.<\/p>\n<p>I bersagli sputtering di ossido di tulio devono essere conservati in un ambiente asciutto, pulito e adatto alla temperatura, sigillati in confezioni sottovuoto o sacchetti con chiusura lampo, evitando il contatto con aria, umidit\u00e0, solventi organici e sostanze chimiche corrosive e prevenendo danni meccanici come collisione ed estrusione.<\/p>\n","protected":false},"excerpt":{"rendered":"<p>Il bersaglio per sputtering con <span style=\"color: #0000ff;\"><a style=\"color: #0000ff;\" href=\"https:\/\/vimaterial.de\/en\/product\/thulium-oxide\/\">ossido di tulio<\/a><\/span> \u00e8 un materiale chiave utilizzato nello sputtering con magnetron e in altri processi di rivestimento. \u00c8 realizzato in ossido di tulio ad alta purezza e pu\u00f2 essere utilizzato per depositare film sottili contenenti tulio su substrati, che vengono utilizzati in molti campi high-tech come semiconduttori, ottica.<\/p>\n<p>VIMATERIAL fornisce il bersaglio sputtering Tm2O3 in varie specifiche e supporta il servizio di rilegatura del bersaglio. Accettiamo la personalizzazione dei prodotti, <span style=\"color: #0000ff;\"><a style=\"color: #0000ff;\" href=\"https:\/\/vimaterial.de\/it\/contatto\/\">contattaci<\/a><\/span>.<\/p>\n","protected":false},"featured_media":1034548,"comment_status":"open","ping_status":"closed","template":"","meta":{"_acf_changed":false},"product_brand":[],"product_cat":[197],"product_tag":[],"class_list":{"0":"post-1028922","1":"product","2":"type-product","3":"status-publish","4":"has-post-thumbnail","6":"product_cat-obiettivi-di-sputtering-planari","8":"first","9":"instock","10":"shipping-taxable","11":"product-type-variable"},"acf":[],"_links":{"self":[{"href":"https:\/\/vimaterial.de\/it\/wp-json\/wp\/v2\/product\/1028922","targetHints":{"allow":["GET"]}}],"collection":[{"href":"https:\/\/vimaterial.de\/it\/wp-json\/wp\/v2\/product"}],"about":[{"href":"https:\/\/vimaterial.de\/it\/wp-json\/wp\/v2\/types\/product"}],"replies":[{"embeddable":true,"href":"https:\/\/vimaterial.de\/it\/wp-json\/wp\/v2\/comments?post=1028922"}],"wp:featuredmedia":[{"embeddable":true,"href":"https:\/\/vimaterial.de\/it\/wp-json\/wp\/v2\/media\/1034548"}],"wp:attachment":[{"href":"https:\/\/vimaterial.de\/it\/wp-json\/wp\/v2\/media?parent=1028922"}],"wp:term":[{"taxonomy":"product_brand","embeddable":true,"href":"https:\/\/vimaterial.de\/it\/wp-json\/wp\/v2\/product_brand?post=1028922"},{"taxonomy":"product_cat","embeddable":true,"href":"https:\/\/vimaterial.de\/it\/wp-json\/wp\/v2\/product_cat?post=1028922"},{"taxonomy":"product_tag","embeddable":true,"href":"https:\/\/vimaterial.de\/it\/wp-json\/wp\/v2\/product_tag?post=1028922"}],"curies":[{"name":"wp","href":"https:\/\/api.w.org\/{rel}","templated":true}]}}