{"id":1028914,"date":"2024-06-17T16:16:19","date_gmt":"2024-06-17T08:16:19","guid":{"rendered":"https:\/\/vimaterial.de\/product\/ossido-di-tulio\/"},"modified":"2025-03-11T13:57:28","modified_gmt":"2025-03-11T05:57:28","slug":"ossido-di-tulio","status":"publish","type":"product","link":"https:\/\/vimaterial.de\/it\/product\/ossido-di-tulio\/","title":{"rendered":"Ossido di tulio"},"content":{"rendered":"<p>La polvere di <span style=\"color: #0000ff;\"><a style=\"color: #0000ff;\" href=\"https:\/\/vimaterial.de\/it\/product\/ossido-di-tulio-3\/\">ossido di tulio<\/a><\/span> \u00e8 una polvere di ossido di terre rare biancastra e insolubile in acqua che si dissolve lentamente in acidi forti, cambia colore quando viene riscaldata e ha una variet\u00e0 di applicazioni: additivi per vetro, materiali per il controllo dei reattori.<\/p>\n<p>VIMATERIAL fornisce polvere di Tm2O3 in varie specifiche e supporta il servizio di legatura del bersaglio. Accettiamo la personalizzazione dei prodotti,<span style=\"color: #0000ff;\"><a style=\"color: #0000ff;\" href=\"https:\/\/vimaterial.de\/it\/contatto\/\"> contattaci.<\/a><\/span><\/p>\n<h2><span style=\"font-size: 14pt;\">Propriet\u00e0<\/span><\/h2>\n<p>Formula molecolare: Tm\u2082O\u2083<\/p>\n<p>Peso molecolare: 385,86<\/p>\n<p>Aspetto: polvere bianco sporco<\/p>\n<p>Densit\u00e0: 8,6 g\/cm\u00b3<\/p>\n<p>Punto di fusione: 2425\u00b0C<\/p>\n<p>Struttura cristallina: Sistema cristallino cubico<\/p>\n<p>Solubilit\u00e0: la polvere di ossido di tulio \u00e8 insolubile in acqua e acido freddo, solubile in acido diluito caldo e acido solforico caldo.<\/p>\n<h2><span style=\"font-size: 14pt;\">Applicazioni<\/span><\/h2>\n<p>Materiali elettronici: la polvere di Tm\u2082O\u2083, come importante ossido di terre rare, viene spesso utilizzata nel campo dei materiali elettronici per produrre componenti elettronici ad alte prestazioni, come nei dispositivi a semiconduttore per migliorare le propriet\u00e0 elettriche del materiale e migliorare l&#8217;efficienza e la stabilit\u00e0 dei componenti. Nel campo dei materiali elettronici, viene spesso utilizzato nella produzione di componenti elettronici ad alte prestazioni.<\/p>\n<p>Campo ottico: con propriet\u00e0 ottiche uniche, la polvere di Tm\u2082O\u2083 \u00e8 ampiamente utilizzata nel campo ottico, pu\u00f2 essere utilizzata nella preparazione di materiali in vetro e ceramica con propriet\u00e0 ottiche speciali, utilizzata in amplificatori in fibra ottica, cristalli laser, ecc., Per migliorare significativamente la trasmissione del segnale ottico e l&#8217;efficienza di conversione.<\/p>\n<p>Catalizzatori: la polvere di Tm\u2082O\u2083 mostra un potenziale nel campo dei catalizzatori, come componente di catalizzatori o vettori di catalizzatori, pu\u00f2 promuovere efficacemente la reazione chimica, come in alcune reazioni di sintesi organica, pu\u00f2 migliorare la velocit\u00e0 di reazione e la selettivit\u00e0 del prodotto target.<\/p>\n<p>Materiali magnetici: la polvere di Tm\u2082O\u2083 viene utilizzata nel campo dei materiali magnetici a causa del suo effetto sul magnetismo. Se aggiunta a leghe magnetiche o compositi, la polvere di Tm\u2082O\u2083 \u00e8 in grado di regolare le propriet\u00e0 magnetiche del materiale per soddisfare le esigenze di diversi scenari applicativi magnetici.<\/p>\n<h2><span style=\"font-size: 14pt;\">Controllo qualit\u00e0<\/span><\/h2>\n<p><a href=\"https:\/\/vimaterial.de\/it\/controllo-qualita\/\"><span style=\"color: #0000ff;\">Ogni lotto<\/span><\/a> di prodotti protegge rigorosamente la qualit\u00e0, dalla selezione dei fornitori di materie prime, all&#8217;uso di apparecchiature di collaudo avanzate per monitorare accuratamente l&#8217;intero processo di produzione, al prodotto finito attraverso molti cicli di campionamento severo e certificazione autorevole di terze parti, al sistema di controllo della qualit\u00e0 a tutto tondo e a tolleranza zero per garantire che ogni lotto di prodotti soddisfi e superi gli elevati standard del settore, per fornire ai nostri clienti la migliore qualit\u00e0 e i prodotti pi\u00f9 stabili.<\/p>\n<h2><span style=\"font-size: 14pt;\">Imballaggio e stoccaggio<\/span><\/h2>\n<p>La polvere di ossido di tulio \u00e8 confezionata in un sacchetto sottovuoto o in una bottiglia sottovuoto in cartone per garantire un trasporto sicuro.<\/p>\n<p>La polvere di ossido di tulio deve essere conservata in un ambiente fresco, asciutto e ventilato in contenitori sigillati protetti da gas inerte o sacchetti a prova di umidit\u00e0, evitando il contatto con aria, umidit\u00e0 e sostanze corrosive come acidi e alcali, nonch\u00e9 lontano da fonti di calore e fuoco.<\/p>\n","protected":false},"excerpt":{"rendered":"<p>La polvere di <span style=\"color: #0000ff;\"><a style=\"color: #0000ff;\" href=\"https:\/\/vimaterial.de\/it\/product\/ossido-di-tulio-3\/\">ossido di tulio<\/a><\/span> \u00e8 una polvere di ossido di terre rare biancastra e insolubile in acqua che si dissolve lentamente in acidi forti, cambia colore quando viene riscaldata e ha una variet\u00e0 di applicazioni: additivi per vetro, materiali per il controllo dei reattori.<\/p>\n<p>VIMATERIAL fornisce polvere di Tm2O3 in varie specifiche e supporta il servizio di legatura del bersaglio. Accettiamo la personalizzazione dei prodotti,<span style=\"color: #0000ff;\"><a style=\"color: #0000ff;\" href=\"https:\/\/vimaterial.de\/it\/contatto\/\"> contattaci.<\/a><\/span><\/p>\n<p>&nbsp;<\/p>\n<h2><\/h2>\n","protected":false},"featured_media":1034543,"comment_status":"open","ping_status":"closed","template":"","meta":{"_acf_changed":false},"product_brand":[],"product_cat":[205,203],"product_tag":[],"class_list":{"0":"post-1028914","1":"product","2":"type-product","3":"status-publish","4":"has-post-thumbnail","6":"product_cat-materiali-ossidi-idrossidi","7":"product_cat-materiali-per-terre-rare","9":"first","10":"instock","11":"shipping-taxable","12":"purchasable","13":"product-type-variable"},"acf":[],"_links":{"self":[{"href":"https:\/\/vimaterial.de\/it\/wp-json\/wp\/v2\/product\/1028914","targetHints":{"allow":["GET"]}}],"collection":[{"href":"https:\/\/vimaterial.de\/it\/wp-json\/wp\/v2\/product"}],"about":[{"href":"https:\/\/vimaterial.de\/it\/wp-json\/wp\/v2\/types\/product"}],"replies":[{"embeddable":true,"href":"https:\/\/vimaterial.de\/it\/wp-json\/wp\/v2\/comments?post=1028914"}],"wp:featuredmedia":[{"embeddable":true,"href":"https:\/\/vimaterial.de\/it\/wp-json\/wp\/v2\/media\/1034543"}],"wp:attachment":[{"href":"https:\/\/vimaterial.de\/it\/wp-json\/wp\/v2\/media?parent=1028914"}],"wp:term":[{"taxonomy":"product_brand","embeddable":true,"href":"https:\/\/vimaterial.de\/it\/wp-json\/wp\/v2\/product_brand?post=1028914"},{"taxonomy":"product_cat","embeddable":true,"href":"https:\/\/vimaterial.de\/it\/wp-json\/wp\/v2\/product_cat?post=1028914"},{"taxonomy":"product_tag","embeddable":true,"href":"https:\/\/vimaterial.de\/it\/wp-json\/wp\/v2\/product_tag?post=1028914"}],"curies":[{"name":"wp","href":"https:\/\/api.w.org\/{rel}","templated":true}]}}