{"id":1028876,"date":"2024-06-17T16:19:47","date_gmt":"2024-06-17T08:19:47","guid":{"rendered":"https:\/\/vimaterial.de\/product\/solfato-di-tulio-idrato\/"},"modified":"2025-03-11T11:12:58","modified_gmt":"2025-03-11T03:12:58","slug":"solfato-di-tulio-idrato","status":"publish","type":"product","link":"https:\/\/vimaterial.de\/it\/product\/solfato-di-tulio-idrato\/","title":{"rendered":"Solfato di tulio idrato"},"content":{"rendered":"<p>La polvere di solfato di tulio idrato \u00e8 una polvere di solfato di metalli di terre rare che di solito \u00e8 di colore verde chiaro, ha acqua di cristallizzazione, \u00e8 igroscopica e pu\u00f2 essere utilizzata come potenziale applicazione in materiali ottici, catalizzatori e altri campi.<\/p>\n<p>VIMATERIAL fornisce Tm2(SO4)3\u00b7 xH2O Polvere in varie specifiche e supporta il servizio di legatura del bersaglio. Accettiamo la personalizzazione dei prodotti, <span style=\"color: #0000ff;\"><a style=\"color: #0000ff;\" href=\"https:\/\/vimaterial.de\/it\/contatto\/\">contattaci<\/a><\/span>.<\/p>\n<h2><span style=\"font-size: 14pt;\">Propriet\u00e0<\/span><\/h2>\n<p>Formula molecolare: Tm2(SO4)3\u00b7 xH2O<\/p>\n<p>Aspetto: cristallo verde chiaro<\/p>\n<p>Solubilit\u00e0: la polvere di idrato di solfato di tulio \u00e8 solubile in acqua, moderatamente solubile in acidi inorganici forti, ad esempio, in una grande quantit\u00e0 di acqua pu\u00f2 essere disciolta per formare una soluzione acquosa corrispondente, ma nei solventi organici la solubilit\u00e0 \u00e8 scarsa.<\/p>\n<p>Igroscopicit\u00e0: igroscopico, assorbe facilmente l&#8217;umidit\u00e0 nell&#8217;aria, quindi deve essere conservato in un ambiente asciutto.<\/p>\n<p>Stabilit\u00e0: la polvere di idrato di solfato di tulio \u00e8 relativamente stabile a temperatura e pressione ambiente, ma il contatto con agenti ossidanti forti dovrebbe essere evitato per evitare reazioni di ossidoriduzione che ne compromettano la stabilit\u00e0.<\/p>\n<h2><span style=\"font-size: 14pt;\">Applicazioni<\/span><\/h2>\n<p>Ricerca scientifica: come composto di metalli delle terre rare, la polvere di idrato di solfato di tulio viene spesso utilizzata negli esperimenti di ricerca scientifica ed \u00e8 un importante oggetto di ricerca, che pu\u00f2 essere utilizzato per esplorare le propriet\u00e0 fisiche e chimiche dei metalli delle terre rare, nonch\u00e9 il relativo meccanismo di reazione chimica.<\/p>\n<p>Ricerca biochimica: come reagente speciale nella ricerca biochimica, la polvere di idrato di solfato di tulio viene utilizzata per analizzare determinate molecole biologiche o cambiamenti di materiali nei processi biologici, fornendo un certo supporto tecnico per la ricerca nelle scienze della vita.<\/p>\n<p>Campo catalizzatore: pu\u00f2 avere un effetto catalitico in alcune reazioni chimiche. Sebbene la ricerca e l&#8217;applicazione correlate siano ancora in fase esplorativa, come composto di metalli delle terre rare, ha un certo valore applicativo potenziale nel campo della catalisi.<\/p>\n<h2><span style=\"font-size: 14pt;\">Controllo qualit\u00e0<\/span><\/h2>\n<p><span style=\"color: #0000ff;\"><a style=\"color: #0000ff;\" href=\"https:\/\/vimaterial.de\/it\/controllo-qualita\/\">Ogni lotto<\/a><\/span> di prodotti protegge rigorosamente la qualit\u00e0, dalla selezione dei fornitori di materie prime, all&#8217;uso di apparecchiature di collaudo avanzate per monitorare accuratamente l&#8217;intero processo di produzione, al prodotto finito attraverso molti cicli di campionamento severo e certificazione autorevole di terze parti, al sistema di controllo della qualit\u00e0 a tutto tondo e a tolleranza zero per garantire che ogni lotto di prodotti soddisfi e superi gli elevati standard del settore, per fornire ai nostri clienti la migliore qualit\u00e0 e i prodotti pi\u00f9 stabili.<\/p>\n<h2><span style=\"font-size: 14pt;\">Imballaggio e stoccaggio<\/span><\/h2>\n<p>La polvere di idrato di solfato di tulio \u00e8 confezionata in un sacchetto sottovuoto o in un flacone sottovuoto in cartone per garantire un trasporto sicuro.<\/p>\n<p>La polvere di idrato di solfato di tulio deve essere conservata in un ambiente asciutto, a bassa temperatura, ben ventilato, sigillata ermeticamente in contenitori resistenti all&#8217;umidit\u00e0, evitando il contatto con agenti ossidanti forti, acidi forti, basi forti, ecc., per prevenirne il deterioramento dovuto all&#8217;umidit\u00e0 e alle reazioni chimiche.<\/p>\n","protected":false},"excerpt":{"rendered":"<p>La polvere di solfato di tulio idrato \u00e8 una polvere di solfato di metalli di terre rare che di solito \u00e8 di colore verde chiaro, ha acqua di cristallizzazione, \u00e8 igroscopica e pu\u00f2 essere utilizzata come potenziale applicazione in materiali ottici, catalizzatori e altri campi.<\/p>\n<p>VIMATERIAL fornisce Tm2(SO4)3\u00b7 xH2O Polvere in varie specifiche e supporta il servizio di legatura del bersaglio. Accettiamo la personalizzazione dei prodotti, <span style=\"color: #0000ff;\"><a style=\"color: #0000ff;\" href=\"https:\/\/vimaterial.de\/it\/contatto\/\">contattaci<\/a><\/span>.<\/p>\n","protected":false},"featured_media":1038313,"comment_status":"open","ping_status":"closed","template":"","meta":{"_acf_changed":false},"product_brand":[],"product_cat":[203],"product_tag":[],"class_list":{"0":"post-1028876","1":"product","2":"type-product","3":"status-publish","4":"has-post-thumbnail","6":"product_cat-materiali-per-terre-rare","8":"first","9":"instock","10":"shipping-taxable","11":"purchasable","12":"product-type-variable"},"acf":[],"_links":{"self":[{"href":"https:\/\/vimaterial.de\/it\/wp-json\/wp\/v2\/product\/1028876","targetHints":{"allow":["GET"]}}],"collection":[{"href":"https:\/\/vimaterial.de\/it\/wp-json\/wp\/v2\/product"}],"about":[{"href":"https:\/\/vimaterial.de\/it\/wp-json\/wp\/v2\/types\/product"}],"replies":[{"embeddable":true,"href":"https:\/\/vimaterial.de\/it\/wp-json\/wp\/v2\/comments?post=1028876"}],"wp:featuredmedia":[{"embeddable":true,"href":"https:\/\/vimaterial.de\/it\/wp-json\/wp\/v2\/media\/1038313"}],"wp:attachment":[{"href":"https:\/\/vimaterial.de\/it\/wp-json\/wp\/v2\/media?parent=1028876"}],"wp:term":[{"taxonomy":"product_brand","embeddable":true,"href":"https:\/\/vimaterial.de\/it\/wp-json\/wp\/v2\/product_brand?post=1028876"},{"taxonomy":"product_cat","embeddable":true,"href":"https:\/\/vimaterial.de\/it\/wp-json\/wp\/v2\/product_cat?post=1028876"},{"taxonomy":"product_tag","embeddable":true,"href":"https:\/\/vimaterial.de\/it\/wp-json\/wp\/v2\/product_tag?post=1028876"}],"curies":[{"name":"wp","href":"https:\/\/api.w.org\/{rel}","templated":true}]}}