{"id":1028856,"date":"2024-06-17T16:19:47","date_gmt":"2024-06-17T08:19:47","guid":{"rendered":"https:\/\/vimaterial.de\/product\/cloruro-di-tulio\/"},"modified":"2025-03-11T13:29:34","modified_gmt":"2025-03-11T05:29:34","slug":"cloruro-di-tulio","status":"publish","type":"product","link":"https:\/\/vimaterial.de\/it\/product\/cloruro-di-tulio\/","title":{"rendered":"Cloruro di tulio"},"content":{"rendered":"<p>La polvere di cloruro di tulio \u00e8 un cloruro di metallo delle terre rare con un aspetto cristallino solitamente verde, igroscopico, solubile in acqua e applicazioni in ceramica, vetro, fosfori, laser e amplificatori a fibre ottiche.<\/p>\n<p>VIMATERIAL fornisce polvere di TmCl3 in varie specifiche e supporta il servizio di legatura del bersaglio. Accettiamo la personalizzazione dei prodotti, <span style=\"color: #0000ff;\"><a style=\"color: #0000ff;\" href=\"https:\/\/vimaterial.de\/it\/contatto\/\">contattaci<\/a><\/span>.<\/p>\n<h2><span style=\"font-size: 14pt;\">Propriet\u00e0<\/span><\/h2>\n<p>Formula molecolare: TmCl\u2083<\/p>\n<p>Peso molecolare: 275,29<\/p>\n<p>Aspetto: polvere verde chiaro o bianca<\/p>\n<p>Densit\u00e0: 3,98 g\/cm\u00b3<\/p>\n<p>Punto di fusione: 821\u00b0C<\/p>\n<p>Punto di ebollizione: 1488\u00b0C<\/p>\n<p>Struttura cristallina: il cloruro di tulio (TmCl\u2083) ha solitamente una struttura cristallina esagonale, in cui gli ioni tulio (Tm\u00b3\u207a) e gli ioni cloruro (Cl-) formano un reticolo cristallino in una specifica disposizione geometrica.<\/p>\n<h2><span style=\"font-size: 14pt;\">Applicazioni<\/span><\/h2>\n<p>Sintesi materiale: come precursore per la sintesi di altri composti contenenti tulio. Reagendo con altri composti, \u00e8 possibile preparare una variet\u00e0 di materiali a base di tulio con strutture e propriet\u00e0 specifiche, che hanno un&#8217;ampia gamma di applicazioni in ottica, elettronica e altri campi.<\/p>\n<p>Catalisi: la polvere di cloruro di tulio ha il potenziale per partecipare a determinate reazioni chimiche come catalizzatore o precursore del catalizzatore. Sebbene l&#8217;applicazione del cloruro di tulio nella catalisi sia ancora in fase di ricerca, la speciale struttura elettronica degli elementi delle terre rare lo rende potenzialmente prezioso nelle reazioni catalitiche.<\/p>\n<p>Campo ottico: la polvere di cloruro di tulio viene drogata in alcuni materiali per lo sviluppo di laser e amplificatori ottici. In campi come la tecnologia laser e le comunicazioni ottiche, dove le propriet\u00e0 ottiche dei materiali sono poste a requisiti elevati, il drogaggio con cloruro di tulio pu\u00f2 migliorare le propriet\u00e0 ottiche dei materiali e migliorare le prestazioni dei laser e degli amplificatori ottici.<\/p>\n<p>Imaging medico: i materiali drogati con tulio sono stati esplorati anche per applicazioni di imaging medico, come l&#8217;imaging ottico e la spettroscopia, dove possono essere utilizzati come agenti di contrasto o sonde di imaging per facilitare la diagnosi medica.<\/p>\n<h2><span style=\"font-size: 14pt;\">Controllo qualit\u00e0<\/span><\/h2>\n<p><span style=\"color: #0000ff;\"><a style=\"color: #0000ff;\" href=\"https:\/\/vimaterial.de\/it\/controllo-qualita\/\">Ogni lotto <\/a><\/span>di prodotti protegge rigorosamente la qualit\u00e0, dalla selezione dei fornitori di materie prime, all&#8217;uso di apparecchiature di collaudo avanzate per monitorare accuratamente l&#8217;intero processo di produzione, al prodotto finito attraverso molti cicli di campionamento severo e certificazione autorevole di terze parti, al sistema di controllo della qualit\u00e0 a tutto tondo e a tolleranza zero per garantire che ogni lotto di prodotti soddisfi e superi gli elevati standard del settore, per fornire ai nostri clienti la migliore qualit\u00e0 e i prodotti pi\u00f9 stabili.<\/p>\n<h2><span style=\"font-size: 14pt;\">Imballaggio e stoccaggio<\/span><\/h2>\n<p>La polvere di cloruro di tulio \u00e8 confezionata in un sacchetto sottovuoto o in una bottiglia sottovuoto in cartone per garantire un trasporto sicuro.<\/p>\n<div class=\"message-box-content-wrapper-fgNGpz\">\n<div class=\"message-content message-box-content-xoCEoU receive-message-box-content-bNaFpa samantha-message-box-content-gWlptz\" data-testid=\"message_content\">\n<div class=\"container-ZYIsnH flow-markdown-body theme-samantha-Nbr9UN\" dir=\"ltr\" data-testid=\"message_text_content\" data-show-indicator=\"false\"><\/div>\n<\/div>\n<\/div>\n<div class=\"answer-action-bar-wEWc6C bottom-action-bar-wrapper-qtqrci large-space-b582O0 answer-action-bar\" data-testid=\"message_action_bar\">\n<div class=\"container-seCXVJ container-TRt1mF bottom-action-bar-iUQiGg\" data-message-action-bar=\"1\">\n<div class=\"left-Qpwvoi\">\n<div class=\"bp5-overflow-list container-LFxhPL align-start-B2LgK_ inner-TjQIQn\">La polvere di cloruro di tulio deve essere conservata in un ambiente asciutto, fresco e ventilato, sigillata in contenitori a prova di umidit\u00e0, lontano da acqua e umidit\u00e0, evitando il contatto con acidi, alcali e sostanze fortemente riducenti per prevenire l&#8217;assorbimento e il deterioramento dell&#8217;umidit\u00e0 e altre reazioni chimiche.<\/div>\n<\/div>\n<\/div>\n<\/div>\n","protected":false},"excerpt":{"rendered":"<p>La polvere di cloruro di tulio \u00e8 un cloruro di metallo delle terre rare con un aspetto cristallino solitamente verde, igroscopico, solubile in acqua e applicazioni in ceramica, vetro, fosfori, laser e amplificatori a fibre ottiche.<\/p>\n<p>VIMATERIAL fornisce polvere di TmCl3 in varie specifiche e supporta il servizio di legatura del bersaglio. Accettiamo la personalizzazione dei prodotti, <span style=\"color: #0000ff;\"><a style=\"color: #0000ff;\" href=\"https:\/\/vimaterial.de\/it\/contatto\/\">contattaci<\/a><\/span>.<\/p>\n","protected":false},"featured_media":1034563,"comment_status":"open","ping_status":"closed","template":"","meta":{"_acf_changed":false},"product_brand":[],"product_cat":[203],"product_tag":[],"class_list":{"0":"post-1028856","1":"product","2":"type-product","3":"status-publish","4":"has-post-thumbnail","6":"product_cat-materiali-per-terre-rare","8":"first","9":"instock","10":"shipping-taxable","11":"purchasable","12":"product-type-variable"},"acf":[],"_links":{"self":[{"href":"https:\/\/vimaterial.de\/it\/wp-json\/wp\/v2\/product\/1028856","targetHints":{"allow":["GET"]}}],"collection":[{"href":"https:\/\/vimaterial.de\/it\/wp-json\/wp\/v2\/product"}],"about":[{"href":"https:\/\/vimaterial.de\/it\/wp-json\/wp\/v2\/types\/product"}],"replies":[{"embeddable":true,"href":"https:\/\/vimaterial.de\/it\/wp-json\/wp\/v2\/comments?post=1028856"}],"wp:featuredmedia":[{"embeddable":true,"href":"https:\/\/vimaterial.de\/it\/wp-json\/wp\/v2\/media\/1034563"}],"wp:attachment":[{"href":"https:\/\/vimaterial.de\/it\/wp-json\/wp\/v2\/media?parent=1028856"}],"wp:term":[{"taxonomy":"product_brand","embeddable":true,"href":"https:\/\/vimaterial.de\/it\/wp-json\/wp\/v2\/product_brand?post=1028856"},{"taxonomy":"product_cat","embeddable":true,"href":"https:\/\/vimaterial.de\/it\/wp-json\/wp\/v2\/product_cat?post=1028856"},{"taxonomy":"product_tag","embeddable":true,"href":"https:\/\/vimaterial.de\/it\/wp-json\/wp\/v2\/product_tag?post=1028856"}],"curies":[{"name":"wp","href":"https:\/\/api.w.org\/{rel}","templated":true}]}}