{"id":1028828,"date":"2024-06-17T16:19:48","date_gmt":"2024-06-17T08:19:48","guid":{"rendered":"https:\/\/vimaterial.de\/product\/fosfato-di-tulio\/"},"modified":"2025-03-11T10:34:23","modified_gmt":"2025-03-11T02:34:23","slug":"fosfato-di-tulio","status":"publish","type":"product","link":"https:\/\/vimaterial.de\/it\/product\/fosfato-di-tulio\/","title":{"rendered":"Fosfato di tulio"},"content":{"rendered":"<p>La polvere di fosfato di tulio \u00e8 una polvere di composto di fosfato di terre rare con aspetto bianco, che ha una certa stabilit\u00e0 chimica, una struttura cristallina specifica e propriet\u00e0 ottiche e ha un valore applicativo in materiali ottici, materiali fluorescenti e alcuni dispositivi elettronici di fascia alta.<\/p>\n<p>VIMATERIAL fornisce TmPO4powder in varie specifiche e supporta il servizio di rilegatura del bersaglio. Accettiamo la personalizzazione dei prodotti, <span style=\"color: #0000ff;\"><a style=\"color: #0000ff;\" href=\"https:\/\/vimaterial.de\/it\/contatto\/\">contattaci.<\/a><\/span><\/p>\n<h2><span style=\"font-size: 14pt;\">Propriet\u00e0<\/span><\/h2>\n<p>Formula molecolare: TmPO\u2084<\/p>\n<p>Peso molecolare: 283,85<\/p>\n<p>Aspetto: polvere bianca<\/p>\n<p>Struttura cristallina: struttura della monazite, gruppo spaziale P2\u2081\/n, i parametri cellulari hanno un intervallo specifico di valori, in cui gli ioni Tm\u00b3\u207a e gli ioni PO\u2084\u00b3- sono disposti nel reticolo secondo un certo schema, formando una struttura cristallina pi\u00f9 stabile.<\/p>\n<h2>Applicazioni<\/h2>\n<p>Scienza dei materiali: pu\u00f2 essere utilizzato come additivo per migliorare le propriet\u00e0 dei materiali come la durezza, la resistenza all&#8217;abrasione e la resistenza alle alte temperature. L&#8217;aggiunta di polvere di fosfato di tulio ad alcuni materiali ceramici pu\u00f2 migliorare le propriet\u00e0 meccaniche e la stabilit\u00e0 termica della ceramica.<\/p>\n<p>Dispositivi elettronici: possono avere determinate applicazioni nella produzione di componenti elettronici, come materiali di emissione elettronica o per la preparazione di dispositivi a semiconduttore con propriet\u00e0 specifiche.<\/p>\n<p>Campo ottico: ha una certa influenza sulle propriet\u00e0 ottiche e pu\u00f2 essere utilizzato nella produzione di vetro ottico, pellicola ottica, ecc. per regolare l&#8217;indice di rifrazione e la trasmittanza dei materiali ottici.<\/p>\n<h2><span style=\"font-size: 14pt;\">Controllo qualit\u00e0<\/span><\/h2>\n<p><span style=\"color: #0000ff;\"><a style=\"color: #0000ff;\" href=\"https:\/\/vimaterial.de\/it\/controllo-qualita\/\">Ogni lotto<\/a><\/span> di prodotti protegge rigorosamente la qualit\u00e0, dalla selezione dei fornitori di materie prime, all&#8217;uso di apparecchiature di collaudo avanzate per monitorare accuratamente l&#8217;intero processo di produzione, al prodotto finito attraverso molti cicli di campionamento severo e certificazione autorevole di terze parti, al sistema di controllo della qualit\u00e0 a tutto tondo e a tolleranza zero per garantire che ogni lotto di prodotti soddisfi e superi gli elevati standard del settore, per fornire ai nostri clienti la migliore qualit\u00e0 e i prodotti pi\u00f9 stabili.<\/p>\n<h2><span style=\"font-size: 14pt;\">Imballaggio e stoccaggio<\/span><\/h2>\n<p>La polvere di fosfato di tulio \u00e8 confezionata in un sacchetto sottovuoto o in una bottiglia sottovuoto in cartone per garantire un trasporto sicuro.<\/p>\n<p>La polvere di fosfato di tulio deve essere conservata in un ambiente asciutto e pulito, con una temperatura adeguata e senza gas corrosivi. Deve essere sigillato e conservato in sacchetti a prova di umidit\u00e0 per evitare che reagisca con l&#8217;umidit\u00e0, l&#8217;anidride carbonica e altre sostanze presenti nell&#8217;aria e per evitare il contatto con agenti ossidanti forti, acidi forti, basi forti e altre sostanze.<\/p>\n","protected":false},"excerpt":{"rendered":"<p>La polvere di fosfato di tulio \u00e8 una polvere di composto di fosfato di terre rare con aspetto bianco, che ha una certa stabilit\u00e0 chimica, una struttura cristallina specifica e propriet\u00e0 ottiche e ha un valore applicativo in materiali ottici, materiali fluorescenti e alcuni dispositivi elettronici di fascia alta.<\/p>\n<p>VIMATERIAL fornisce TmPO4powder in varie specifiche e supporta il servizio di rilegatura del bersaglio. Accettiamo la personalizzazione dei prodotti, <span style=\"color: #0000ff;\"><a style=\"color: #0000ff;\" href=\"https:\/\/vimaterial.de\/it\/contatto\/\">contattaci.<\/a><\/span><\/p>\n<p>&nbsp;<\/p>\n<p>&nbsp;<\/p>\n","protected":false},"featured_media":1034583,"comment_status":"open","ping_status":"closed","template":"","meta":{"_acf_changed":false},"product_brand":[],"product_cat":[165],"product_tag":[],"class_list":{"0":"post-1028828","1":"product","2":"type-product","3":"status-publish","4":"has-post-thumbnail","6":"product_cat-senza-categoria","8":"first","9":"instock","10":"shipping-taxable","11":"product-type-variable"},"acf":[],"_links":{"self":[{"href":"https:\/\/vimaterial.de\/it\/wp-json\/wp\/v2\/product\/1028828","targetHints":{"allow":["GET"]}}],"collection":[{"href":"https:\/\/vimaterial.de\/it\/wp-json\/wp\/v2\/product"}],"about":[{"href":"https:\/\/vimaterial.de\/it\/wp-json\/wp\/v2\/types\/product"}],"replies":[{"embeddable":true,"href":"https:\/\/vimaterial.de\/it\/wp-json\/wp\/v2\/comments?post=1028828"}],"wp:featuredmedia":[{"embeddable":true,"href":"https:\/\/vimaterial.de\/it\/wp-json\/wp\/v2\/media\/1034583"}],"wp:attachment":[{"href":"https:\/\/vimaterial.de\/it\/wp-json\/wp\/v2\/media?parent=1028828"}],"wp:term":[{"taxonomy":"product_brand","embeddable":true,"href":"https:\/\/vimaterial.de\/it\/wp-json\/wp\/v2\/product_brand?post=1028828"},{"taxonomy":"product_cat","embeddable":true,"href":"https:\/\/vimaterial.de\/it\/wp-json\/wp\/v2\/product_cat?post=1028828"},{"taxonomy":"product_tag","embeddable":true,"href":"https:\/\/vimaterial.de\/it\/wp-json\/wp\/v2\/product_tag?post=1028828"}],"curies":[{"name":"wp","href":"https:\/\/api.w.org\/{rel}","templated":true}]}}