{"id":1028805,"date":"2024-06-17T16:19:48","date_gmt":"2024-06-17T08:19:48","guid":{"rendered":"https:\/\/vimaterial.de\/product\/itterbio-metallico\/"},"modified":"2025-03-11T10:53:19","modified_gmt":"2025-03-11T02:53:19","slug":"itterbio-metallico","status":"publish","type":"product","link":"https:\/\/vimaterial.de\/it\/product\/itterbio-metallico\/","title":{"rendered":"Metallo itterbio"},"content":{"rendered":"<p><span style=\"color: #0000ff;\"><a style=\"color: #0000ff;\" href=\"https:\/\/vimaterial.de\/it\/product\/itterbio-metallico-3\/\">I granuli di itterbio<\/a><\/span> sono un materiale granulare grigio argento con una lucentezza metallica, una consistenza morbida, una buona duttilit\u00e0 e conduttivit\u00e0, le propriet\u00e0 chimiche sono pi\u00f9 attive, nell&#8217;elettronica, nell&#8217;ottica, nei materiali magnetici e nelle leghe di terre rare e in altri campi hanno importanti applicazioni.<\/p>\n<p>VIMATERIAL fornisce granuli Yb in varie specifiche e supporta il servizio di legatura del bersaglio. Accettiamo la personalizzazione dei prodotti, <span style=\"color: #0000ff;\"><a style=\"color: #0000ff;\" href=\"https:\/\/vimaterial.de\/it\/contatto\/\">contattaci.<\/a><\/span><\/p>\n<h2><span style=\"font-size: 14pt;\">Propriet\u00e0<\/span><\/h2>\n<p>Formula molecolare: Yb<\/p>\n<p>Peso molecolare: 173,04<\/p>\n<p>Aspetto: granulo grigio argento o bianco argento<\/p>\n<p>Densit\u00e0: 6,979 g\/cm\u00b3 (\u03b1), 6,54 g\/cm\u00b3 (\u03b2)<\/p>\n<p>Punto di fusione: 824\u00b0C<\/p>\n<p>Punto di ebollizione: 1196\u00b0C<\/p>\n<p>Struttura cristallina: ci sono due strutture cristalline, il tipo \u03b1 \u00e8 un sistema cristallino cubico centrato sulla faccia (temperatura ambiente &#8211; 798 \u00b0C), il tipo \u03b2 \u00e8 cubico centrato sul corpo (superiore a 798 \u00b0C)<\/p>\n<h2><span style=\"font-size: 14pt;\">Applicazione<\/span><\/h2>\n<p>Tecnologia laser: l&#8217;itterbio metallico \u00e8 ampiamente utilizzato nelle applicazioni laser grazie alla sua specifica struttura del livello di energia. Ad esempio, come drogante nei laser a fibra ad alta potenza e negli amplificatori, pu\u00f2 aumentare significativamente la potenza di uscita e l&#8217;efficienza del laser.<\/p>\n<p>Materiali ottici: come drogante nel vetro, nell&#8217;ottica laser e nelle fibre ottiche, pu\u00f2 migliorare le propriet\u00e0 ottiche del materiale, come aumentare l&#8217;indice di rifrazione, ridurre la perdita ottica, ecc., e svolge un ruolo importante nelle comunicazioni ottiche e nel rilevamento ottico.<\/p>\n<p>Dispositivi elettronici: possono essere utilizzati nella produzione di componenti elettronici, come nei dispositivi a semiconduttore come drogaggio delle impurit\u00e0, al fine di regolare le propriet\u00e0 elettriche dei semiconduttori, per migliorarne la conduttivit\u00e0 elettrica, la mobilit\u00e0 del vettore e cos\u00ec via.<\/p>\n<p>Modifica della superficie del materiale: aggiunto ad alcuni materiali, pu\u00f2 migliorare la durezza, la resistenza all&#8217;usura e la resistenza alla corrosione del materiale, ecc., Pu\u00f2 essere utilizzato per materiali metallici, materiali ceramici, ecc., Il rivestimento superficiale, per prolungare la durata del materiale.<\/p>\n<h2><span style=\"font-size: 14pt;\">Controllo qualit\u00e0<\/span><\/h2>\n<p><a href=\"https:\/\/vimaterial.de\/it\/controllo-qualita\/\"><span style=\"color: #0000ff;\">Ogni lotto<\/span><\/a> di prodotti protegge rigorosamente la qualit\u00e0, dalla selezione dei fornitori di materie prime, all&#8217;uso di apparecchiature di collaudo avanzate per monitorare accuratamente l&#8217;intero processo di produzione, al prodotto finito attraverso molti cicli di campionamento severo e certificazione autorevole di terze parti, al sistema di controllo della qualit\u00e0 a tutto tondo e a tolleranza zero per garantire che ogni lotto di prodotti soddisfi e superi gli elevati standard del settore, per fornire ai nostri clienti la migliore qualit\u00e0 e i prodotti pi\u00f9 stabili.<\/p>\n<h2><span style=\"font-size: 14pt;\">Imballaggio e stoccaggio<\/span><\/h2>\n<p>I granuli di itterbio metallico sono confezionati in un sacchetto sottovuoto o in una bottiglia sottovuoto in cartone per garantire un trasporto sicuro.<\/p>\n<p>I granuli metallici di itterbio devono essere conservati in un ambiente asciutto, fresco e ben ventilato, sigillati sotto vuoto o in un contenitore riempito con gas inerte (come l&#8217;argon) per prevenirne le reazioni chimiche come l&#8217;ossidazione con l&#8217;ossigeno e l&#8217;umidit\u00e0 nell&#8217;aria, e allo stesso tempo per evitare il contatto con sostanze corrosive come acidi, alcali e forti agenti ossidanti, e tenere lontano da fonti di fuoco e calore.<\/p>\n","protected":false},"excerpt":{"rendered":"<p><span style=\"color: #0000ff;\"><a style=\"color: #0000ff;\" href=\"https:\/\/vimaterial.de\/it\/product\/itterbio-metallico-3\/\">I granuli di itterbio<\/a><\/span> sono un materiale granulare grigio argento con una lucentezza metallica, una consistenza morbida, una buona duttilit\u00e0 e conduttivit\u00e0, le propriet\u00e0 chimiche sono pi\u00f9 attive, nell&#8217;elettronica, nell&#8217;ottica, nei materiali magnetici e nelle leghe di terre rare e in altri campi hanno importanti applicazioni.<\/p>\n<p>VIMATERIAL fornisce granuli Yb in varie specifiche e supporta il servizio di legatura del bersaglio. Accettiamo la personalizzazione dei prodotti, <span style=\"color: #0000ff;\"><a style=\"color: #0000ff;\" href=\"https:\/\/vimaterial.de\/it\/contatto\/\">contattaci.<\/a><\/span><\/p>\n","protected":false},"featured_media":1034588,"comment_status":"open","ping_status":"closed","template":"","meta":{"_acf_changed":false},"product_brand":[],"product_cat":[198,203],"product_tag":[],"class_list":{"0":"post-1028805","1":"product","2":"type-product","3":"status-publish","4":"has-post-thumbnail","6":"product_cat-materiali-per-levaporazione","7":"product_cat-materiali-per-terre-rare","9":"first","10":"instock","11":"shipping-taxable","12":"product-type-variable"},"acf":[],"_links":{"self":[{"href":"https:\/\/vimaterial.de\/it\/wp-json\/wp\/v2\/product\/1028805","targetHints":{"allow":["GET"]}}],"collection":[{"href":"https:\/\/vimaterial.de\/it\/wp-json\/wp\/v2\/product"}],"about":[{"href":"https:\/\/vimaterial.de\/it\/wp-json\/wp\/v2\/types\/product"}],"replies":[{"embeddable":true,"href":"https:\/\/vimaterial.de\/it\/wp-json\/wp\/v2\/comments?post=1028805"}],"wp:featuredmedia":[{"embeddable":true,"href":"https:\/\/vimaterial.de\/it\/wp-json\/wp\/v2\/media\/1034588"}],"wp:attachment":[{"href":"https:\/\/vimaterial.de\/it\/wp-json\/wp\/v2\/media?parent=1028805"}],"wp:term":[{"taxonomy":"product_brand","embeddable":true,"href":"https:\/\/vimaterial.de\/it\/wp-json\/wp\/v2\/product_brand?post=1028805"},{"taxonomy":"product_cat","embeddable":true,"href":"https:\/\/vimaterial.de\/it\/wp-json\/wp\/v2\/product_cat?post=1028805"},{"taxonomy":"product_tag","embeddable":true,"href":"https:\/\/vimaterial.de\/it\/wp-json\/wp\/v2\/product_tag?post=1028805"}],"curies":[{"name":"wp","href":"https:\/\/api.w.org\/{rel}","templated":true}]}}