{"id":1028782,"date":"2024-06-17T16:19:49","date_gmt":"2024-06-17T08:19:49","guid":{"rendered":"https:\/\/vimaterial.de\/product\/nitrato-di-itterbio\/"},"modified":"2025-03-10T15:09:02","modified_gmt":"2025-03-10T07:09:02","slug":"nitrato-di-itterbio","status":"publish","type":"product","link":"https:\/\/vimaterial.de\/it\/product\/nitrato-di-itterbio\/","title":{"rendered":"Nitrato di itterbio"},"content":{"rendered":"<p>La polvere di nitrato di itterbio \u00e8 un tipo di polvere cristallina solubile in acqua, bianca deliquescente o incolore contenente l&#8217;elemento delle terre rare itterbio, che viene utilizzato principalmente nella preparazione di materiali ottici, drogaggio delle terre rare, catalisi e ricerca scientifica e altri campi.<\/p>\n<p>VIMATERIAL fornisce polvere di nitrato di itterbio in varie specifiche e supporta il servizio di legatura del bersaglio. Accettiamo la personalizzazione dei prodotti, <span style=\"color: #0000ff;\"><a style=\"color: #0000ff;\" href=\"https:\/\/vimaterial.de\/it\/contatto\/\">contattaci.<\/a><\/span><\/p>\n<h2>propriet\u00e0<\/h2>\n<p>Formula molecolare: Yb(NO\u2083)\u2083<\/p>\n<p>Peso molecolare: circa 339,04<\/p>\n<p>Aspetto: polvere cristallina bianca o incolore<\/p>\n<p>Struttura cristallina: struttura cristallina ionica, composta da Yb\u00b3\u207a e NO\u2083- legati da legami ionici, NO\u2083- \u00e8 di forma triangolare planare e Yb\u00b3\u207a pu\u00f2 essere circondato da diversi NO\u2083- in una certa coordinazione della configurazione spaziale<\/p>\n<h2><span style=\"font-size: 14pt;\">Applicazioni<\/span><\/h2>\n<p>Materiali ottici: la polvere anidra di Yb (NO\u2083)\u2083 \u00e8 una materia prima chiave per la produzione di vetro e cristalli ottici ad alte prestazioni, che possono conferire al materiale eccellenti caratteristiche di assorbimento ed emissione della luce e viene utilizzata nei dispositivi laser e nei filtri ottici.<\/p>\n<p>Elettronica: nella produzione di semiconduttori e ceramiche elettroniche, la polvere anidra di Yb (NO\u2083)\u2083 pu\u00f2 ottimizzare le propriet\u00e0 elettriche del materiale e migliorare la stabilit\u00e0 e l&#8217;efficienza dei componenti elettronici, che vengono utilizzati in circuiti integrati, sensori e altri prodotti.<\/p>\n<p>Campo catalitico: come componente del catalizzatore, la polvere anidra di Yb (NO\u2083)\u2083 pu\u00f2 promuovere efficacemente la reazione di sintesi organica, migliorare la velocit\u00e0 di reazione e la selettivit\u00e0 e aiutare lo sviluppo delle industrie farmaceutiche e della chimica fine.<\/p>\n<p>Materiali magnetici: Coinvolto nella preparazione di nuovi materiali magnetici permanenti e morbidi delle terre rare, l&#8217;elemento itterbio nella polvere anidra di Yb (NO\u2083)\u2083 pu\u00f2 regolare le propriet\u00e0 magnetiche dei materiali, per soddisfare le esigenze dei motori elettrici, dei dispositivi di accumulo magnetico e cos\u00ec via.<\/p>\n<h2><span style=\"font-size: 14pt;\">Controllo qualit\u00e0<\/span><\/h2>\n<p><span style=\"color: #0000ff;\"><a style=\"color: #0000ff;\" href=\"https:\/\/vimaterial.de\/it\/controllo-qualita\/\">Ogni lotto<\/a> <\/span>di prodotti protegge rigorosamente la qualit\u00e0, dalla selezione dei fornitori di materie prime, all&#8217;uso di apparecchiature di collaudo avanzate per monitorare accuratamente l&#8217;intero processo di produzione, al prodotto finito attraverso molti cicli di campionamento severo e certificazione autorevole di terze parti, al sistema di controllo della qualit\u00e0 a tutto tondo e a tolleranza zero per garantire che ogni lotto di prodotti soddisfi e superi gli elevati standard del settore, per fornire ai nostri clienti la migliore qualit\u00e0 e i prodotti pi\u00f9 stabili.<\/p>\n<h2><span style=\"font-size: 14pt;\">Imballaggio e stoccaggio<\/span><\/h2>\n<p>La polvere di nitrato di itterbio \u00e8 confezionata in un sacchetto sottovuoto o in una bottiglia sottovuoto in cartone per garantire un trasporto sicuro.<\/p>\n<p>La polvere di nitrato di itterbio deve essere conservata in un ambiente asciutto, fresco, ben ventilato, sigillata e conservata in contenitori originali o idonei contenitori ermetici, lontano da sostanze infiammabili, combustibili e riducenti, per evitare l&#8217;umidit\u00e0 e il contatto con l&#8217;acqua al fine di prevenire la deliquescenza e, allo stesso tempo, per evitare la miscelazione e lo stoccaggio con acidi, alcali e altre sostanze, al fine di evitare reazioni chimiche.<\/p>\n","protected":false},"excerpt":{"rendered":"<p>La polvere di nitrato di itterbio \u00e8 un tipo di polvere cristallina solubile in acqua, bianca deliquescente o incolore contenente l&#8217;elemento delle terre rare itterbio, che viene utilizzato principalmente nella preparazione di materiali ottici, drogaggio delle terre rare, catalisi e ricerca scientifica e altri campi.<\/p>\n<p>VIMATERIAL fornisce polvere di nitrato di itterbio in varie specifiche e supporta il servizio di legatura del bersaglio. Accettiamo la personalizzazione dei prodotti, <span style=\"color: #0000ff;\"><a style=\"color: #0000ff;\" href=\"https:\/\/vimaterial.de\/it\/contatto\/\">contattaci.<\/a><\/span><\/p>\n<p>&nbsp;<\/p>\n","protected":false},"featured_media":1034598,"comment_status":"open","ping_status":"closed","template":"","meta":{"_acf_changed":false},"product_brand":[],"product_cat":[203],"product_tag":[],"class_list":{"0":"post-1028782","1":"product","2":"type-product","3":"status-publish","4":"has-post-thumbnail","6":"product_cat-materiali-per-terre-rare","8":"first","9":"instock","10":"shipping-taxable","11":"purchasable","12":"product-type-variable"},"acf":[],"_links":{"self":[{"href":"https:\/\/vimaterial.de\/it\/wp-json\/wp\/v2\/product\/1028782","targetHints":{"allow":["GET"]}}],"collection":[{"href":"https:\/\/vimaterial.de\/it\/wp-json\/wp\/v2\/product"}],"about":[{"href":"https:\/\/vimaterial.de\/it\/wp-json\/wp\/v2\/types\/product"}],"replies":[{"embeddable":true,"href":"https:\/\/vimaterial.de\/it\/wp-json\/wp\/v2\/comments?post=1028782"}],"wp:featuredmedia":[{"embeddable":true,"href":"https:\/\/vimaterial.de\/it\/wp-json\/wp\/v2\/media\/1034598"}],"wp:attachment":[{"href":"https:\/\/vimaterial.de\/it\/wp-json\/wp\/v2\/media?parent=1028782"}],"wp:term":[{"taxonomy":"product_brand","embeddable":true,"href":"https:\/\/vimaterial.de\/it\/wp-json\/wp\/v2\/product_brand?post=1028782"},{"taxonomy":"product_cat","embeddable":true,"href":"https:\/\/vimaterial.de\/it\/wp-json\/wp\/v2\/product_cat?post=1028782"},{"taxonomy":"product_tag","embeddable":true,"href":"https:\/\/vimaterial.de\/it\/wp-json\/wp\/v2\/product_tag?post=1028782"}],"curies":[{"name":"wp","href":"https:\/\/api.w.org\/{rel}","templated":true}]}}