{"id":1028743,"date":"2024-06-17T16:19:50","date_gmt":"2024-06-17T08:19:50","guid":{"rendered":"https:\/\/vimaterial.de\/product\/ossalato-di-itterbio-idrato\/"},"modified":"2025-03-05T14:43:36","modified_gmt":"2025-03-05T06:43:36","slug":"ossalato-di-itterbio-idrato","status":"publish","type":"product","link":"https:\/\/vimaterial.de\/it\/product\/ossalato-di-itterbio-idrato\/","title":{"rendered":"Idrato di ossalato di itterbio"},"content":{"rendered":"<p>La polvere di idrato di ossalato di itterbio \u00e8 un&#8217;acqua cristallina, con ioni itterbio e polvere composta di ioni ossalato, solitamente bianca o incolore, in determinate condizioni sar\u00e0 decomposta termicamente, pu\u00f2 essere utilizzata nella preparazione di altri composti di itterbio e nel campo della scienza dei materiali e cos\u00ec via.<\/p>\n<p>VIMATERIAL fornisce polvere di idrato di ossalato di itterbio in varie specifiche e supporta il servizio di legatura del bersaglio. Accettiamo la personalizzazione dei prodotti,<span style=\"color: #0000ff;\"><a style=\"color: #0000ff;\" href=\"https:\/\/vimaterial.de\/it\/contatto\/\"> contattaci.<\/a><\/span><\/p>\n<h2><span style=\"font-size: 14pt;\">Caratteristiche<\/span><\/h2>\n<p>Formula chimica: Yb2(C2O4)3 &#8211; xH2O<\/p>\n<p>Massa molare: 610,162 g\/mol<\/p>\n<p>Aspetto: polvere cristallina bianca<\/p>\n<p>Densit\u00e0: 2.644 g\/cm\u00b3<\/p>\n<h2><span style=\"font-size: 14pt;\">Applicazione<\/span><\/h2>\n<p>Sintesi materiale: la polvere di idrato di ossalato di itterbio viene utilizzata come precursore per la preparazione di ceramiche di ossido di itterbio con propriet\u00e0 specifiche per l&#8217;uso in pacchetti elettronici e componenti strutturali ad alta temperatura attraverso la calcinazione ad alta temperatura.<\/p>\n<p>Ottica: le polveri di idrato di ossalato di itterbio vengono introdotte nella produzione di vetro ottico, utilizzando ioni itterbio per migliorare l&#8217;omogeneit\u00e0 ottica e le propriet\u00e0 di rifrazione del vetro e per migliorare la qualit\u00e0 dell&#8217;immagine della lente.<\/p>\n<p>Materiali magnetici: le polveri di idrato di ossalato di itterbio sono drogate per modulare la struttura cristallina e gli stati elettronici dei materiali magnetici, ottimizzando le propriet\u00e0 magnetiche dei magneti permanenti delle terre rare, utilizzati nei motori elettrici e nei sensori.<\/p>\n<h2><span style=\"font-size: 14pt;\">Controllo qualit\u00e0<\/span><\/h2>\n<p><span style=\"color: #0000ff;\"><a style=\"color: #0000ff;\" href=\"https:\/\/vimaterial.de\/it\/controllo-qualita\/\">Ogni lotto<\/a><\/span> di prodotti protegge rigorosamente la qualit\u00e0, dalla selezione dei fornitori di materie prime, all&#8217;uso di apparecchiature di collaudo avanzate per monitorare accuratamente l&#8217;intero processo di produzione, al prodotto finito attraverso molti cicli di campionamento severo e certificazione autorevole di terze parti, al sistema di controllo della qualit\u00e0 a tutto tondo e a tolleranza zero per garantire che ogni lotto di prodotti soddisfi e superi gli elevati standard del settore, per fornire ai nostri clienti la migliore qualit\u00e0 e i prodotti pi\u00f9 stabili.<\/p>\n<h2><span style=\"font-size: 14pt;\">Imballaggio e stoccaggio<\/span><\/h2>\n<p>La polvere di idrato di ossalato di itterbio \u00e8 confezionata in un sacchetto sottovuoto o in una bottiglia sottovuoto in cartone per garantire un trasporto sicuro.<\/p>\n<div class=\"message-box-content-wrapper-fgNGpz\">\n<div class=\"message-content message-box-content-xoCEoU receive-message-box-content-bNaFpa samantha-message-box-content-gWlptz\" data-testid=\"message_content\">\n<div class=\"container-ZYIsnH flow-markdown-body theme-samantha-Nbr9UN\" dir=\"ltr\" data-testid=\"message_text_content\" data-show-indicator=\"false\">\n<div class=\"auto-hide-last-sibling-br paragraph-JOTKXA paragraph-element br-paragraph-space\">L&#8217;Idrato di Ossalato di Itterbio deve essere sigillato e conservato in un ambiente fresco, asciutto e ventilato, lontano da fonti di calore e da forti agenti ossidanti e altre sostanze che possono reagire, per evitare che si deteriori a causa dell&#8217;umidit\u00e0, del calore o del contatto con altre sostanze.<\/div>\n<\/div>\n<\/div>\n<\/div>\n","protected":false},"excerpt":{"rendered":"<p>La polvere di idrato di ossalato di itterbio \u00e8 un&#8217;acqua cristallina, con ioni itterbio e polvere composta di ioni ossalato, solitamente bianca o incolore, in determinate condizioni sar\u00e0 decomposta termicamente, pu\u00f2 essere utilizzata nella preparazione di altri composti di itterbio e nel campo della scienza dei materiali e cos\u00ec via.<\/p>\n<p>VIMATERIAL fornisce polvere di idrato di ossalato di itterbio in varie specifiche e supporta il servizio di legatura del bersaglio. Accettiamo la personalizzazione dei prodotti,<span style=\"color: #0000ff;\"><a style=\"color: #0000ff;\" href=\"https:\/\/vimaterial.de\/it\/contatto\/\"> contattaci.<\/a><\/span><\/p>\n<p>&nbsp;<\/p>\n","protected":false},"featured_media":1038353,"comment_status":"open","ping_status":"closed","template":"","meta":{"_acf_changed":false},"product_brand":[],"product_cat":[203],"product_tag":[],"class_list":{"0":"post-1028743","1":"product","2":"type-product","3":"status-publish","4":"has-post-thumbnail","6":"product_cat-materiali-per-terre-rare","8":"first","9":"instock","10":"shipping-taxable","11":"product-type-variable"},"acf":[],"_links":{"self":[{"href":"https:\/\/vimaterial.de\/it\/wp-json\/wp\/v2\/product\/1028743","targetHints":{"allow":["GET"]}}],"collection":[{"href":"https:\/\/vimaterial.de\/it\/wp-json\/wp\/v2\/product"}],"about":[{"href":"https:\/\/vimaterial.de\/it\/wp-json\/wp\/v2\/types\/product"}],"replies":[{"embeddable":true,"href":"https:\/\/vimaterial.de\/it\/wp-json\/wp\/v2\/comments?post=1028743"}],"wp:featuredmedia":[{"embeddable":true,"href":"https:\/\/vimaterial.de\/it\/wp-json\/wp\/v2\/media\/1038353"}],"wp:attachment":[{"href":"https:\/\/vimaterial.de\/it\/wp-json\/wp\/v2\/media?parent=1028743"}],"wp:term":[{"taxonomy":"product_brand","embeddable":true,"href":"https:\/\/vimaterial.de\/it\/wp-json\/wp\/v2\/product_brand?post=1028743"},{"taxonomy":"product_cat","embeddable":true,"href":"https:\/\/vimaterial.de\/it\/wp-json\/wp\/v2\/product_cat?post=1028743"},{"taxonomy":"product_tag","embeddable":true,"href":"https:\/\/vimaterial.de\/it\/wp-json\/wp\/v2\/product_tag?post=1028743"}],"curies":[{"name":"wp","href":"https:\/\/api.w.org\/{rel}","templated":true}]}}