{"id":1028727,"date":"2024-06-17T16:19:50","date_gmt":"2024-06-17T08:19:50","guid":{"rendered":"https:\/\/vimaterial.de\/product\/ossido-di-itterbio-3\/"},"modified":"2024-10-21T17:53:42","modified_gmt":"2024-10-21T09:53:42","slug":"ossido-di-itterbio-3","status":"publish","type":"product","link":"https:\/\/vimaterial.de\/it\/product\/ossido-di-itterbio-3\/","title":{"rendered":"Ossido di itterbio"},"content":{"rendered":"<p>Le particelle di Yb\u2082O\u2083, cio\u00e8 particelle di ossido di itterbio, sono un importante ossido di terre rare.<\/p>\n<h4>Informazioni di base<\/h4>\n<p>Formula chimica: Yb\u2082O\u2083 .<\/p>\n<p>Peso molecolare: 394,08 .<\/p>\n<p>Numero di registro CAS: 1314-37-0 .<\/p>\n<p>Aspetto: Di solito polvere bianca e leggermente verdastra, ci sono anche nanoparticelle di ossido di itterbio polverose bianche o giallastre.<\/p>\n<p>Densit\u00e0: 9,17 g\/cm\u00b3.<\/p>\n<p>Punto di fusione: 2372\u00b0C.<\/p>\n<p>Punto di ebollizione: 4070\u00b0C.<\/p>\n<h4>Applicazioni<\/h4>\n<p>Campo ottico: \u00e8 un importante additivo per vetro ottico e ceramica, che pu\u00f2 migliorare l&#8217;indice di rifrazione, la durezza e la stabilit\u00e0 chimica del vetro e della ceramica, rendendolo ampiamente utilizzato in strumenti ottici, apparecchiature elettroniche e altri campi; Pu\u00f2 anche essere utilizzato nella produzione di amplificatori in fibra ottica e droganti in fibra ottica, che possono contribuire a migliorare l&#8217;efficienza della trasmissione e dell&#8217;amplificazione dei segnali ottici.<\/p>\n<p>Campo laser: utilizzato come drogante nel cristallo granato, pu\u00f2 migliorare significativamente le prestazioni del cristallo laser, come aumentare la potenza di uscita del laser, migliorare la qualit\u00e0 del raggio laser, ecc. E svolge un ruolo importante nella lavorazione laser, nella comunicazione laser, nella terapia laser e in molte altre applicazioni laser.<\/p>\n<p>Industria elettronica: utilizzato nella produzione di materiali a bolle magnetiche per computer, in modo che l&#8217;accumulo di bolle magnetiche con alta velocit\u00e0, grande capacit\u00e0, piccole dimensioni, multifunzionale e altre caratteristiche; Pu\u00f2 essere utilizzato anche come drogante nei componenti elettronici per migliorare le prestazioni dei componenti elettronici.<\/p>\n","protected":false},"excerpt":{"rendered":"<p>Le particelle di ossido di itterbio, cio\u00e8 le particelle di ossido di itterbio, sono un importante ossido di terre rare.<\/p>\n<p>Campo ottico: \u00e8 un importante additivo per vetro ottico e ceramica, che pu\u00f2 migliorare l&#8217;indice di rifrazione, la durezza e la stabilit\u00e0 chimica del vetro e della ceramica, rendendolo ampiamente utilizzato in strumenti ottici, apparecchiature elettroniche e altri campi; Pu\u00f2 anche essere utilizzato nella produzione di amplificatori in fibra ottica e droganti in fibra ottica, che possono contribuire a migliorare l&#8217;efficienza della trasmissione e dell&#8217;amplificazione dei segnali ottici.<\/p>\n<p>&nbsp;<\/p>\n","protected":false},"featured_media":1034613,"comment_status":"open","ping_status":"closed","template":"","meta":{"_acf_changed":false},"product_brand":[],"product_cat":[198],"product_tag":[],"class_list":{"0":"post-1028727","1":"product","2":"type-product","3":"status-publish","4":"has-post-thumbnail","6":"product_cat-materiali-per-levaporazione","8":"first","9":"instock","10":"shipping-taxable","11":"product-type-variable"},"acf":[],"_links":{"self":[{"href":"https:\/\/vimaterial.de\/it\/wp-json\/wp\/v2\/product\/1028727","targetHints":{"allow":["GET"]}}],"collection":[{"href":"https:\/\/vimaterial.de\/it\/wp-json\/wp\/v2\/product"}],"about":[{"href":"https:\/\/vimaterial.de\/it\/wp-json\/wp\/v2\/types\/product"}],"replies":[{"embeddable":true,"href":"https:\/\/vimaterial.de\/it\/wp-json\/wp\/v2\/comments?post=1028727"}],"wp:featuredmedia":[{"embeddable":true,"href":"https:\/\/vimaterial.de\/it\/wp-json\/wp\/v2\/media\/1034613"}],"wp:attachment":[{"href":"https:\/\/vimaterial.de\/it\/wp-json\/wp\/v2\/media?parent=1028727"}],"wp:term":[{"taxonomy":"product_brand","embeddable":true,"href":"https:\/\/vimaterial.de\/it\/wp-json\/wp\/v2\/product_brand?post=1028727"},{"taxonomy":"product_cat","embeddable":true,"href":"https:\/\/vimaterial.de\/it\/wp-json\/wp\/v2\/product_cat?post=1028727"},{"taxonomy":"product_tag","embeddable":true,"href":"https:\/\/vimaterial.de\/it\/wp-json\/wp\/v2\/product_tag?post=1028727"}],"curies":[{"name":"wp","href":"https:\/\/api.w.org\/{rel}","templated":true}]}}