{"id":1028667,"date":"2024-06-17T16:19:51","date_gmt":"2024-06-17T08:19:51","guid":{"rendered":"https:\/\/vimaterial.de\/product\/cloruro-di-itterbio-idrato\/"},"modified":"2025-03-05T14:22:55","modified_gmt":"2025-03-05T06:22:55","slug":"cloruro-di-itterbio-idrato","status":"publish","type":"product","link":"https:\/\/vimaterial.de\/it\/product\/cloruro-di-itterbio-idrato\/","title":{"rendered":"Cloruro di itterbio idrato"},"content":{"rendered":"<p><span style=\"color: #0000ff;\"><a style=\"color: #0000ff;\" href=\"https:\/\/vimaterial.de\/it\/product\/cloruro-di-itterbio\/\">Cloruro di itterbio<\/a> <\/span>La polvere idrato \u00e8 un cloruro di itterbio con acqua di cristallizzazione, solitamente una polvere cristallina bianca o incolore, con una certa solubilit\u00e0, pu\u00f2 essere deliquescente nell&#8217;aria a causa dell&#8217;assorbimento di umidit\u00e0 e pu\u00f2 essere utilizzata nella separazione di elementi delle terre rare, nella sintesi chimica e nella scienza dei materiali.<\/p>\n<p>VIMATERIAL fornisce polvere di cloruro di itterbio idrato in varie specifiche e supporta il servizio di legatura del bersaglio. Accettiamo la personalizzazione dei prodotti, <span style=\"color: #0000ff;\"><a style=\"color: #0000ff;\" href=\"https:\/\/vimaterial.de\/it\/contatto\/\">contattaci<\/a>.<\/span><\/p>\n<h2><span style=\"font-size: 14pt;\">Caratteristiche<\/span><\/h2>\n<p>Formula chimica: YbCl3-xH2O<\/p>\n<p>Peso molecolare: circa 387,49 g\/mol<\/p>\n<p>Aspetto: Generalmente una polvere cristallina bianca<\/p>\n<p>Densit\u00e0: circa 2,58 g\/cm\u00b3<\/p>\n<p>Punto di fusione: circa 180\u00b0C<\/p>\n<h3>Applicazione<\/h3>\n<p>Campo catalitico: l&#8217;idrato di cloruro di itterbio pu\u00f2 essere utilizzato come catalizzatore acido di Lewis altamente efficiente per promuovere una variet\u00e0 di reazioni di sintesi organica, come la reazione di Friedel-Crafts, per migliorare la selettivit\u00e0 e la resa della reazione.<\/p>\n<p>Materiali ottici: pu\u00f2 essere utilizzato come drogante nella preparazione di vetri e cristalli ottici, che possono migliorare le propriet\u00e0 ottiche del materiale, come migliorare l&#8217;uniformit\u00e0 dell&#8217;indice di rifrazione, migliorare l&#8217;emissione di fluorescenza, ecc., E viene utilizzato nella produzione di lenti ottiche e laser ad alte prestazioni.<\/p>\n<p>Campo dei materiali elettronici: nella preparazione di alcuni materiali elettronici, il cloruro di itterbio idrato pu\u00f2 essere utilizzato come fonte di itterbio per la formazione di film sottili o nanostrutture di composti di terre rare con speciali propriet\u00e0 elettriche, che vengono utilizzati in dispositivi a semiconduttore e sensori.<\/p>\n<p>Campo biomedico: nella ricerca biomedica, le biomolecole marcate con idrato di cloruro di itterbio possono essere utilizzate per l&#8217;imaging a fluorescenza e il biorilevamento, che aiuta a visualizzare e monitorare i processi cellulari e molecolari negli organismi viventi<\/p>\n<h2><span style=\"font-size: 14pt;\">Controllo qualit\u00e0<\/span><\/h2>\n<p><span style=\"color: #0000ff;\"><a style=\"color: #0000ff;\" href=\"https:\/\/vimaterial.de\/it\/controllo-qualita\/\">Ogni lotto<\/a><\/span> di prodotti protegge rigorosamente la qualit\u00e0, dalla selezione dei fornitori di materie prime, all&#8217;uso di apparecchiature di collaudo avanzate per monitorare accuratamente l&#8217;intero processo di produzione, al prodotto finito attraverso molti cicli di campionamento severo e certificazione autorevole di terze parti, al sistema di controllo della qualit\u00e0 a tutto tondo e a tolleranza zero per garantire che ogni lotto di prodotti soddisfi e superi gli elevati standard del settore, per fornire ai nostri clienti la migliore qualit\u00e0 e i prodotti pi\u00f9 stabili.<\/p>\n<h2><span style=\"font-size: 14pt;\">Imballaggio e stoccaggio<\/span><\/h2>\n<p>La polvere di cloruro di itterbio idrato \u00e8 confezionata in un sacchetto sottovuoto o in una bottiglia sottovuoto in cartone per garantire un trasporto sicuro.<\/p>\n<p>L&#8217;idrato di cloruro di itterbio deve essere conservato in contenitori sigillati in un ambiente fresco, asciutto e ben ventilato, lontano da fonti di calore e umidit\u00e0, evitando il contatto con forti ossidanti, basi forti e altre sostanze che possono reagire per prevenire la deliquescenza e il deterioramento.<\/p>\n","protected":false},"excerpt":{"rendered":"<p><span style=\"color: #0000ff;\"><a style=\"color: #0000ff;\" href=\"https:\/\/vimaterial.de\/it\/product\/cloruro-di-itterbio\/\">Cloruro di itterbio<\/a> <\/span>La polvere idrato \u00e8 un cloruro di itterbio con acqua di cristallizzazione, solitamente una polvere cristallina bianca o incolore, con una certa solubilit\u00e0, pu\u00f2 essere deliquescente nell&#8217;aria a causa dell&#8217;assorbimento di umidit\u00e0 e pu\u00f2 essere utilizzata nella separazione di elementi delle terre rare, nella sintesi chimica e nella scienza dei materiali.<\/p>\n<p>VIMATERIAL fornisce polvere di cloruro di itterbio idrato in varie specifiche e supporta il servizio di legatura del bersaglio. Accettiamo la personalizzazione dei prodotti, <span style=\"color: #0000ff;\"><a style=\"color: #0000ff;\" href=\"https:\/\/vimaterial.de\/it\/contatto\/\">contattaci<\/a>.<\/span><\/p>\n<p>&nbsp;<\/p>\n<p>&nbsp;<\/p>\n","protected":false},"featured_media":1034633,"comment_status":"open","ping_status":"closed","template":"","meta":{"_acf_changed":false},"product_brand":[],"product_cat":[203],"product_tag":[],"class_list":{"0":"post-1028667","1":"product","2":"type-product","3":"status-publish","4":"has-post-thumbnail","6":"product_cat-materiali-per-terre-rare","8":"first","9":"instock","10":"shipping-taxable","11":"purchasable","12":"product-type-variable"},"acf":[],"_links":{"self":[{"href":"https:\/\/vimaterial.de\/it\/wp-json\/wp\/v2\/product\/1028667","targetHints":{"allow":["GET"]}}],"collection":[{"href":"https:\/\/vimaterial.de\/it\/wp-json\/wp\/v2\/product"}],"about":[{"href":"https:\/\/vimaterial.de\/it\/wp-json\/wp\/v2\/types\/product"}],"replies":[{"embeddable":true,"href":"https:\/\/vimaterial.de\/it\/wp-json\/wp\/v2\/comments?post=1028667"}],"wp:featuredmedia":[{"embeddable":true,"href":"https:\/\/vimaterial.de\/it\/wp-json\/wp\/v2\/media\/1034633"}],"wp:attachment":[{"href":"https:\/\/vimaterial.de\/it\/wp-json\/wp\/v2\/media?parent=1028667"}],"wp:term":[{"taxonomy":"product_brand","embeddable":true,"href":"https:\/\/vimaterial.de\/it\/wp-json\/wp\/v2\/product_brand?post=1028667"},{"taxonomy":"product_cat","embeddable":true,"href":"https:\/\/vimaterial.de\/it\/wp-json\/wp\/v2\/product_cat?post=1028667"},{"taxonomy":"product_tag","embeddable":true,"href":"https:\/\/vimaterial.de\/it\/wp-json\/wp\/v2\/product_tag?post=1028667"}],"curies":[{"name":"wp","href":"https:\/\/api.w.org\/{rel}","templated":true}]}}