{"id":1028640,"date":"2024-06-17T16:08:37","date_gmt":"2024-06-17T08:08:37","guid":{"rendered":"https:\/\/vimaterial.de\/product\/boruro-di-samario-2\/"},"modified":"2024-10-24T09:20:16","modified_gmt":"2024-10-24T01:20:16","slug":"boruro-di-samario-2","status":"publish","type":"product","link":"https:\/\/vimaterial.de\/it\/product\/boruro-di-samario-2\/","title":{"rendered":"Boruro di Samario"},"content":{"rendered":"<h4>Informazioni di base<\/h4>\n<p>Il boruro di samario (SmB\u2086) \u00e8 un composto intermetallico costituito da samario (Sm) e boro (B). Il samario \u00e8 un elemento delle terre rare con propriet\u00e0 fisiche e chimiche uniche, mentre il boro \u00e8 un elemento non metallico. La combinazione delle due forme samario boruro, che mostra un valore speciale in molti campi.<\/p>\n<h4>Propriet\u00e0 fisiche<\/h4>\n<p>Aspetto e colore: Di solito \u00e8 una sostanza polverosa nera o grigio-nera. Struttura cristallina: Ha una struttura cristallina cubica, che gli conferisce un alto grado di simmetria.<\/p>\n<p>Densit\u00e0: La densit\u00e0 \u00e8 relativamente alta, circa 5,07 g\/cm\u00b3. Durezza: elevata durezza e buona resistenza all&#8217;usura.<\/p>\n<h4>Campo di applicazione<\/h4>\n<p>Dispositivi elettronici: grazie alle sue speciali propriet\u00e0 elettriche, come il comportamento isolante Kondo, pu\u00f2 essere utilizzato nella produzione di dispositivi elettronici ad alta frequenza, dispositivi elettronici superconduttori e altri nuovi tipi di dispositivi elettronici, ed \u00e8 un materiale potenziale per lo studio del calcolo quantistico e dell&#8217;archiviazione quantistica delle informazioni e di altri campi.<\/p>\n<p>Ricerca sulla scienza dei materiali: come tipico materiale isolante Kondo, svolge un ruolo chiave come materiale sperimentale nello studio di teorie all&#8217;avanguardia della scienza dei materiali come i sistemi elettronici fortemente correlati e le transizioni di fase quantistiche, aiutando gli scienziati ad acquisire una comprensione pi\u00f9 profonda di fenomeni fisici complessi.<\/p>\n<p>Campo di materiali resistenti all&#8217;usura: con la sua grande durezza e buone propriet\u00e0 di resistenza all&#8217;usura, pu\u00f2 essere utilizzato per preparare rivestimenti resistenti all&#8217;usura o parti resistenti all&#8217;usura, che vengono applicate in macchinari, aerospaziale e altri campi.<\/p>\n","protected":false},"excerpt":{"rendered":"<p>Il boruro di samario (SmB\u2086) \u00e8 un composto intermetallico costituito da samario (Sm) e boro (B). Il samario \u00e8 un elemento delle terre rare con propriet\u00e0 fisiche e chimiche uniche, mentre il boro \u00e8 un elemento non metallico. La combinazione delle due forme samario boruro, che mostra un valore speciale in molti campi.<\/p>\n<p>Dispositivi elettronici: grazie alle sue speciali propriet\u00e0 elettriche, come il comportamento isolante Kondo, pu\u00f2 essere utilizzato nella produzione di dispositivi elettronici ad alta frequenza, dispositivi elettronici superconduttori e altri nuovi tipi di dispositivi elettronici, ed \u00e8 un materiale potenziale per lo studio del calcolo quantistico e dell&#8217;archiviazione quantistica delle informazioni e di altri campi.<\/p>\n<p>&nbsp;<\/p>\n","protected":false},"featured_media":1034223,"comment_status":"open","ping_status":"closed","template":"","meta":{"_acf_changed":false},"product_brand":[],"product_cat":[202,203],"product_tag":[],"class_list":{"0":"post-1028640","1":"product","2":"type-product","3":"status-publish","4":"has-post-thumbnail","6":"product_cat-materiali-c-n-b-si","7":"product_cat-materiali-per-terre-rare","9":"first","10":"instock","11":"shipping-taxable","12":"purchasable","13":"product-type-variable"},"acf":[],"_links":{"self":[{"href":"https:\/\/vimaterial.de\/it\/wp-json\/wp\/v2\/product\/1028640","targetHints":{"allow":["GET"]}}],"collection":[{"href":"https:\/\/vimaterial.de\/it\/wp-json\/wp\/v2\/product"}],"about":[{"href":"https:\/\/vimaterial.de\/it\/wp-json\/wp\/v2\/types\/product"}],"replies":[{"embeddable":true,"href":"https:\/\/vimaterial.de\/it\/wp-json\/wp\/v2\/comments?post=1028640"}],"wp:featuredmedia":[{"embeddable":true,"href":"https:\/\/vimaterial.de\/it\/wp-json\/wp\/v2\/media\/1034223"}],"wp:attachment":[{"href":"https:\/\/vimaterial.de\/it\/wp-json\/wp\/v2\/media?parent=1028640"}],"wp:term":[{"taxonomy":"product_brand","embeddable":true,"href":"https:\/\/vimaterial.de\/it\/wp-json\/wp\/v2\/product_brand?post=1028640"},{"taxonomy":"product_cat","embeddable":true,"href":"https:\/\/vimaterial.de\/it\/wp-json\/wp\/v2\/product_cat?post=1028640"},{"taxonomy":"product_tag","embeddable":true,"href":"https:\/\/vimaterial.de\/it\/wp-json\/wp\/v2\/product_tag?post=1028640"}],"curies":[{"name":"wp","href":"https:\/\/api.w.org\/{rel}","templated":true}]}}