{"id":1028565,"date":"2024-06-17T16:08:39","date_gmt":"2024-06-17T08:08:39","guid":{"rendered":"https:\/\/vimaterial.de\/product\/lega-di-samario-cobalto-2\/"},"modified":"2024-10-23T15:18:54","modified_gmt":"2024-10-23T07:18:54","slug":"lega-di-samario-cobalto-2","status":"publish","type":"product","link":"https:\/\/vimaterial.de\/it\/product\/lega-di-samario-cobalto-2\/","title":{"rendered":"Lega di samario cobalto"},"content":{"rendered":"<p>Il bersaglio della lega di cobalto del samario \u00e8 un importante bersaglio del materiale magnetico.<\/p>\n<p>Informazioni di base:<\/p>\n<p>Composizione: \u00c8 composto da due elementi di samario (Sm) e cobalto (Co) in rapporto specifico, e la sua formula chimica \u00e8 SmCo5.<br \/>\nStruttura cristallina: struttura cristallina di tipo CaCu5.<br \/>\nAspetto: Generalmente grigio o nero grumoso solido.<br \/>\nDensit\u00e0: La densit\u00e0 \u00e8 relativamente alta, il che fa s\u00ec che il bersaglio abbia una migliore stabilit\u00e0 e durata nel processo di sputtering.<br \/>\nDurezza: maggiore durezza per resistere al bombardamento ionico durante il processo di sputtering e meno probabilit\u00e0 di essere deformato o danneggiato.<\/p>\n<p>Aree di applicazione:<\/p>\n<p>Campo di archiviazione magnetico: A causa delle eccellenti propriet\u00e0 magnetiche dei target in lega di samario cobalto, possono essere utilizzati per preparare rivestimenti magnetici per supporti di archiviazione magnetici come dischi rigidi, nastri magnetici, ecc., che possono migliorare la densit\u00e0 di archiviazione e la velocit\u00e0 di lettura e scrittura dei dati.<\/p>\n<p>Campo dei sistemi microelettromeccanici (MEMS): nei dispositivi MEMS, i bersagli in lega di samario cobalto possono essere utilizzati per preparare sensori magnetici miniaturizzati, attuatori e altri componenti per fornire funzioni magnetiche per i dispositivi MEMS.<\/p>\n<p>Campo del motore a magneti permanenti: i target in lega di samario cobalto possono essere utilizzati per preparare magneti permanenti per motori a magneti permanenti, migliorando l&#8217;efficienza e la densit\u00e0 di potenza dei motori.<\/p>\n","protected":false},"excerpt":{"rendered":"<p>Il bersaglio della lega di cobalto del samario \u00e8 un importante bersaglio del materiale magnetico.<\/p>\n<p>Campo di archiviazione magnetico: grazie alle eccellenti propriet\u00e0 magnetiche dei target SmCo5, possono essere utilizzati per preparare rivestimenti magnetici per supporti di memorizzazione magnetici come dischi rigidi, nastri magnetici, ecc., che possono migliorare la densit\u00e0 di archiviazione e la velocit\u00e0 di lettura e scrittura dei dati.<\/p>\n<p>Campo dei sistemi microelettromeccanici (MEMS): nei dispositivi MEMS, i target SmCo5 possono essere utilizzati per preparare sensori magnetici miniaturizzati, attuatori e altri componenti per fornire funzioni magnetiche per i dispositivi MEMS.<\/p>\n","protected":false},"featured_media":1034243,"comment_status":"open","ping_status":"closed","template":"","meta":{"_acf_changed":false},"product_brand":[],"product_cat":[197],"product_tag":[],"class_list":{"0":"post-1028565","1":"product","2":"type-product","3":"status-publish","4":"has-post-thumbnail","6":"product_cat-obiettivi-di-sputtering-planari","8":"first","9":"instock","10":"shipping-taxable","11":"product-type-variable"},"acf":[],"_links":{"self":[{"href":"https:\/\/vimaterial.de\/it\/wp-json\/wp\/v2\/product\/1028565","targetHints":{"allow":["GET"]}}],"collection":[{"href":"https:\/\/vimaterial.de\/it\/wp-json\/wp\/v2\/product"}],"about":[{"href":"https:\/\/vimaterial.de\/it\/wp-json\/wp\/v2\/types\/product"}],"replies":[{"embeddable":true,"href":"https:\/\/vimaterial.de\/it\/wp-json\/wp\/v2\/comments?post=1028565"}],"wp:featuredmedia":[{"embeddable":true,"href":"https:\/\/vimaterial.de\/it\/wp-json\/wp\/v2\/media\/1034243"}],"wp:attachment":[{"href":"https:\/\/vimaterial.de\/it\/wp-json\/wp\/v2\/media?parent=1028565"}],"wp:term":[{"taxonomy":"product_brand","embeddable":true,"href":"https:\/\/vimaterial.de\/it\/wp-json\/wp\/v2\/product_brand?post=1028565"},{"taxonomy":"product_cat","embeddable":true,"href":"https:\/\/vimaterial.de\/it\/wp-json\/wp\/v2\/product_cat?post=1028565"},{"taxonomy":"product_tag","embeddable":true,"href":"https:\/\/vimaterial.de\/it\/wp-json\/wp\/v2\/product_tag?post=1028565"}],"curies":[{"name":"wp","href":"https:\/\/api.w.org\/{rel}","templated":true}]}}