{"id":1028539,"date":"2024-06-17T16:08:39","date_gmt":"2024-06-17T08:08:39","guid":{"rendered":"https:\/\/vimaterial.de\/product\/europio-metallo-2\/"},"modified":"2024-10-23T15:35:19","modified_gmt":"2024-10-23T07:35:19","slug":"europio-metallo-2","status":"publish","type":"product","link":"https:\/\/vimaterial.de\/it\/product\/europio-metallo-2\/","title":{"rendered":"Metallo Europio"},"content":{"rendered":"<h3>Propriet\u00e0 essenziali:<\/h3>\n<p>Numero atomico: 63, appartiene agli elementi<br \/>\ndella serie dei lantanidi Aspetto: le particelle di metallo di europio puro sono bianco-argento con lucentezza metallica.<\/p>\n<p>Densit\u00e0: la densit\u00e0 relativa \u00e8 di circa 5,24 g\/cm\u00b3, che \u00e8 relativamente piccola tra gli elementi delle terre rare.<\/p>\n<p>Punto di fusione: Metallo Europio punto di fusione \u00e8 di circa 822\u00b0C, relativamente basso.<\/p>\n<p>Durezza: la durezza Mohs \u00e8 solitamente 5,5-6,5.<\/p>\n<p>Conduttivit\u00e0: Buona conducibilit\u00e0 elettrica.<\/p>\n<h3>Utilizzazioni:<\/h3>\n<p>Materiali ottici: Metallo Europio hanno propriet\u00e0 luminescenti uniche nella gamma di lunghezze d&#8217;onda visibili, con bande nitide simili a linee di salto di elettroni f-f nei loro spettri di emissione, in grado di emettere luce colorata di elevata purezza.<\/p>\n<p>Industria dell&#8217;energia atomica: poich\u00e9 gli atomi di europio possono assorbire pi\u00f9 neutroni di qualsiasi altro elemento, \u00e8 comunemente usato nei reattori atomici come materiali che assorbono i neutroni e pu\u00f2 anche essere utilizzato nella produzione di materiali di controllo dei reattori e materiali di protezione dei neutroni.<\/p>\n<p>Altri campi: Ha anche alcune applicazioni nei materiali ottici organici e nei campi biomedici, ad esempio, ha potenziali applicazioni nel bio-imaging e nella marcatura cellulare. Tuttavia, le sue applicazioni biomediche sono ancora in fase di ricerca.<\/p>\n","protected":false},"excerpt":{"rendered":"<p>Materiali ottici: Metallo Europio hanno propriet\u00e0 luminescenti uniche nella gamma di lunghezze d&#8217;onda visibili, con bande nitide simili a linee di salto di elettroni f-f nei loro spettri di emissione, in grado di emettere luce colorata di elevata purezza.<\/p>\n<p>Altri campi: Ha anche alcune applicazioni nei materiali ottici organici e nei campi biomedici, ad esempio, ha potenziali applicazioni nel bio-imaging e nella marcatura cellulare. Tuttavia, le sue applicazioni biomediche sono ancora in fase di ricerca.<\/p>\n","protected":false},"featured_media":1034248,"comment_status":"open","ping_status":"closed","template":"","meta":{"_acf_changed":false},"product_brand":[],"product_cat":[198],"product_tag":[],"class_list":{"0":"post-1028539","1":"product","2":"type-product","3":"status-publish","4":"has-post-thumbnail","6":"product_cat-materiali-per-levaporazione","8":"first","9":"instock","10":"shipping-taxable","11":"purchasable","12":"product-type-variable"},"acf":[],"_links":{"self":[{"href":"https:\/\/vimaterial.de\/it\/wp-json\/wp\/v2\/product\/1028539","targetHints":{"allow":["GET"]}}],"collection":[{"href":"https:\/\/vimaterial.de\/it\/wp-json\/wp\/v2\/product"}],"about":[{"href":"https:\/\/vimaterial.de\/it\/wp-json\/wp\/v2\/types\/product"}],"replies":[{"embeddable":true,"href":"https:\/\/vimaterial.de\/it\/wp-json\/wp\/v2\/comments?post=1028539"}],"wp:featuredmedia":[{"embeddable":true,"href":"https:\/\/vimaterial.de\/it\/wp-json\/wp\/v2\/media\/1034248"}],"wp:attachment":[{"href":"https:\/\/vimaterial.de\/it\/wp-json\/wp\/v2\/media?parent=1028539"}],"wp:term":[{"taxonomy":"product_brand","embeddable":true,"href":"https:\/\/vimaterial.de\/it\/wp-json\/wp\/v2\/product_brand?post=1028539"},{"taxonomy":"product_cat","embeddable":true,"href":"https:\/\/vimaterial.de\/it\/wp-json\/wp\/v2\/product_cat?post=1028539"},{"taxonomy":"product_tag","embeddable":true,"href":"https:\/\/vimaterial.de\/it\/wp-json\/wp\/v2\/product_tag?post=1028539"}],"curies":[{"name":"wp","href":"https:\/\/api.w.org\/{rel}","templated":true}]}}