{"id":1028095,"date":"2024-06-17T16:12:03","date_gmt":"2024-06-17T08:12:03","guid":{"rendered":"https:\/\/vimaterial.de\/product\/fluoruro-di-gadolinio-dfm\/"},"modified":"2024-10-23T13:42:50","modified_gmt":"2024-10-23T05:42:50","slug":"fluoruro-di-gadolinio-dfm","status":"publish","type":"product","link":"https:\/\/vimaterial.de\/it\/product\/fluoruro-di-gadolinio-dfm\/","title":{"rendered":"Fluoruro di gadolinio (DFM)"},"content":{"rendered":"<p>Il bersaglio del fluoruro di gadolinio \u00e8 un importante bersaglio per sputtering con molteplici propriet\u00e0 e applicazioni.<\/p>\n<h3>Informazioni di base:<\/h3>\n<p>Composizione: il componente principale \u00e8 il GdF\u2083, che \u00e8 costituito dagli elementi gadolinio e fluoro.<\/p>\n<p>Aspetto: Solitamente fiocchi solidi, rotondi o altre forme personalizzate.<\/p>\n<p>Densit\u00e0: relativamente alta, il che conferisce ai bersagli di fluoruro di gadolinio una buona stabilit\u00e0 durante lo sputtering.<\/p>\n<p>Punto di fusione: 1231\u00b0C. Durezza: Ha un certo grado di durezza per resistere al bombardamento e all&#8217;abrasione da parte degli ioni durante il processo di sputtering.<\/p>\n<h3>Campo di applicazione:<\/h3>\n<p>Campo ottico: pu\u00f2 essere utilizzato per preparare pellicole ottiche, come la placcatura di pellicole GdF\u2083 su lenti ottiche, filtri, dispositivi laser e altri componenti ottici, che possono migliorare le prestazioni dei componenti ottici, come aumentare l&#8217;indice di rifrazione e migliorare la trasmittanza ottica.<\/p>\n<p>Campo elettronico: nella produzione di dispositivi elettronici, il target GdF\u2083 pu\u00f2 essere utilizzato per la preparazione di film elettronici, come dispositivi a semiconduttore, circuiti integrati e altri componenti elettronici rivestiti con film di fluoruro di gadolinio, pu\u00f2 migliorare le prestazioni dei componenti elettronici, come il miglioramento della conduttivit\u00e0 elettrica, il miglioramento delle propriet\u00e0 magnetiche.<\/p>\n<p>Ricerca sulla scienza dei materiali: poich\u00e9 il fluoruro di gadolinio ha propriet\u00e0 fisiche e chimiche uniche, i bersagli del fluoruro di gadolinio hanno anche importanti applicazioni nella ricerca sulla scienza dei materiali.<\/p>\n","protected":false},"excerpt":{"rendered":"<p>Il bersaglio del fluoruro di gadolinio \u00e8 un importante bersaglio per sputtering con molteplici propriet\u00e0 e applicazioni.<\/p>\n<p>Campo ottico: pu\u00f2 essere utilizzato per preparare pellicole ottiche, come la placcatura di pellicole GdF\u2083 su lenti ottiche, filtri, dispositivi laser e altri componenti ottici, che possono migliorare le prestazioni dei componenti ottici, come aumentare l&#8217;indice di rifrazione e migliorare la trasmittanza ottica.<\/p>\n<p>Campo elettronico: nella produzione di dispositivi elettronici, il target GdF\u2083 pu\u00f2 essere utilizzato per la preparazione di film elettronici, come dispositivi a semiconduttore, circuiti integrati e altri componenti elettronici rivestiti con film GdF\u2083, pu\u00f2 migliorare le prestazioni dei componenti elettronici, come il miglioramento della conduttivit\u00e0 elettrica, propriet\u00e0 magnetiche migliorate.<\/p>\n","protected":false},"featured_media":1038740,"comment_status":"open","ping_status":"closed","template":"","meta":{"_acf_changed":false},"product_brand":[],"product_cat":[197],"product_tag":[],"class_list":{"0":"post-1028095","1":"product","2":"type-product","3":"status-publish","4":"has-post-thumbnail","6":"product_cat-obiettivi-di-sputtering-planari","8":"first","9":"instock","10":"shipping-taxable","11":"product-type-variable"},"acf":[],"_links":{"self":[{"href":"https:\/\/vimaterial.de\/it\/wp-json\/wp\/v2\/product\/1028095","targetHints":{"allow":["GET"]}}],"collection":[{"href":"https:\/\/vimaterial.de\/it\/wp-json\/wp\/v2\/product"}],"about":[{"href":"https:\/\/vimaterial.de\/it\/wp-json\/wp\/v2\/types\/product"}],"replies":[{"embeddable":true,"href":"https:\/\/vimaterial.de\/it\/wp-json\/wp\/v2\/comments?post=1028095"}],"wp:featuredmedia":[{"embeddable":true,"href":"https:\/\/vimaterial.de\/it\/wp-json\/wp\/v2\/media\/1038740"}],"wp:attachment":[{"href":"https:\/\/vimaterial.de\/it\/wp-json\/wp\/v2\/media?parent=1028095"}],"wp:term":[{"taxonomy":"product_brand","embeddable":true,"href":"https:\/\/vimaterial.de\/it\/wp-json\/wp\/v2\/product_brand?post=1028095"},{"taxonomy":"product_cat","embeddable":true,"href":"https:\/\/vimaterial.de\/it\/wp-json\/wp\/v2\/product_cat?post=1028095"},{"taxonomy":"product_tag","embeddable":true,"href":"https:\/\/vimaterial.de\/it\/wp-json\/wp\/v2\/product_tag?post=1028095"}],"curies":[{"name":"wp","href":"https:\/\/api.w.org\/{rel}","templated":true}]}}