{"id":1028080,"date":"2024-06-17T16:12:03","date_gmt":"2024-06-17T08:12:03","guid":{"rendered":"https:\/\/vimaterial.de\/product\/scandato-di-gadolinio-2\/"},"modified":"2024-10-23T14:11:22","modified_gmt":"2024-10-23T06:11:22","slug":"scandato-di-gadolinio-2","status":"publish","type":"product","link":"https:\/\/vimaterial.de\/it\/product\/scandato-di-gadolinio-2\/","title":{"rendered":"Scansione del gadolinio"},"content":{"rendered":"<p>Le particelle di Scansione del gadolinio un materiale con propriet\u00e0 uniche e potenziali applicazioni.<\/p>\n<h3>Informazioni di base:<\/h3>\n<p>Composizione chimica: composto da tre elementi: gadolinio (Gd), scandio (Sc) e ossigeno (O).<\/p>\n<p>Struttura cristallina: Appartiene al sistema cristallino ortorombico con il gruppo spaziale Pnma (62).<\/p>\n<p>Densit\u00e0: Relativamente alta, il che gli conferisce una buona stabilit\u00e0 e peso in alcune applicazioni.<\/p>\n<p>Durezza: Ha un certo grado di durezza, che gli consente di resistere in una certa misura alle forze esterne.<\/p>\n<h3>Propriet\u00e0 chimiche:<\/h3>\n<p>Stabilit\u00e0 chimica: Scansione del gadolinio ha una buona stabilit\u00e0 chimica a temperatura e pressione ambiente, ma in un ambiente chimico specifico, come acidi forti e alcali, pu\u00f2 verificarsi un certo grado di reazione chimica.<\/p>\n<p>Reattivit\u00e0: a causa della sua speciale struttura cristallina e della struttura elettronica, pu\u00f2 mostrare una certa attivit\u00e0 in alcune reazioni chimiche, ad esempio, quando reagisce con determinati ossidi metallici o altri composti, pu\u00f2 subire scambio ionico, redox e altre reazioni.<\/p>\n<h3>Aree di applicazione:<\/h3>\n<p>Materiali laser: drogato con alcuni ioni di terre rare, il Gadolinio Scandate pu\u00f2 essere utilizzato come materiale a matrice per cristalli laser e utilizzato nella preparazione di laser.<\/p>\n<p>Dispositivi ottici: utilizzando le sue propriet\u00e0 birifrangenti, viene utilizzato per preparare dispositivi ottici come polarizzatori ottici e piastre d&#8217;onda, che hanno un potenziale applicativo nei campi della comunicazione ottica e del rilevamento ottico.<\/p>\n<p>Catalizzatore: pu\u00f2 avere attivit\u00e0 catalitica in alcune reazioni chimiche, ad esempio nell&#8217;ossidazione catalitica, nell&#8217;idrogenazione catalitica e in altre reazioni, pu\u00f2 essere utilizzato come catalizzatore o vettore di catalizzatore per migliorare l&#8217;efficienza e la selettivit\u00e0 della reazione.<\/p>\n<p>Sensori: Grazie alla sua sensibilit\u00e0 alle variazioni di grandezze fisiche come temperatura e pressione, il Gadolinio Scandate pu\u00f2 essere utilizzato per preparare sensori di temperatura, sensori di pressione, ecc.<\/p>\n","protected":false},"excerpt":{"rendered":"<p>Le particelle di Scansione del gadolinio un materiale con propriet\u00e0 uniche e potenziali applicazioni.<\/p>\n<p>Materiali laser: Scansione del gadolinio drogato con alcuni ioni di terre rare, pu\u00f2 essere utilizzato come materiale matrice per cristalli laser e utilizzato nella preparazione di laser.<\/p>\n<p>Dispositivi ottici: utilizzando le sue propriet\u00e0 birifrangenti, viene utilizzato per preparare dispositivi ottici come polarizzatori ottici e piastre d&#8217;onda, che hanno un potenziale applicativo nei campi della comunicazione ottica e del rilevamento ottico.<\/p>\n","protected":false},"featured_media":1038747,"comment_status":"open","ping_status":"closed","template":"","meta":{"_acf_changed":false},"product_brand":[],"product_cat":[198],"product_tag":[],"class_list":{"0":"post-1028080","1":"product","2":"type-product","3":"status-publish","4":"has-post-thumbnail","6":"product_cat-materiali-per-levaporazione","8":"first","9":"instock","10":"shipping-taxable","11":"product-type-variable"},"acf":[],"_links":{"self":[{"href":"https:\/\/vimaterial.de\/it\/wp-json\/wp\/v2\/product\/1028080","targetHints":{"allow":["GET"]}}],"collection":[{"href":"https:\/\/vimaterial.de\/it\/wp-json\/wp\/v2\/product"}],"about":[{"href":"https:\/\/vimaterial.de\/it\/wp-json\/wp\/v2\/types\/product"}],"replies":[{"embeddable":true,"href":"https:\/\/vimaterial.de\/it\/wp-json\/wp\/v2\/comments?post=1028080"}],"wp:featuredmedia":[{"embeddable":true,"href":"https:\/\/vimaterial.de\/it\/wp-json\/wp\/v2\/media\/1038747"}],"wp:attachment":[{"href":"https:\/\/vimaterial.de\/it\/wp-json\/wp\/v2\/media?parent=1028080"}],"wp:term":[{"taxonomy":"product_brand","embeddable":true,"href":"https:\/\/vimaterial.de\/it\/wp-json\/wp\/v2\/product_brand?post=1028080"},{"taxonomy":"product_cat","embeddable":true,"href":"https:\/\/vimaterial.de\/it\/wp-json\/wp\/v2\/product_cat?post=1028080"},{"taxonomy":"product_tag","embeddable":true,"href":"https:\/\/vimaterial.de\/it\/wp-json\/wp\/v2\/product_tag?post=1028080"}],"curies":[{"name":"wp","href":"https:\/\/api.w.org\/{rel}","templated":true}]}}