{"id":1028003,"date":"2024-06-17T16:12:04","date_gmt":"2024-06-17T08:12:04","guid":{"rendered":"https:\/\/vimaterial.de\/product\/terbio-metallico-3\/"},"modified":"2024-10-23T11:35:14","modified_gmt":"2024-10-23T03:35:14","slug":"terbio-metallico-3","status":"publish","type":"product","link":"https:\/\/vimaterial.de\/it\/product\/terbio-metallico-3\/","title":{"rendered":"Terbio metallico"},"content":{"rendered":"<h3>Informazioni di base<\/h3>\n<p>Composizione e struttura: Terbio metallico \u00e8 composta principalmente dall&#8217;elemento terbio (Tb) ed \u00e8 un materiale in cui il terbio viene trasformato in un foglio sottile. Il terbio metallico \u00e8 un metallo delle terre rare lantanidi con un numero atomico di 65 e le sue lamine di solito hanno una struttura cristallina metallica.<\/p>\n<p>Aspetto: Generalmente ha una lucentezza metallica grigio-argentea. La sua superficie \u00e8 relativamente liscia e piatta e lo spessore della lamina \u00e8 solitamente molto sottile, il che la rende molto flessibile e ne consente la piegatura in una certa misura senza rompersi.<\/p>\n<h3>Applicazioni<\/h3>\n<p>Elettronica: le lamine di terbio sono utilizzate come materiali per elettrodi o materiali di schermatura elettromagnetica nella produzione di componenti elettronici.<\/p>\n<p>Applicazioni ottiche: Terbio metallico possono essere utilizzate come substrati per specchi ottici o filtri ottici. Grazie alla sua lucentezza metallica e ad alcune propriet\u00e0 riflettenti ottiche, la lamina di Terbio pu\u00f2 migliorare l&#8217;efficienza riflettente dei sistemi ottici o modificare le caratteristiche di propagazione della luce.<\/p>\n<p>Materiali ausiliari per materiali magnetici: la lamina di terbio pu\u00f2 essere utilizzata come additivo o materiale isolante nella preparazione di materiali magnetici. Ad esempio, le lamine di terbio possono essere utilizzate per separare diversi strati magnetici nella preparazione di materiali magnetici multistrato o come materiale drogante per migliorare le propriet\u00e0 del materiale magnetico complessivo.<\/p>\n","protected":false},"excerpt":{"rendered":"<p>Elettronica: le lamine metalliche di terbio sono utilizzate come materiali per elettrodi o materiali di schermatura elettromagnetica nella produzione di componenti elettronici.<\/p>\n<p>Applicazioni ottiche: le lamine metalliche di terbio possono essere utilizzate come substrati per specchi ottici o filtri ottici. Grazie alla sua lucentezza metallica e ad alcune propriet\u00e0 riflettenti ottiche, la lamina di Terbio pu\u00f2 migliorare l&#8217;efficienza riflettente dei sistemi ottici o modificare le caratteristiche di propagazione della luce.<\/p>\n","protected":false},"featured_media":1038718,"comment_status":"open","ping_status":"closed","template":"","meta":{"_acf_changed":false},"product_brand":[],"product_cat":[207],"product_tag":[],"class_list":{"0":"post-1028003","1":"product","2":"type-product","3":"status-publish","4":"has-post-thumbnail","6":"product_cat-profilo","8":"first","9":"instock","10":"shipping-taxable","11":"purchasable","12":"product-type-variable"},"acf":[],"_links":{"self":[{"href":"https:\/\/vimaterial.de\/it\/wp-json\/wp\/v2\/product\/1028003","targetHints":{"allow":["GET"]}}],"collection":[{"href":"https:\/\/vimaterial.de\/it\/wp-json\/wp\/v2\/product"}],"about":[{"href":"https:\/\/vimaterial.de\/it\/wp-json\/wp\/v2\/types\/product"}],"replies":[{"embeddable":true,"href":"https:\/\/vimaterial.de\/it\/wp-json\/wp\/v2\/comments?post=1028003"}],"wp:featuredmedia":[{"embeddable":true,"href":"https:\/\/vimaterial.de\/it\/wp-json\/wp\/v2\/media\/1038718"}],"wp:attachment":[{"href":"https:\/\/vimaterial.de\/it\/wp-json\/wp\/v2\/media?parent=1028003"}],"wp:term":[{"taxonomy":"product_brand","embeddable":true,"href":"https:\/\/vimaterial.de\/it\/wp-json\/wp\/v2\/product_brand?post=1028003"},{"taxonomy":"product_cat","embeddable":true,"href":"https:\/\/vimaterial.de\/it\/wp-json\/wp\/v2\/product_cat?post=1028003"},{"taxonomy":"product_tag","embeddable":true,"href":"https:\/\/vimaterial.de\/it\/wp-json\/wp\/v2\/product_tag?post=1028003"}],"curies":[{"name":"wp","href":"https:\/\/api.w.org\/{rel}","templated":true}]}}