{"id":1027996,"date":"2024-06-17T16:12:04","date_gmt":"2024-06-17T08:12:04","guid":{"rendered":"https:\/\/vimaterial.de\/product\/terbio-metallico-2\/"},"modified":"2024-10-23T11:15:04","modified_gmt":"2024-10-23T03:15:04","slug":"terbio-metallico-2","status":"publish","type":"product","link":"https:\/\/vimaterial.de\/it\/product\/terbio-metallico-2\/","title":{"rendered":"Terbio metallico"},"content":{"rendered":"<p>La polvere di terbio metallico \u00e8 un&#8217;importante polvere di materiale metallico delle terre rare.<\/p>\n<h3>Propriet\u00e0 di base:<\/h3>\n<p>Numero atomico: 65.<\/p>\n<p>Peso atomico: 158.9254.<\/p>\n<p>Caratteristiche dell&#8217;aspetto: di solito si presenta come una polvere grigio argento o bianca.<\/p>\n<p>Densit\u00e0: 8,234 g\/mL (a 25\u00b0C).<\/p>\n<p>Punto di fusione: 1356\u00b0C.<\/p>\n<p>Punto di ebollizione: 3230\u00b0C.<\/p>\n<h4>Propriet\u00e0 chimiche:<\/h4>\n<p>Attivit\u00e0: la polvere di terbio \u00e8 chimicamente pi\u00f9 attiva ed \u00e8 facile avere una lenta reazione di ossidazione con l&#8217;ossigeno nell&#8217;aria. Allo stesso tempo, pu\u00f2 reagire con l&#8217;acqua fredda e dovrebbe evitare il contatto con ossidi, acidi e umidit\u00e0 umida per prevenire reazioni chimiche.<\/p>\n<p>Reattivit\u00e0: Pu\u00f2 reagire con alcuni acidi per produrre il corrispondente sale di terbio e idrogeno gassoso. Ad esempio, il cloruro di terbio e l&#8217;idrogeno gassoso possono essere generati reagendo con l&#8217;acido cloridrico.<\/p>\n<h3>Utilizzazioni:<\/h3>\n<p>Nel campo dei materiali magnetici: nei materiali magnetici permanenti, l&#8217;aggiunta di polvere di terbio metallico pu\u00f2 migliorare la coercitivit\u00e0 e le propriet\u00e0 magnetiche del materiale, che viene utilizzato per produrre magneti permanenti ad alte prestazioni, come nei motori elettrici, nei generatori, nelle apparecchiature di risonanza magnetica, ecc. Ampiamente usato.<\/p>\n<p>Materiali ottici: i composti metallici del terbio hanno propriet\u00e0 ottiche uniche e la polvere di terbio pu\u00f2 essere utilizzata nella produzione di vetro ottico e fosfori. Ad esempio, l&#8217;ossido di terbio pu\u00f2 essere utilizzato come attivatore per i fosfori verdi nei tubi catodici dei televisori a colori.<\/p>\n<p>Industria dell&#8217;energia atomica: il terbio pu\u00f2 essere utilizzato come materiale di controllo e materiale strutturale e pu\u00f2 funzionare in ambienti difficili come i reattori nucleari grazie alla sua buona resistenza alle radiazioni e stabilit\u00e0 alle alte temperature.<\/p>\n","protected":false},"excerpt":{"rendered":"<p>La polvere di terbio metallico \u00e8 un&#8217;importante polvere di materiale metallico delle terre rare.<\/p>\n<p>Nel campo dei materiali magnetici: nei materiali magnetici permanenti, l&#8217;aggiunta di polvere di terbio pu\u00f2 migliorare la coercitivit\u00e0 e le propriet\u00e0 magnetiche del materiale, che viene utilizzato per produrre magneti permanenti ad alte prestazioni, come nei motori elettrici, nei generatori, nelle apparecchiature di risonanza magnetica, ecc. Ampiamente usato.<\/p>\n<p>Materiali ottici: i composti metallici del terbio hanno propriet\u00e0 ottiche uniche e la polvere di terbio pu\u00f2 essere utilizzata nella produzione di vetro ottico e fosfori. Ad esempio, l&#8217;ossido di terbio pu\u00f2 essere utilizzato come attivatore per i fosfori verdi nei tubi catodici dei televisori a colori.<\/p>\n<p>&nbsp;<\/p>\n","protected":false},"featured_media":1038708,"comment_status":"open","ping_status":"closed","template":"","meta":{"_acf_changed":false},"product_brand":[],"product_cat":[165],"product_tag":[],"class_list":{"0":"post-1027996","1":"product","2":"type-product","3":"status-publish","4":"has-post-thumbnail","6":"product_cat-senza-categoria","8":"first","9":"instock","10":"shipping-taxable","11":"purchasable","12":"product-type-variable"},"acf":[],"_links":{"self":[{"href":"https:\/\/vimaterial.de\/it\/wp-json\/wp\/v2\/product\/1027996","targetHints":{"allow":["GET"]}}],"collection":[{"href":"https:\/\/vimaterial.de\/it\/wp-json\/wp\/v2\/product"}],"about":[{"href":"https:\/\/vimaterial.de\/it\/wp-json\/wp\/v2\/types\/product"}],"replies":[{"embeddable":true,"href":"https:\/\/vimaterial.de\/it\/wp-json\/wp\/v2\/comments?post=1027996"}],"wp:featuredmedia":[{"embeddable":true,"href":"https:\/\/vimaterial.de\/it\/wp-json\/wp\/v2\/media\/1038708"}],"wp:attachment":[{"href":"https:\/\/vimaterial.de\/it\/wp-json\/wp\/v2\/media?parent=1027996"}],"wp:term":[{"taxonomy":"product_brand","embeddable":true,"href":"https:\/\/vimaterial.de\/it\/wp-json\/wp\/v2\/product_brand?post=1027996"},{"taxonomy":"product_cat","embeddable":true,"href":"https:\/\/vimaterial.de\/it\/wp-json\/wp\/v2\/product_cat?post=1027996"},{"taxonomy":"product_tag","embeddable":true,"href":"https:\/\/vimaterial.de\/it\/wp-json\/wp\/v2\/product_tag?post=1027996"}],"curies":[{"name":"wp","href":"https:\/\/api.w.org\/{rel}","templated":true}]}}