{"id":1027976,"date":"2024-06-17T16:12:04","date_gmt":"2024-06-17T08:12:04","guid":{"rendered":"https:\/\/vimaterial.de\/product\/terbio-metallico\/"},"modified":"2024-10-23T13:26:07","modified_gmt":"2024-10-23T05:26:07","slug":"terbio-metallico","status":"publish","type":"product","link":"https:\/\/vimaterial.de\/it\/product\/terbio-metallico\/","title":{"rendered":"Terbio metallico"},"content":{"rendered":"<p>I bersagli Terbio metallico sono un materiale importante.<\/p>\n<h3>Informazioni di base:<\/h3>\n<p>Numero atomico: 65.<\/p>\n<p>Aspetto: di solito si presenta come una scaglia solida, grigio argento o arrotondata e altre forme.<\/p>\n<p>Densit\u00e0: 8,27 g\/cm\u00b3.<\/p>\n<p>Punto di fusione: 1356\u00b0C.<\/p>\n<h3>Campo di applicazione:<\/h3>\n<p>Campo ottico: pu\u00f2 essere utilizzato per preparare pellicole ottiche, come il rivestimento di pellicole termiche su lenti ottiche, filtri, dispositivi laser e altri componenti ottici, che possono migliorare le prestazioni dei componenti ottici, come l&#8217;aumento dell&#8217;indice di rifrazione e il miglioramento della trasmittanza ottica.<\/p>\n<p>Elettronica: i bersagli Terbio metallico possono essere utilizzati per preparare pellicole elettroniche nella produzione di dispositivi elettronici, come dispositivi a semiconduttore, circuiti integrati e altri componenti elettronici rivestiti con pellicole di terbio, che possono migliorare le prestazioni dei componenti elettronici, come il miglioramento della conduttivit\u00e0 elettrica, le propriet\u00e0 magnetiche migliorate e cos\u00ec via.<\/p>\n<p>Nel campo del magnetismo, i bersagli di terbio possono essere utilizzati per la preparazione di pellicole magnetiche, come materiali di registrazione magnetici, sensori magnetici e altri dispositivi magnetici rivestiti con pellicole di terbio, che possono migliorare le prestazioni dei dispositivi magnetici, come aumentare la densit\u00e0 di archiviazione magnetica, migliorare la sensibilit\u00e0 magnetica e cos\u00ec via.<\/p>\n","protected":false},"excerpt":{"rendered":"<p>I bersagli Terbio metallico sono un materiale importante.<\/p>\n<p>Campo ottico: Terbio metallico pu\u00f2 essere utilizzato per preparare pellicole ottiche, come il rivestimento di pellicole termiche su lenti ottiche, filtri, dispositivi laser e altri componenti ottici, che possono migliorare le prestazioni dei componenti ottici, come l&#8217;aumento dell&#8217;indice di rifrazione e il miglioramento della trasmittanza ottica.<\/p>\n<p>Elettronica: i bersagli metallici del terbio possono essere utilizzati per preparare pellicole elettroniche nella produzione di dispositivi elettronici, come dispositivi a semiconduttore, circuiti integrati e altri componenti elettronici rivestiti con pellicole di terbio, che possono migliorare le prestazioni dei componenti elettronici, come il miglioramento della conduttivit\u00e0 elettrica, le propriet\u00e0 magnetiche migliorate e cos\u00ec via.<\/p>\n","protected":false},"featured_media":1038729,"comment_status":"open","ping_status":"closed","template":"","meta":{"_acf_changed":false},"product_brand":[],"product_cat":[197],"product_tag":[],"class_list":{"0":"post-1027976","1":"product","2":"type-product","3":"status-publish","4":"has-post-thumbnail","6":"product_cat-obiettivi-di-sputtering-planari","8":"first","9":"instock","10":"shipping-taxable","11":"product-type-variable"},"acf":[],"_links":{"self":[{"href":"https:\/\/vimaterial.de\/it\/wp-json\/wp\/v2\/product\/1027976","targetHints":{"allow":["GET"]}}],"collection":[{"href":"https:\/\/vimaterial.de\/it\/wp-json\/wp\/v2\/product"}],"about":[{"href":"https:\/\/vimaterial.de\/it\/wp-json\/wp\/v2\/types\/product"}],"replies":[{"embeddable":true,"href":"https:\/\/vimaterial.de\/it\/wp-json\/wp\/v2\/comments?post=1027976"}],"wp:featuredmedia":[{"embeddable":true,"href":"https:\/\/vimaterial.de\/it\/wp-json\/wp\/v2\/media\/1038729"}],"wp:attachment":[{"href":"https:\/\/vimaterial.de\/it\/wp-json\/wp\/v2\/media?parent=1027976"}],"wp:term":[{"taxonomy":"product_brand","embeddable":true,"href":"https:\/\/vimaterial.de\/it\/wp-json\/wp\/v2\/product_brand?post=1027976"},{"taxonomy":"product_cat","embeddable":true,"href":"https:\/\/vimaterial.de\/it\/wp-json\/wp\/v2\/product_cat?post=1027976"},{"taxonomy":"product_tag","embeddable":true,"href":"https:\/\/vimaterial.de\/it\/wp-json\/wp\/v2\/product_tag?post=1027976"}],"curies":[{"name":"wp","href":"https:\/\/api.w.org\/{rel}","templated":true}]}}