{"id":1027917,"date":"2024-06-17T16:12:05","date_gmt":"2024-06-17T08:12:05","guid":{"rendered":"https:\/\/vimaterial.de\/product\/ossido-di-terbio\/"},"modified":"2024-10-23T10:37:18","modified_gmt":"2024-10-23T02:37:18","slug":"ossido-di-terbio","status":"publish","type":"product","link":"https:\/\/vimaterial.de\/it\/product\/ossido-di-terbio\/","title":{"rendered":"Ossido di terbio"},"content":{"rendered":"<p>I bersagli di ossido di terbio sono un importante materiale funzionale.<\/p>\n<h3>Informazioni di base:<\/h3>\n<p>Composizione chimica: composto principalmente da elementi terbio (Tb) e ossigeno (O), la formula chimica \u00e8 Tb\u2084O\u2087, la massa molecolare relativa \u00e8 747,69.<\/p>\n<p>Numero CAS: 12037-01-3.<\/p>\n<p>Aspetto: di solito appare come un solido marrone chiaro.<\/p>\n<p>Densit\u00e0: circa 7900 kg\/m\u00b3, la densit\u00e0 relativa \u00e8 grande, il che gli conferisce una migliore stabilit\u00e0 e uniformit\u00e0 nel processo di sputtering.<\/p>\n<p>Punto di fusione: Tb\u2084O\u2087 si decompone in Tb\u2082O\u2083 ad alta temperatura, non esiste un punto di fusione fisso definito.<\/p>\n<h3>Caratteristiche prestazionali:<\/h3>\n<p>Propriet\u00e0 elettriche: il terbio ha un certo grado di conducibilit\u00e0 elettrica, una propriet\u00e0 che lo rende potenzialmente utile nella produzione di dispositivi elettronici.<\/p>\n<p>Propriet\u00e0 magnetiche: il terbio stesso ha un certo grado di magnetismo e i bersagli di Tb\u2084O\u2087 possono anche mostrare propriet\u00e0 magnetiche corrispondenti, che possono essere applicate alla preparazione di materiali magnetici.<\/p>\n<p>Propriet\u00e0 ottiche: Ha importanti applicazioni in campo ottico, ad esempio, pu\u00f2 essere utilizzato nella preparazione di pellicole ottiche e svolge un ruolo nella tecnologia laser e nella memorizzazione ottica.<\/p>\n<h3>Campi di applicazione:<\/h3>\n<p>Campo dei semiconduttori: pu\u00f2 essere utilizzato nella produzione di dispositivi a semiconduttore, ad esempio, come materiale per la deposizione di film sottili in dispositivi CMOS (Complementary Metal Oxide Semiconductor), che aiuta a migliorare le prestazioni dei dispositivi a semiconduttore.<\/p>\n<p>Campo ottico a film sottile: i film sottili di ossido di terbio vengono depositati sul substrato mediante sputtering e altri metodi e possono essere utilizzati per produrre lenti ottiche, filtri e altri componenti ottici per migliorarne le propriet\u00e0 ottiche.<\/p>\n<p>Campo di materiali magneto-ottici: utilizzato per preparare materiali di memorizzazione magneto-ottici, come dischi magnetici, ecc., utilizzando il suo effetto magneto-ottico per ottenere la memorizzazione e la lettura delle informazioni.<\/p>\n<p>Campo di visualizzazione a schermo piatto: nella tecnologia di visualizzazione a schermo piatto, i target di ossido di terbio possono essere utilizzati per preparare determinati strati funzionali nei display a schermo piatto per migliorare l&#8217;effetto e le prestazioni del display.<\/p>\n","protected":false},"excerpt":{"rendered":"<p>I bersagli di ossido di terbio sono un importante materiale funzionale.<\/p>\n<p>Campo dei semiconduttori: pu\u00f2 essere utilizzato nella produzione di dispositivi a semiconduttore, ad esempio, come materiale per la deposizione di film sottili in dispositivi CMOS (Complementary Metal Oxide Semiconductor), che aiuta a migliorare le prestazioni dei dispositivi a semiconduttore.<\/p>\n<p>Campo ottico a film sottile: i film sottili di Tb\u2084O\u2087 vengono depositati sul substrato mediante sputtering e altri metodi e possono essere utilizzati per produrre lenti ottiche, filtri e altri componenti ottici per migliorarne le propriet\u00e0 ottiche.<\/p>\n","protected":false},"featured_media":1038672,"comment_status":"open","ping_status":"closed","template":"","meta":{"_acf_changed":false},"product_brand":[],"product_cat":[197],"product_tag":[],"class_list":{"0":"post-1027917","1":"product","2":"type-product","3":"status-publish","4":"has-post-thumbnail","6":"product_cat-obiettivi-di-sputtering-planari","8":"first","9":"instock","10":"shipping-taxable","11":"product-type-variable"},"acf":[],"_links":{"self":[{"href":"https:\/\/vimaterial.de\/it\/wp-json\/wp\/v2\/product\/1027917","targetHints":{"allow":["GET"]}}],"collection":[{"href":"https:\/\/vimaterial.de\/it\/wp-json\/wp\/v2\/product"}],"about":[{"href":"https:\/\/vimaterial.de\/it\/wp-json\/wp\/v2\/types\/product"}],"replies":[{"embeddable":true,"href":"https:\/\/vimaterial.de\/it\/wp-json\/wp\/v2\/comments?post=1027917"}],"wp:featuredmedia":[{"embeddable":true,"href":"https:\/\/vimaterial.de\/it\/wp-json\/wp\/v2\/media\/1038672"}],"wp:attachment":[{"href":"https:\/\/vimaterial.de\/it\/wp-json\/wp\/v2\/media?parent=1027917"}],"wp:term":[{"taxonomy":"product_brand","embeddable":true,"href":"https:\/\/vimaterial.de\/it\/wp-json\/wp\/v2\/product_brand?post=1027917"},{"taxonomy":"product_cat","embeddable":true,"href":"https:\/\/vimaterial.de\/it\/wp-json\/wp\/v2\/product_cat?post=1027917"},{"taxonomy":"product_tag","embeddable":true,"href":"https:\/\/vimaterial.de\/it\/wp-json\/wp\/v2\/product_tag?post=1027917"}],"curies":[{"name":"wp","href":"https:\/\/api.w.org\/{rel}","templated":true}]}}