{"id":1027900,"date":"2024-06-17T16:12:06","date_gmt":"2024-06-17T08:12:06","guid":{"rendered":"https:\/\/vimaterial.de\/product\/bromuro-di-terbio\/"},"modified":"2024-10-22T14:35:18","modified_gmt":"2024-10-22T06:35:18","slug":"bromuro-di-terbio","status":"publish","type":"product","link":"https:\/\/vimaterial.de\/it\/product\/bromuro-di-terbio\/","title":{"rendered":"Bromuro di terbio"},"content":{"rendered":"<p>La polvere di bromuro di terbio, la polvere di bromuro di terbio, \u00e8 un importante composto di terre rare.<\/p>\n<h3>Informazioni di base<\/h3>\n<p>Formula chimica: TbBr\u2083<br \/>\nPeso molecolare: 398,637 g\/mol<br \/>\nAspetto: solitamente polvere bianca.<\/p>\n<p>Densit\u00e0: circa 4,62-4,67 g\/cm\u00b3.<\/p>\n<p>Punto di fusione: 827-828\u00b0C.<\/p>\n<p>Punto di ebollizione: 1490\u00b0C.<\/p>\n<p>Solubilit\u00e0: solubile in acqua.<\/p>\n<h3>Propriet\u00e0 chimiche<\/h3>\n<p>Stabilit\u00e0: la polvere di bromuro di terbio ha un certo grado di stabilit\u00e0 a temperatura e pressione ambiente, ma in determinate condizioni come alta temperatura, elevata umidit\u00e0 o forti agenti ossidanti, pu\u00f2 decomporsi o deteriorarsi a causa di reazioni chimiche.<\/p>\n<p>Reazione con altre sostanze: pu\u00f2 reagire con alcuni elementi o composti metallici e non metallici, ad esempio pu\u00f2 reagire con alogenuri di metalli alcalini in determinate condizioni.<\/p>\n<h3>Campi di applicazione<\/h3>\n<p>Materiali ottici: Grazie alle speciali propriet\u00e0 ottiche degli ioni terbio, la polvere di TbBr\u2083 pu\u00f2 essere utilizzata per la preparazione di vetro ottico, fibre ottiche, ecc. Pu\u00f2 migliorare l&#8217;indice di rifrazione e la trasmittanza dei materiali e ha importanti applicazioni nelle comunicazioni ottiche, nella tecnologia laser e in altri campi.<\/p>\n<p>Dispositivi elettronici: nella produzione di componenti elettronici, pu\u00f2 essere utilizzato come drogante nei materiali semiconduttori per migliorarne le propriet\u00e0 elettriche, come migliorare la conduttivit\u00e0 elettrica, regolare la concentrazione del vettore, ecc., Il che aiuta a produrre dispositivi elettronici ad alte prestazioni, come transistor, circuiti integrati e cos\u00ec via.<\/p>\n<p>Materiali magnetici: il terbio, un elemento delle terre rare, ha determinate propriet\u00e0 magnetiche e la polvere di TbBr\u2083 pu\u00f2 svolgere un ruolo nella preparazione di materiali magnetici, che vengono utilizzati nella produzione di sensori magnetici, supporti di memorizzazione magnetici e cos\u00ec via.<\/p>\n","protected":false},"excerpt":{"rendered":"<p>La polvere di bromuro di terbio \u00e8 un importante composto di terre rare.<\/p>\n<p>Materiali ottici: Grazie alle speciali propriet\u00e0 ottiche degli ioni terbio, la polvere di TbBr\u2083 pu\u00f2 essere utilizzata per la preparazione di vetro ottico, fibre ottiche, ecc. Pu\u00f2 migliorare l&#8217;indice di rifrazione e la trasmittanza dei materiali e ha importanti applicazioni nelle comunicazioni ottiche, nella tecnologia laser e in altri campi.<\/p>\n<p>Dispositivi elettronici: nella produzione di componenti elettronici, pu\u00f2 essere utilizzato come drogante nei materiali semiconduttori per migliorarne le propriet\u00e0 elettriche, come migliorare la conduttivit\u00e0 elettrica, regolare la concentrazione del vettore, ecc., Il che aiuta a produrre dispositivi elettronici ad alte prestazioni, come transistor, circuiti integrati e cos\u00ec via.<\/p>\n<p>&nbsp;<\/p>\n","protected":false},"featured_media":1038437,"comment_status":"open","ping_status":"closed","template":"","meta":{"_acf_changed":false},"product_brand":[],"product_cat":[203],"product_tag":[],"class_list":{"0":"post-1027900","1":"product","2":"type-product","3":"status-publish","4":"has-post-thumbnail","6":"product_cat-materiali-per-terre-rare","8":"first","9":"instock","10":"shipping-taxable","11":"purchasable","12":"product-type-variable"},"acf":[],"_links":{"self":[{"href":"https:\/\/vimaterial.de\/it\/wp-json\/wp\/v2\/product\/1027900","targetHints":{"allow":["GET"]}}],"collection":[{"href":"https:\/\/vimaterial.de\/it\/wp-json\/wp\/v2\/product"}],"about":[{"href":"https:\/\/vimaterial.de\/it\/wp-json\/wp\/v2\/types\/product"}],"replies":[{"embeddable":true,"href":"https:\/\/vimaterial.de\/it\/wp-json\/wp\/v2\/comments?post=1027900"}],"wp:featuredmedia":[{"embeddable":true,"href":"https:\/\/vimaterial.de\/it\/wp-json\/wp\/v2\/media\/1038437"}],"wp:attachment":[{"href":"https:\/\/vimaterial.de\/it\/wp-json\/wp\/v2\/media?parent=1027900"}],"wp:term":[{"taxonomy":"product_brand","embeddable":true,"href":"https:\/\/vimaterial.de\/it\/wp-json\/wp\/v2\/product_brand?post=1027900"},{"taxonomy":"product_cat","embeddable":true,"href":"https:\/\/vimaterial.de\/it\/wp-json\/wp\/v2\/product_cat?post=1027900"},{"taxonomy":"product_tag","embeddable":true,"href":"https:\/\/vimaterial.de\/it\/wp-json\/wp\/v2\/product_tag?post=1027900"}],"curies":[{"name":"wp","href":"https:\/\/api.w.org\/{rel}","templated":true}]}}