{"id":1027880,"date":"2024-06-17T16:12:06","date_gmt":"2024-06-17T08:12:06","guid":{"rendered":"https:\/\/vimaterial.de\/product\/cloruro-di-terbio-esaidrato\/"},"modified":"2024-10-22T15:23:25","modified_gmt":"2024-10-22T07:23:25","slug":"cloruro-di-terbio-esaidrato","status":"publish","type":"product","link":"https:\/\/vimaterial.de\/it\/product\/cloruro-di-terbio-esaidrato\/","title":{"rendered":"Cloruro di terbio esaidrato"},"content":{"rendered":"<p>Polvere di cloruro di terbio esaidrato, formula chimica TbCl\u2083\u30fb6H\u2082O, \u00e8 una polvere cristallina bianca.<\/p>\n<h3>Informazioni di base<\/h3>\n<p>Peso molecolare: 373,38 g\/mol .<\/p>\n<p>Aspetto: bianco cristallino, la struttura cristallina \u00e8 ortorombica, il gruppo spaziale \u00e8 Cmcm.<\/p>\n<p>Densit\u00e0: circa 2,67 g\/cm\u00b3.<\/p>\n<p>Punto di fusione: 145\u00b0C, se riscaldato al di sopra del punto di fusione, il cloruro di terbio esaidrato perde la sua acqua di cristallizzazione.<\/p>\n<p>Solubilit\u00e0: solubile in acqua, la sua soluzione acquosa \u00e8 acida, pu\u00f2 ionizzare lo ione terbio (Tb\u00b3\u207a) e lo ione cloruro (Cl-) in acqua.<\/p>\n<h3>Campi di applicazione<\/h3>\n<p>Materiali ottici: lo ione terbio ha propriet\u00e0 ottiche speciali, la polvere di cloruro di terbio esaidrato pu\u00f2 essere utilizzata nella preparazione di vetro ottico, fibre ottiche, ecc., Pu\u00f2 migliorare l&#8217;indice di rifrazione, la trasmissione della luce e altre propriet\u00e0 del materiale e ha importanti applicazioni nel campo delle comunicazioni ottiche, della tecnologia laser e di altri campi.<\/p>\n<p>Dispositivi elettronici: il terbio pu\u00f2 essere utilizzato come drogante nella produzione di componenti elettronici per migliorare le propriet\u00e0 elettriche dei materiali semiconduttori, come il miglioramento della conduttivit\u00e0 elettrica, la regolazione della concentrazione del vettore, ecc., Il che aiuta a produrre dispositivi elettronici ad alte prestazioni, come transistor e circuiti integrati.<\/p>\n<p>Materiali magnetici: il terbio esaidrato ha un certo grado di magnetismo e la polvere di cloruro di terbio esaidrato pu\u00f2 svolgere un ruolo nella preparazione di materiali magnetici, che vengono utilizzati nella produzione di sensori magnetici, supporti di memorizzazione magnetici e cos\u00ec via.<\/p>\n","protected":false},"excerpt":{"rendered":"<p>Polvere di cloruro di terbio esaidrato, formula chimica TbCl\u2083\u30fb6H\u2082O, \u00e8 una polvere cristallina bianca.<\/p>\n<p>Materiali ottici: lo ione terbio ha propriet\u00e0 ottiche speciali, la polvere di cloruro di terbio esaidrato pu\u00f2 essere utilizzata nella preparazione di vetro ottico, fibre ottiche, ecc., Pu\u00f2 migliorare l&#8217;indice di rifrazione, la trasmissione della luce e altre propriet\u00e0 del materiale e ha importanti applicazioni nel campo delle comunicazioni ottiche, della tecnologia laser e di altri campi.<\/p>\n<p>&nbsp;<\/p>\n","protected":false},"featured_media":1038452,"comment_status":"open","ping_status":"closed","template":"","meta":{"_acf_changed":false},"product_brand":[],"product_cat":[203],"product_tag":[],"class_list":{"0":"post-1027880","1":"product","2":"type-product","3":"status-publish","4":"has-post-thumbnail","6":"product_cat-materiali-per-terre-rare","8":"first","9":"instock","10":"shipping-taxable","11":"purchasable","12":"product-type-variable"},"acf":[],"_links":{"self":[{"href":"https:\/\/vimaterial.de\/it\/wp-json\/wp\/v2\/product\/1027880","targetHints":{"allow":["GET"]}}],"collection":[{"href":"https:\/\/vimaterial.de\/it\/wp-json\/wp\/v2\/product"}],"about":[{"href":"https:\/\/vimaterial.de\/it\/wp-json\/wp\/v2\/types\/product"}],"replies":[{"embeddable":true,"href":"https:\/\/vimaterial.de\/it\/wp-json\/wp\/v2\/comments?post=1027880"}],"wp:featuredmedia":[{"embeddable":true,"href":"https:\/\/vimaterial.de\/it\/wp-json\/wp\/v2\/media\/1038452"}],"wp:attachment":[{"href":"https:\/\/vimaterial.de\/it\/wp-json\/wp\/v2\/media?parent=1027880"}],"wp:term":[{"taxonomy":"product_brand","embeddable":true,"href":"https:\/\/vimaterial.de\/it\/wp-json\/wp\/v2\/product_brand?post=1027880"},{"taxonomy":"product_cat","embeddable":true,"href":"https:\/\/vimaterial.de\/it\/wp-json\/wp\/v2\/product_cat?post=1027880"},{"taxonomy":"product_tag","embeddable":true,"href":"https:\/\/vimaterial.de\/it\/wp-json\/wp\/v2\/product_tag?post=1027880"}],"curies":[{"name":"wp","href":"https:\/\/api.w.org\/{rel}","templated":true}]}}