{"id":1027851,"date":"2024-06-17T16:12:07","date_gmt":"2024-06-17T08:12:07","guid":{"rendered":"https:\/\/vimaterial.de\/product\/disprosio-metallico-3\/"},"modified":"2025-07-10T14:37:17","modified_gmt":"2025-07-10T06:37:17","slug":"disprosio-metallico-3","status":"publish","type":"product","link":"https:\/\/vimaterial.de\/it\/product\/disprosio-metallico-3\/","title":{"rendered":"Disprosio metallico"},"content":{"rendered":"<p><span style=\"color: #0000ff;\"><a style=\"color: #0000ff;\" href=\"https:\/\/vimaterial.de\/it\/product\/disprosio-metallico\/\"><strong>Il disprosio metallico<\/strong><\/a><\/span> \u00e8 un metallo delle terre rare bianco argenteo con un punto di fusione di 1412\u00b0C, un punto di ebollizione di 2562\u00b0C, una densit\u00e0 di 8,55 g\/cm3, bassa durezza e superconduttivit\u00e0 vicina allo zero assoluto. Il disprosio \u00e8 abbastanza stabile nell&#8217;aria, attivo ad alte temperature e facilmente ossidato dall&#8217;aria e dall&#8217;acqua per formare ossido di disprosio. L&#8217;abbondanza di disprosio nella crosta terrestre \u00e8 di 6 ppm e di solito coesiste con erbio, olmio e altri elementi delle terre rare in minerali come la sabbia monazite.<\/p>\n<p>VIMATERIAl supporta la personalizzazione del prodotto, <a href=\"https:\/\/vimaterial.de\/it\/contatto\/\"><span style=\"color: #0000ff;\">Contattaci<\/span><\/a><\/p>\n<h2><span style=\"font-size: 14pt;\">Propriet\u00e0 del disprosio metallico<\/span><\/h2>\n<p>Formula molecolare: Dy<\/p>\n<p>Peso molecolare: 162,50 g\/mol<\/p>\n<p>Aspetto: metallo bianco-argento, facilmente ossidabile<\/p>\n<p>Densit\u00e0: 8,55 g\/cm\u00b3 (25\u00b0C)<\/p>\n<p>Punto di fusione: 1412\u00b0C<\/p>\n<p>Punto di ebollizione: 2567\u00b0C<\/p>\n<p>Struttura cristallina: Esagonale compatta<\/p>\n<p>Solubilit\u00e0: solubile in acido diluito, insolubile in acqua<\/p>\n<h3>Applicazione del disprosio metallico<\/h3>\n<p>Magneti in terre rare: il metallo disprosio \u00e8 un importante materiale magnetico, particolarmente utile per realizzare potenti magneti permanenti. Il disprosio viene utilizzato insieme ad altri elementi delle terre rare per realizzare magneti ad alte prestazioni. I magneti al disprosio hanno un prodotto ad alta energia magnetica e un&#8217;elevata tenacit\u00e0 magnetica, e sono quindi utilizzati in un&#8217;ampia gamma di applicazioni come motori elettrici e sensori magnetici.<\/p>\n<p>Tecnologia di refrigerazione magnetica: l&#8217;effetto di entropia magnetica del disprosio lo rende un componente chiave nella tecnologia di refrigerazione magnetica. Nella refrigerazione magnetica, il disprosio pu\u00f2 realizzare l&#8217;effetto di refrigerazione attraverso il cambiamento di entropia magnetica. Questa tecnologia pu\u00f2 essere utilizzata nella refrigerazione criogenica, nelle apparecchiature di imaging medicale e nei sistemi di risonanza magnetica (MRI).<\/p>\n<p>Tecnologie di illuminazione e visualizzazione: i composti metallici del disprosio hanno propriet\u00e0 luminescenti e sono utilizzati nella produzione di fosfori per lampade fluorescenti, diodi emettitori di luce e display. L&#8217;uso del disprosio nella tecnologia dei display fluorescenti aiuta a migliorare la stabilit\u00e0 del colore e le prestazioni del display.<\/p>\n<p>Risonanza magnetica nucleare (NMR): il metallo disprosio viene utilizzato come sonda negli studi di risonanza magnetica nucleare (NMR), in particolare negli esperimenti NMR allo stato solido. Le speciali propriet\u00e0 magnetiche del disprosio lo rendono unico in questo senso.<\/p>\n<p>Leghe metalliche: il metallo disprosio pu\u00f2 essere legato con ferro e altri elementi delle terre rare per produrre una gamma di leghe metalliche per specifiche applicazioni industriali. Queste leghe mostrano prestazioni eccellenti in ambienti come alte temperature e campi magnetici elevati.<\/p>\n<h3>Metodi di rilevamento del disprosio metallico<\/h3>\n<p>1. Spettroscopia di assorbimento atomico (AAS): si tratta di un metodo di analisi quantitativa comune che utilizza spettri di assorbimento a lunghezze d&#8217;onda specifiche per determinare la concentrazione di disprosio in un campione. Il campione viene disciolto o convertito in forma gassosa e quindi atomizzato allo stato atomico. Successivamente, viene utilizzata una sorgente luminosa di una specifica lunghezza d&#8217;onda per illuminare il campione e viene misurata l&#8217;intensit\u00e0 della luce assorbita dal campione per dedurre la concentrazione di disprosio.<\/p>\n<p>2. Spettrometria di emissione ottica al plasma accoppiato induttivamente (ICP-OES): si tratta di un metodo di analisi altamente sensibile in grado di rilevare pi\u00f9 elementi contemporaneamente. Il campione viene ionizzato e spruzzato in un plasma ad alta temperatura, che eccita spettri di radiazione unici per vari elementi. Lo strumento di rilevamento analizza questi spettri per identificare e determinare il contenuto di disprosio in base alla loro intensit\u00e0 e lunghezza d&#8217;onda.<\/p>\n<p>3. Spettrometria di massa (MS): la spettrometria di massa rileva gli elementi misurando accuratamente la massa molecolare degli ioni in un campione. Nell&#8217;analisi del disprosio, uno spettrometro di massa pu\u00f2 essere utilizzato per misurare la massa degli ioni disprosio e la presenza e la concentrazione del disprosio possono essere determinate analizzando la massa e l&#8217;abbondanza relativa dei suoi ioni.<\/p>\n<p>4. Spettroscopia di fluorescenza: questo metodo utilizza la fluorescenza prodotta dal disprosio in condizioni specifiche per il rilevamento. Quando il campione \u00e8 esposto a una sorgente luminosa di eccitazione, l&#8217;elemento disprosio assorbe energia ed emette fluorescenza di una specifica lunghezza d&#8217;onda. La presenza e la concentrazione di disprosio sono determinate misurando l&#8217;intensit\u00e0 e le caratteristiche della fluorescenza.<\/p>\n<p>5. Diffrazione dei raggi X (XRD): sebbene non misuri direttamente il contenuto di disprosio, la diffrazione dei raggi X pu\u00f2 essere utilizzata per analizzare le caratteristiche della struttura cristallina nel campione. Questo metodo pu\u00f2 aiutare a confermare il contenuto relativo e la struttura dei composti delle terre rare nel campione, determinando cos\u00ec indirettamente la presenza di disprosio.<\/p>\n<h2><span style=\"font-size: 14pt;\">Controllo qualit\u00e0<\/span><\/h2>\n<p><span style=\"color: #0000ff;\"><a style=\"color: #0000ff;\" href=\"https:\/\/vimaterial.de\/it\/controllo-qualita\/\">VI HALBLEITERMATERIAL GmbH<\/a><\/span> implementa un rigoroso controllo di qualit\u00e0 dell&#8217;intero processo e 8D meccanismo di risoluzione dei problemi per garantire che i prodotti siano conformi agli standard REACH, ASTM e di settore e supportare lo sviluppo sostenibile e la tracciabilit\u00e0 della catena di approvvigionamento. L&#8217;azienda si impegna a fornire ai clienti prodotti e servizi di alta qualit\u00e0 gestendo l&#8217;intero processo, dalla ricerca e sviluppo alla consegna, e aderendo al principio della rilavorazione dei prodotti non conformi.<\/p>\n<h2><span style=\"font-size: 14pt;\">Imballaggio e stoccaggio<\/span><\/h2>\n<p>I granuli metallici di disprosio devono essere confezionati in una confezione sigillata sottovuoto, rivestita con materiale antiurto e imballata in una speciale scatola di cartone. La capacit\u00e0 pu\u00f2 essere personalizzata in base alle esigenze dei clienti.<\/p>\n<p>I granuli metallici di disprosio devono essere collocati in un armadio asciutto con un punto di rugiada inferiore a -40\u00b0C per la conservazione a lungo termine ed \u00e8 severamente vietato conservare con acidi e ossidanti.<\/p>\n","protected":false},"excerpt":{"rendered":"<p><span style=\"color: #0000ff;\"><a style=\"color: #0000ff;\" href=\"https:\/\/vimaterial.de\/it\/product\/disprosio-metallico\/\"><strong>Il disprosio metallico<\/strong><\/a><\/span> \u00e8 un metallo delle terre rare bianco argenteo con un punto di fusione di 1412\u00b0C, un punto di ebollizione di 2562\u00b0C, una densit\u00e0 di 8,55 g\/cm3, bassa durezza e superconduttivit\u00e0 vicina allo zero assoluto. Il disprosio \u00e8 abbastanza stabile nell&#8217;aria, attivo ad alte temperature e facilmente ossidato dall&#8217;aria e dall&#8217;acqua per formare ossido di disprosio. L&#8217;abbondanza di disprosio nella crosta terrestre \u00e8 di 6 ppm e di solito coesiste con erbio, olmio e altri elementi delle terre rare in minerali come la sabbia monazite.<\/p>\n<p>VIMATERIAl supporta la personalizzazione del prodotto, <a href=\"https:\/\/vimaterial.de\/it\/contatto\/\"><span style=\"color: #0000ff;\">Contattaci<\/span><\/a><\/p>\n","protected":false},"featured_media":1036257,"comment_status":"open","ping_status":"closed","template":"","meta":{"_acf_changed":false},"product_brand":[],"product_cat":[198],"product_tag":[],"class_list":{"0":"post-1027851","1":"product","2":"type-product","3":"status-publish","4":"has-post-thumbnail","6":"product_cat-materiali-per-levaporazione","8":"first","9":"instock","10":"shipping-taxable","11":"purchasable","12":"product-type-variable"},"acf":[],"_links":{"self":[{"href":"https:\/\/vimaterial.de\/it\/wp-json\/wp\/v2\/product\/1027851","targetHints":{"allow":["GET"]}}],"collection":[{"href":"https:\/\/vimaterial.de\/it\/wp-json\/wp\/v2\/product"}],"about":[{"href":"https:\/\/vimaterial.de\/it\/wp-json\/wp\/v2\/types\/product"}],"replies":[{"embeddable":true,"href":"https:\/\/vimaterial.de\/it\/wp-json\/wp\/v2\/comments?post=1027851"}],"wp:featuredmedia":[{"embeddable":true,"href":"https:\/\/vimaterial.de\/it\/wp-json\/wp\/v2\/media\/1036257"}],"wp:attachment":[{"href":"https:\/\/vimaterial.de\/it\/wp-json\/wp\/v2\/media?parent=1027851"}],"wp:term":[{"taxonomy":"product_brand","embeddable":true,"href":"https:\/\/vimaterial.de\/it\/wp-json\/wp\/v2\/product_brand?post=1027851"},{"taxonomy":"product_cat","embeddable":true,"href":"https:\/\/vimaterial.de\/it\/wp-json\/wp\/v2\/product_cat?post=1027851"},{"taxonomy":"product_tag","embeddable":true,"href":"https:\/\/vimaterial.de\/it\/wp-json\/wp\/v2\/product_tag?post=1027851"}],"curies":[{"name":"wp","href":"https:\/\/api.w.org\/{rel}","templated":true}]}}