{"id":1027845,"date":"2024-06-17T16:12:06","date_gmt":"2024-06-17T08:12:06","guid":{"rendered":"https:\/\/vimaterial.de\/product\/fosfato-di-terbio\/"},"modified":"2024-10-22T17:35:25","modified_gmt":"2024-10-22T09:35:25","slug":"fosfato-di-terbio","status":"publish","type":"product","link":"https:\/\/vimaterial.de\/it\/product\/fosfato-di-terbio\/","title":{"rendered":"Fosfato di terbio"},"content":{"rendered":"<h3>Informazioni di base<\/h3>\n<p>Formula chimica: TbPO\u2084 .<\/p>\n<p>Numero CAS: 13863-48-4.<\/p>\n<p>Peso molecolare: 235.903.<\/p>\n<p>Colore e forma: solitamente polvere bianca.<\/p>\n<p>Struttura cristallina: Esistono diverse strutture cristalline come monoclina ed esagonale.<\/p>\n<p>Densit\u00e0: La sua densit\u00e0 \u00e8 relativamente grande, ma il valore esatto varia leggermente a seconda del metodo e delle condizioni di preparazione, circa 6-7 g\/cm\u00b3.<\/p>\n<h3>Propriet\u00e0 chimiche<\/h3>\n<p>Stabilit\u00e0: chimicamente stabile, non facile da decomporre a temperatura e pressione normali, ma pu\u00f2 reagire in determinate condizioni come alta temperatura, acido forte e alcali forti.<\/p>\n<p>Acidit\u00e0 e alcalinit\u00e0: Ha un certo grado di acidit\u00e0 e la sua soluzione acquosa \u00e8 debolmente acida, perch\u00e9 gli ioni fosfato subiranno idrolisi.<\/p>\n<h3>Aree di applicazione<\/h3>\n<p>Materiali che emettono luce: Fosfato di terbio pu\u00f2 emettere fluorescenza verde sotto eccitazione UV, \u00e8 un importante materiale al fosforo verde, che pu\u00f2 essere utilizzato per produrre lampade fluorescenti, monitor e altri dispositivi di illuminazione e visualizzazione.<\/p>\n<p>Sulla base delle sue speciali propriet\u00e0 fisico-chimiche, ha un potenziale valore applicativo in biomarcatori, bio-imaging, somministrazione di farmaci e cos\u00ec via.<\/p>\n<p>Catalisi: Fosfato di terbio pu\u00f2 essere utilizzato come catalizzatore o vettore catalizzatore per alcune reazioni chimiche, come le reazioni di sintesi organica.<\/p>\n","protected":false},"excerpt":{"rendered":"<p>Materiali che emettono luce: il fosfato di terbio pu\u00f2 emettere fluorescenza verde sotto eccitazione UV, \u00e8 un importante materiale al fosforo verde, che pu\u00f2 essere utilizzato per produrre lampade fluorescenti, monitor e altri dispositivi di illuminazione e visualizzazione.<\/p>\n<p>Campo biomedico: Sulla base delle sue speciali propriet\u00e0 fisico-chimiche, ha un potenziale valore applicativo in biomarcatori, bio-imaging, somministrazione di farmaci e cos\u00ec via.<\/p>\n<p>Catalisi: Fosfato di terbio pu\u00f2 essere utilizzato come catalizzatore o vettore di catalizzatore per alcune reazioni chimiche, come le reazioni di sintesi organica.<\/p>\n","protected":false},"featured_media":1038532,"comment_status":"open","ping_status":"closed","template":"","meta":{"_acf_changed":false},"product_brand":[],"product_cat":[165],"product_tag":[],"class_list":{"0":"post-1027845","1":"product","2":"type-product","3":"status-publish","4":"has-post-thumbnail","6":"product_cat-senza-categoria","8":"first","9":"instock","10":"shipping-taxable","11":"product-type-variable"},"acf":[],"_links":{"self":[{"href":"https:\/\/vimaterial.de\/it\/wp-json\/wp\/v2\/product\/1027845","targetHints":{"allow":["GET"]}}],"collection":[{"href":"https:\/\/vimaterial.de\/it\/wp-json\/wp\/v2\/product"}],"about":[{"href":"https:\/\/vimaterial.de\/it\/wp-json\/wp\/v2\/types\/product"}],"replies":[{"embeddable":true,"href":"https:\/\/vimaterial.de\/it\/wp-json\/wp\/v2\/comments?post=1027845"}],"wp:featuredmedia":[{"embeddable":true,"href":"https:\/\/vimaterial.de\/it\/wp-json\/wp\/v2\/media\/1038532"}],"wp:attachment":[{"href":"https:\/\/vimaterial.de\/it\/wp-json\/wp\/v2\/media?parent=1027845"}],"wp:term":[{"taxonomy":"product_brand","embeddable":true,"href":"https:\/\/vimaterial.de\/it\/wp-json\/wp\/v2\/product_brand?post=1027845"},{"taxonomy":"product_cat","embeddable":true,"href":"https:\/\/vimaterial.de\/it\/wp-json\/wp\/v2\/product_cat?post=1027845"},{"taxonomy":"product_tag","embeddable":true,"href":"https:\/\/vimaterial.de\/it\/wp-json\/wp\/v2\/product_tag?post=1027845"}],"curies":[{"name":"wp","href":"https:\/\/api.w.org\/{rel}","templated":true}]}}