{"id":1027833,"date":"2024-06-17T16:12:07","date_gmt":"2024-06-17T08:12:07","guid":{"rendered":"https:\/\/vimaterial.de\/product\/disprosio-metallico-2\/"},"modified":"2025-07-10T17:41:59","modified_gmt":"2025-07-10T09:41:59","slug":"disprosio-metallico-2","status":"publish","type":"product","link":"https:\/\/vimaterial.de\/it\/product\/disprosio-metallico-2\/","title":{"rendered":"Disprosio metallico"},"content":{"rendered":"<p><span style=\"color: #0000ff;\"><strong><a style=\"color: #0000ff;\" href=\"https:\/\/vimaterial.de\/it\/product\/disprosio-metallico-4\/\">Le barre Disprosio metallico<\/a><\/strong><\/span>\u00a0sono barre metalliche con l&#8217;elemento delle terre rare disprosio (Dy) come componente principale, che di solito presentano una lucentezza metallica grigio-argento, con alta densit\u00e0 e un certo grado di duttilit\u00e0, e sono utilizzate principalmente in materiali magnetici permanenti e campi ottici.<\/p>\n<p>VIMATERIAL offre prodotti personalizzati e servizi di rilegatura mirata, <span style=\"color: #0000ff;\"><a style=\"color: #0000ff;\" href=\"https:\/\/vimaterial.de\/it\/contatto\/\">contattaci.<\/a><\/span><\/p>\n<h2><span style=\"font-size: 14pt;\">Propriet\u00e0 del disprosio metallico<\/span><\/h2>\n<p>Formula molecolare: Dy<\/p>\n<p>Peso molecolare: 162,50 g\/mol<\/p>\n<p>Aspetto: lucentezza metallizzata grigio argento, a forma di asta<\/p>\n<p>Densit\u00e0: 8,551 g\/cm\u00b3 (25 \u00b0C)<\/p>\n<p>Punto di fusione: 1412 \u00b0C<\/p>\n<p>Punto di ebollizione: 2562 \u00b0C<\/p>\n<p>Struttura cristallina: struttura impilata densa esagonale a temperatura ambiente, trasformata in struttura cubica centrata sul corpo ad alta temperatura.<\/p>\n<h2><span style=\"font-size: 14pt;\">Applicazioni del disprosio metallico<\/span><\/h2>\n<p>Nel campo dei materiali magnetici permanenti: come componente chiave aggiunto ai magneti permanenti NdFeB ad alte prestazioni, pu\u00f2 migliorarne la coercitivit\u00e0 e la stabilit\u00e0 termica e viene utilizzato nei motori di azionamento delle automobili di nuova energia, nei generatori di turbine eoliche e in altre apparecchiature.<\/p>\n<p>Nell&#8217;industria nucleare, gli isotopi del disprosio hanno una forte capacit\u00e0 di assorbimento dei neutroni e le barre di controllo in cui vengono trasformati possono regolare efficacemente il tasso di reazioni di fissione nucleare nei reattori nucleari.<\/p>\n<p>Nel campo dell&#8217;ottica, i materiali drogati con disprosio possono essere utilizzati per produrre cristalli laser e dispositivi emettitori di luce, che possono essere applicati ad apparecchiature laser mediche, illuminazione a stato solido e altri scenari.<\/p>\n<h2><span style=\"font-size: 14pt;\">Controllo qualit\u00e0<\/span><\/h2>\n<p><span style=\"color: #0000ff;\"><a style=\"color: #0000ff;\" href=\"https:\/\/vimaterial.de\/it\/controllo-qualita\/\">VI HALBLEITERMATERIAL GmbH<\/a><\/span> implementa un rigoroso controllo di qualit\u00e0 dell&#8217;intero processo e 8D meccanismo di risoluzione dei problemi per garantire che i prodotti siano conformi agli standard REACH, ASTM e di settore e supportare lo sviluppo sostenibile e la tracciabilit\u00e0 della catena di approvvigionamento. L&#8217;azienda si impegna a fornire ai clienti prodotti e servizi di alta qualit\u00e0 gestendo l&#8217;intero processo, dalla ricerca e sviluppo alla consegna, e aderendo al principio della rilavorazione dei prodotti non conformi.<\/p>\n<h2><span style=\"font-size: 14pt;\"><strong>Imballaggio e stoccaggio<\/strong><\/span><\/h2>\n<p><strong> Le barre di disprosio sono solitamente confezionate in confezioni sottovuoto per prevenire l&#8217;ossidazione delle barre di disprosio a contatto con l&#8217;aria e l&#8217;umidit\u00e0. Vengono utilizzati cartoni speciali, riempiti con materiale ammortizzante per evitare deformazioni o danni alle aste dovuti a collisioni durante il trasporto.<\/strong><\/p>\n<p><strong>Le<\/strong> barre di Dy devono essere conservate in un magazzino asciutto e ben ventilato, evitando l&#8217;umidit\u00e0 (umidit\u00e0 relativa \u2264 60%), le alte temperature e la luce solare diretta e lontano da gas corrosivi (come nebbia acida, cloro gassoso) e fonti di fuoco.<\/p>\n","protected":false},"excerpt":{"rendered":"<p><span style=\"color: #0000ff;\"><strong><a style=\"color: #0000ff;\" href=\"https:\/\/vimaterial.de\/it\/product\/disprosio-metallico-4\/\">Le barre Disprosio metallico<\/a><\/strong><\/span>\u00a0sono barre metalliche con l&#8217;elemento delle terre rare disprosio (Dy) come componente principale, che di solito presentano una lucentezza metallica grigio-argento, con alta densit\u00e0 e un certo grado di duttilit\u00e0, e sono utilizzate principalmente in materiali magnetici permanenti e campi ottici.<\/p>\n<p>VIMATERIAL offre prodotti personalizzati e servizi di rilegatura mirata, <span style=\"color: #0000ff;\"><a style=\"color: #0000ff;\" href=\"https:\/\/vimaterial.de\/it\/contatto\/\">contattaci.<\/a><\/span><\/p>\n","protected":false},"featured_media":1036270,"comment_status":"open","ping_status":"closed","template":"","meta":{"_acf_changed":false},"product_brand":[],"product_cat":[207],"product_tag":[],"class_list":{"0":"post-1027833","1":"product","2":"type-product","3":"status-publish","4":"has-post-thumbnail","6":"product_cat-profilo","8":"first","9":"instock","10":"shipping-taxable","11":"purchasable","12":"product-type-variable"},"acf":[],"_links":{"self":[{"href":"https:\/\/vimaterial.de\/it\/wp-json\/wp\/v2\/product\/1027833","targetHints":{"allow":["GET"]}}],"collection":[{"href":"https:\/\/vimaterial.de\/it\/wp-json\/wp\/v2\/product"}],"about":[{"href":"https:\/\/vimaterial.de\/it\/wp-json\/wp\/v2\/types\/product"}],"replies":[{"embeddable":true,"href":"https:\/\/vimaterial.de\/it\/wp-json\/wp\/v2\/comments?post=1027833"}],"wp:featuredmedia":[{"embeddable":true,"href":"https:\/\/vimaterial.de\/it\/wp-json\/wp\/v2\/media\/1036270"}],"wp:attachment":[{"href":"https:\/\/vimaterial.de\/it\/wp-json\/wp\/v2\/media?parent=1027833"}],"wp:term":[{"taxonomy":"product_brand","embeddable":true,"href":"https:\/\/vimaterial.de\/it\/wp-json\/wp\/v2\/product_brand?post=1027833"},{"taxonomy":"product_cat","embeddable":true,"href":"https:\/\/vimaterial.de\/it\/wp-json\/wp\/v2\/product_cat?post=1027833"},{"taxonomy":"product_tag","embeddable":true,"href":"https:\/\/vimaterial.de\/it\/wp-json\/wp\/v2\/product_tag?post=1027833"}],"curies":[{"name":"wp","href":"https:\/\/api.w.org\/{rel}","templated":true}]}}