{"id":1027537,"date":"2024-06-17T16:01:43","date_gmt":"2024-06-17T08:01:43","guid":{"rendered":"https:\/\/vimaterial.de\/product\/titanato-di-lantanio-ossido-di-lantanio-e-titanio-2\/"},"modified":"2025-01-09T16:23:39","modified_gmt":"2025-01-09T08:23:39","slug":"titanato-di-lantanio-ossido-di-lantanio-e-titanio-2","status":"publish","type":"product","link":"https:\/\/vimaterial.de\/it\/product\/titanato-di-lantanio-ossido-di-lantanio-e-titanio-2\/","title":{"rendered":"Titanato di lantanio (ossido di titanio di lantanio)"},"content":{"rendered":"<p>Il bersaglio sputtering del titanato di lantanio si riferisce a un bersaglio formato da lantanio e titanio, con la formula chimica LaTiO3. \u00c8 una sostanza con le caratteristiche degli ossidi dei metalli di transizione, con elevata stabilit\u00e0 alla temperatura, elevata durezza, elevata resistenza alla corrosione, elevata costante dielettrica e piezoelettricit\u00e0. VIMATERIAL \u00e8 specializzata nella fornitura di vari tipi di bersagli sputtering: bersagli in metallo, bersagli in lega, bersagli in ceramica, ecc. <\/p>\n<h2><span style=\"font-size: 14pt;\">Propriet\u00e0<\/span><\/h2>\n<p>Il film formato da bersagli sputtering di titanato di lantanio ha le eccellenti caratteristiche di basso assorbimento delle perdite, facile preparazione e prestazioni stabili. Pu\u00f2 essere utilizzato come eccellente materiale di rivestimento per la preparazione di pellicole laser, quindi ha un grande potenziale di sviluppo. <\/p>\n<h2><span style=\"font-size: 14pt;\">Quali sono le applicazioni del titanato di lantanio?<\/span><\/h2>\n<p>Il bersaglio del titanato di lantanio ha un&#8217;ampia gamma di prospettive applicative e svolge un ruolo importante nell&#8217;elettronica, nell&#8217;optoelettronica, nell&#8217;energia e in altri campi. Ad esempio, il bersaglio di titanato di lantanio pu\u00f2 essere utilizzato come materiale ferroelettrico, piezoelettrico e piroelettrico per la produzione di sensori, condensatori a film, dispositivi elettronici, generatori, ecc.; Pu\u00f2 anche essere utilizzato come materiale anodico per dispositivi di accumulo di energia e celle a combustibile a ossido solido.<\/p>\n<h2><span style=\"font-size: 14pt;\">Controllo qualit\u00e0<\/span><\/h2>\n<p>I nostri prodotti implementano il pi\u00f9 rigoroso sistema di gestione della qualit\u00e0. Esistono rigorosi standard di ispezione per i materiali in entrata, i processi, le ispezioni finali e le ispezioni in fabbrica. Saranno adottate rigorose misure di isolamento per la lavorazione non qualificata per evitare che i prodotti non qualificati fluiscano nel processo successivo. I campioni saranno forniti ai clienti in base alle esigenze del cliente per una nuova ispezione.   <\/p>\n<h2><span style=\"font-size: 14pt;\">Imballaggio e stoccaggio<\/span><\/h2>\n<p>Interno: sacchetto trasparente sottovuoto, esterno: scatola di cartone\/legno. Questo prodotto deve essere sigillato e conservato in un ambiente asciutto e fresco. Non deve essere esposto all&#8217;aria per molto tempo ed \u00e8 necessario evitare forti pressioni.<\/p>\n","protected":false},"excerpt":{"rendered":"<p>Il bersaglio sputtering del titanato di lantanio si riferisce a un bersaglio formato da lantanio e titanio, con la formula chimica LaTiO3. \u00c8 una sostanza con le caratteristiche degli ossidi dei metalli di transizione, con elevata stabilit\u00e0 alla temperatura, elevata durezza, elevata resistenza alla corrosione, elevata costante dielettrica e piezoelettricit\u00e0. VIMATERIAL \u00e8 specializzata nella fornitura [&hellip;]<\/p>\n","protected":false},"featured_media":1033923,"comment_status":"open","ping_status":"closed","template":"","meta":{"_acf_changed":false},"product_brand":[],"product_cat":[197],"product_tag":[],"class_list":{"0":"post-1027537","1":"product","2":"type-product","3":"status-publish","4":"has-post-thumbnail","6":"product_cat-obiettivi-di-sputtering-planari","8":"first","9":"instock","10":"shipping-taxable","11":"product-type-variable"},"acf":[],"_links":{"self":[{"href":"https:\/\/vimaterial.de\/it\/wp-json\/wp\/v2\/product\/1027537","targetHints":{"allow":["GET"]}}],"collection":[{"href":"https:\/\/vimaterial.de\/it\/wp-json\/wp\/v2\/product"}],"about":[{"href":"https:\/\/vimaterial.de\/it\/wp-json\/wp\/v2\/types\/product"}],"replies":[{"embeddable":true,"href":"https:\/\/vimaterial.de\/it\/wp-json\/wp\/v2\/comments?post=1027537"}],"wp:featuredmedia":[{"embeddable":true,"href":"https:\/\/vimaterial.de\/it\/wp-json\/wp\/v2\/media\/1033923"}],"wp:attachment":[{"href":"https:\/\/vimaterial.de\/it\/wp-json\/wp\/v2\/media?parent=1027537"}],"wp:term":[{"taxonomy":"product_brand","embeddable":true,"href":"https:\/\/vimaterial.de\/it\/wp-json\/wp\/v2\/product_brand?post=1027537"},{"taxonomy":"product_cat","embeddable":true,"href":"https:\/\/vimaterial.de\/it\/wp-json\/wp\/v2\/product_cat?post=1027537"},{"taxonomy":"product_tag","embeddable":true,"href":"https:\/\/vimaterial.de\/it\/wp-json\/wp\/v2\/product_tag?post=1027537"}],"curies":[{"name":"wp","href":"https:\/\/api.w.org\/{rel}","templated":true}]}}