{"id":1027420,"date":"2024-06-17T16:05:10","date_gmt":"2024-06-17T08:05:10","guid":{"rendered":"https:\/\/vimaterial.de\/product\/nitrato-di-cerio-esaidrato\/"},"modified":"2025-04-25T10:25:56","modified_gmt":"2025-04-25T02:25:56","slug":"nitrato-di-cerio-esaidrato","status":"publish","type":"product","link":"https:\/\/vimaterial.de\/it\/product\/nitrato-di-cerio-esaidrato\/","title":{"rendered":"Nitrato di cerio esaidrato"},"content":{"rendered":"<p>La polvere di nitrato di cerio esaidrato \u00e8 un composto inorganico bianco o biancastro, facilmente deliquescente, solubile in acqua e alcoli, formato da ioni cerio e ioni nitrato con sei acque cristalline.<\/p>\n<h2><span style=\"font-size: 14pt;\">Propriet\u00e0<\/span><\/h2>\n<p>Peso molecolare: 434,12 g\/mol<\/p>\n<p>Formula molecolare: Ce(NO\u2083)\u2083-6H\u2082O<\/p>\n<p>Numero CAS: 10294-41-4<\/p>\n<p>Aspetto: Il nitrato di cerio esaidrato \u00e8 solitamente una polvere cristallina di colore da bianco a giallo.<\/p>\n<p>Densit\u00e0: 1,67 &#8211; 1,9 g\/cm\u00b3.<\/p>\n<p>Punto di fusione: 65 \u00b0C<\/p>\n<p>Punto di ebollizione: superiore a 200 \u00b0C (decomposizione)<\/p>\n<p>Solubilit\u00e0: Il nitrato di cerio esaidrato \u00e8 solubile in acqua ed etanolo ed \u00e8 deliquescente, assorbe facilmente l&#8217;umidit\u00e0 e si inumidisce nell&#8217;aria.<\/p>\n<p>Ossidazione: il nitrato di cerio esaidrato \u00e8 un agente ossidante.<\/p>\n<p>Stabilit\u00e0: si decompone ad alta temperatura e pu\u00f2 formare una miscela esplosiva se miscelato con agente riducente, materia organica e materiale infiammabile.<\/p>\n<p>Magnetismo: il nitrato di cerio esaidrato \u00e8 paramagnetico.<\/p>\n<p>Conducibilit\u00e0: Il nitrato di cerio esaidrato ha una conduttivit\u00e0 debole, ma gli ioni ionizzati nella soluzione possono condurre elettricit\u00e0.<\/p>\n<h2><span style=\"font-size: 14pt;\">Applicazioni<\/span><\/h2>\n<p><strong>Petrolchimico:<\/strong> Utilizzati come catalizzatori petrolchimici in una variet\u00e0 di reazioni chimiche, ad esempio l&#8217;aggiunta di cerio al toluene allo stirene migliora la produzione di stirene. Nei catalizzatori FCC, l&#8217;aggiunta di nitrato di cerio esaidrato ai catalizzatori contenenti zeoliti fornisce attivit\u00e0 catalitica nel reattore e stabilit\u00e0 termica nel rigeneratore. <\/p>\n<p><strong>Catalisi ambientale:<\/strong> Pu\u00f2 essere utilizzato nelle reazioni catalitiche legate alla protezione dell&#8217;ambiente, ad esempio per aiutare a rimuovere i gas nocivi in alcuni processi di trattamento dei gas di scarico.<\/p>\n<p><strong>Additivi per paralumi a vapore:<\/strong> Utilizzato nella produzione di paralumi a vapore, che possono migliorare le prestazioni dei paralumi.<\/p>\n<p><strong>Additivi per carburo cementato:<\/strong> Utilizzato come additivi nella produzione di carburo cementato per migliorare le prestazioni della lega.<\/p>\n<p><strong>Ingrediente polvere lucidante:<\/strong> \u00c8 uno dei costituenti di alcune polveri lucidanti e viene utilizzato nella lucidatura di metalli, vetro e altri materiali.<\/p>\n<p><strong>Settore dei materiali elettronici:<\/strong> Viene utilizzato nella produzione di dispositivi elettronici come i tubi elettronici, ad esempio viene utilizzato per preparare alcuni materiali elettronici speciali o rivestimenti.<\/p>\n<p><strong>Settore farmaceutico:<\/strong> Viene utilizzato come reagente analitico in chimica analitica e utilizzato anche nell&#8217;industria farmaceutica.<\/p>\n<p><strong>Settore agricolo:<\/strong> Pu\u00f2 essere utilizzato nella preparazione di fertilizzanti di terre rare per migliorare la struttura del suolo e migliorare la resa e la qualit\u00e0 delle colture.<\/p>\n<p><strong>Campo di fusione dei metalli:<\/strong> Nella fusione del ferro e dell&#8217;acciaio, pu\u00f2 essere utilizzato per rimuovere l&#8217;ossigeno libero e lo zolfo dall&#8217;acciaio, attraverso la formazione di ossisolfuri stabili, e per legare alcuni oligoelementi indesiderati, come il piombo e l&#8217;antimonio.<\/p>\n","protected":false},"excerpt":{"rendered":"<p>La polvere di nitrato di cerio esaidrato \u00e8 un composto inorganico bianco o biancastro, facilmente deliquescente, solubile in acqua e alcoli, formato da ioni cerio e ioni nitrato con sei acque cristalline.<\/p>\n","protected":false},"featured_media":1033958,"comment_status":"open","ping_status":"closed","template":"","meta":{"_acf_changed":false},"product_brand":[],"product_cat":[203],"product_tag":[],"class_list":{"0":"post-1027420","1":"product","2":"type-product","3":"status-publish","4":"has-post-thumbnail","6":"product_cat-materiali-per-terre-rare","8":"first","9":"instock","10":"shipping-taxable","11":"purchasable","12":"product-type-variable"},"acf":[],"_links":{"self":[{"href":"https:\/\/vimaterial.de\/it\/wp-json\/wp\/v2\/product\/1027420","targetHints":{"allow":["GET"]}}],"collection":[{"href":"https:\/\/vimaterial.de\/it\/wp-json\/wp\/v2\/product"}],"about":[{"href":"https:\/\/vimaterial.de\/it\/wp-json\/wp\/v2\/types\/product"}],"replies":[{"embeddable":true,"href":"https:\/\/vimaterial.de\/it\/wp-json\/wp\/v2\/comments?post=1027420"}],"wp:featuredmedia":[{"embeddable":true,"href":"https:\/\/vimaterial.de\/it\/wp-json\/wp\/v2\/media\/1033958"}],"wp:attachment":[{"href":"https:\/\/vimaterial.de\/it\/wp-json\/wp\/v2\/media?parent=1027420"}],"wp:term":[{"taxonomy":"product_brand","embeddable":true,"href":"https:\/\/vimaterial.de\/it\/wp-json\/wp\/v2\/product_brand?post=1027420"},{"taxonomy":"product_cat","embeddable":true,"href":"https:\/\/vimaterial.de\/it\/wp-json\/wp\/v2\/product_cat?post=1027420"},{"taxonomy":"product_tag","embeddable":true,"href":"https:\/\/vimaterial.de\/it\/wp-json\/wp\/v2\/product_tag?post=1027420"}],"curies":[{"name":"wp","href":"https:\/\/api.w.org\/{rel}","templated":true}]}}