{"id":1027369,"date":"2024-06-17T16:05:11","date_gmt":"2024-06-17T08:05:11","guid":{"rendered":"https:\/\/vimaterial.de\/product\/bromuro-di-cerio\/"},"modified":"2024-09-25T17:08:09","modified_gmt":"2024-09-25T09:08:09","slug":"bromuro-di-cerio","status":"publish","type":"product","link":"https:\/\/vimaterial.de\/it\/product\/bromuro-di-cerio\/","title":{"rendered":"Bromuro di cerio"},"content":{"rendered":"<p>Il bromuro di cerio (CeBr\u2083) \u00e8 un composto inorganico, che si trova comunemente in forma cristallina o in polvere.\u00c8 un alogenuro di terre rare composto da cerio (Ce) e bromo (Br) e presenta propriet\u00e0 ottiche e di scintillazione uniche.La polvere di CeBr\u2083 \u00e8 molto apprezzata nelle applicazioni scientifiche e industriali grazie alla sua capacit\u00e0 di rilevare e misurare le radiazioni gamma.<\/p>\n<p>Propriet\u00e0:<\/p>\n<p>Alta efficienza: Il bromuro di cerio vanta un&#8217;elevata resa di fotoni, che lo rende molto efficiente nel convertire la radiazione in luce visibile.<\/p>\n<p>Bassa igroscopicit\u00e0: il CeBr\u2083 \u00e8 relativamente meno igroscopico rispetto ad altri alogenuri delle terre rare, il che significa che assorbe meno umidit\u00e0 dall&#8217;aria, il che ne migliora la stabilit\u00e0 e la longevit\u00e0.<\/p>\n<p>Alta risoluzione energetica: questo materiale \u00e8 noto per la sua capacit\u00e0 di offrire un&#8217;elevata risoluzione energetica, che \u00e8 fondamentale per distinguere tra diversi tipi di radiazioni.<\/p>\n<p>Applicazioni:<\/p>\n<p>Scintillatori: CeBr\u2083 \u00e8 ampiamente utilizzato nei rivelatori a scintillazione, in particolare per la rivelazione di raggi gamma.Ha un&#8217;elevata emissione luminosa e tempi di risposta rapidi, che lo rendono ideale per applicazioni che richiedono un rilevamento accurato delle radiazioni, come l&#8217;imaging medico, la ricerca nucleare e la sicurezza nazionale.<\/p>\n<p>Dispositivi ottici: Grazie alla sua eccellente trasparenza e alle sue caratteristiche ottiche, il CeBr\u2083 viene utilizzato anche in componenti ottici specializzati.<\/p>\n<p>La polvere di bromuro di cerio \u00e8 generalmente preparata con elevata purezza per queste applicazioni avanzate, garantendo prestazioni ottimali in ambienti sensibili.<\/p>\n","protected":false},"excerpt":{"rendered":"<p>Il bromuro di cerio (CeBr\u2083) \u00e8 un composto inorganico, che si trova comunemente in forma cristallina o in polvere.<br \/>\n\u00c8 un alogenuro di terre rare composto da cerio (Ce) e bromo (Br) e presenta propriet\u00e0 ottiche e di scintillazione uniche.<br \/>\nLa polvere di CeBr\u2083 \u00e8 molto apprezzata nelle applicazioni scientifiche e industriali grazie alla sua capacit\u00e0 di rilevare e misurare le radiazioni gamma.<\/p>\n","protected":false},"featured_media":1033983,"comment_status":"open","ping_status":"closed","template":"","meta":{"_acf_changed":false},"product_brand":[],"product_cat":[203],"product_tag":[],"class_list":{"0":"post-1027369","1":"product","2":"type-product","3":"status-publish","4":"has-post-thumbnail","6":"product_cat-materiali-per-terre-rare","8":"first","9":"instock","10":"shipping-taxable","11":"product-type-variable"},"acf":[],"_links":{"self":[{"href":"https:\/\/vimaterial.de\/it\/wp-json\/wp\/v2\/product\/1027369","targetHints":{"allow":["GET"]}}],"collection":[{"href":"https:\/\/vimaterial.de\/it\/wp-json\/wp\/v2\/product"}],"about":[{"href":"https:\/\/vimaterial.de\/it\/wp-json\/wp\/v2\/types\/product"}],"replies":[{"embeddable":true,"href":"https:\/\/vimaterial.de\/it\/wp-json\/wp\/v2\/comments?post=1027369"}],"wp:featuredmedia":[{"embeddable":true,"href":"https:\/\/vimaterial.de\/it\/wp-json\/wp\/v2\/media\/1033983"}],"wp:attachment":[{"href":"https:\/\/vimaterial.de\/it\/wp-json\/wp\/v2\/media?parent=1027369"}],"wp:term":[{"taxonomy":"product_brand","embeddable":true,"href":"https:\/\/vimaterial.de\/it\/wp-json\/wp\/v2\/product_brand?post=1027369"},{"taxonomy":"product_cat","embeddable":true,"href":"https:\/\/vimaterial.de\/it\/wp-json\/wp\/v2\/product_cat?post=1027369"},{"taxonomy":"product_tag","embeddable":true,"href":"https:\/\/vimaterial.de\/it\/wp-json\/wp\/v2\/product_tag?post=1027369"}],"curies":[{"name":"wp","href":"https:\/\/api.w.org\/{rel}","templated":true}]}}