{"id":1027346,"date":"2024-06-17T16:05:11","date_gmt":"2024-06-17T08:05:11","guid":{"rendered":"https:\/\/vimaterial.de\/product\/bromuro-di-cerio-eptaidrato\/"},"modified":"2024-09-25T17:45:06","modified_gmt":"2024-09-25T09:45:06","slug":"bromuro-di-cerio-eptaidrato","status":"publish","type":"product","link":"https:\/\/vimaterial.de\/it\/product\/bromuro-di-cerio-eptaidrato\/","title":{"rendered":"Bromuro di cerio eptaidrato"},"content":{"rendered":"<p>Il bromuro di cerio eptaidrato (CeBr\u2083\u00b77H\u2082O) \u00e8 un composto inorganico costituito da cerio (Ce), bromo (Br) e molecole d&#8217;acqua.\u00c8 una forma idrata di bromuro di cerio, in cui sette molecole d&#8217;acqua sono associate a ciascuna unit\u00e0 di CeBr\u2083.La polvere si presenta tipicamente come un solido cristallino e mostra un comportamento igroscopico, il che significa che assorbe facilmente l&#8217;umidit\u00e0 dall&#8217;aria.<\/p>\n<p>Propriet\u00e0:<\/p>\n<p>Igroscopico Natura: A causa della presenza di molecole d&#8217;acqua nella sua struttura, il CeBr\u2083\u00b77H\u2082O \u00e8 altamente igroscopico, il che significa che pu\u00f2 assorbire facilmente l&#8217;umidit\u00e0 dall&#8217;ambiente.Deve essere conservato in condizioni asciutte per evitare decomposizioni indesiderate.<\/p>\n<p>Solubilit\u00e0: il bromuro di cerio eptaidrato \u00e8 solubile in acqua e in altri solventi polari, il che lo rende utile in soluzioni acquose per la sintesi chimica.<\/p>\n<p>Prestazioni di scintillazione: la forma idrata potrebbe non funzionare in modo efficiente come la versione anidra (CeBr\u2083) in alcune applicazioni ad alte prestazioni, come la scintillazione, a causa della presenza di acqua.Sebbene il bromuro di cerio eptaidrato sia meno comunemente usato rispetto alla sua controparte anidra, trova ancora applicazioni in campi specializzati come la scienza dei materiali e il rilevamento delle radiazioni, dove le sue propriet\u00e0 sono benefiche.<\/p>\n<p>Applicazioni:<\/p>\n<p>Materiali a scintillazione: Simile alla sua forma anidra, il bromuro di cerio eptaidrato pu\u00f2 essere utilizzato nei rivelatori a scintillazione, che sono importanti per il rilevamento di raggi gamma e radiazioni nell&#8217;imaging medico, nel monitoraggio nucleare e nella ricerca.<\/p>\n<p>Precursori chimici: Viene spesso utilizzato come precursore nella sintesi di materiali a base di cerio, inclusi catalizzatori, materiali ottici e ceramiche.<\/p>\n<p>Optoelettronica: CeBr\u2083\u00b77H\u2082O \u00e8 utilizzato nella ricerca per le sue propriet\u00e0 ottiche e luminescenti, che lo rendono utile nei dispositivi optoelettronici.<\/p>\n","protected":false},"excerpt":{"rendered":"<p>Il bromuro di cerio eptaidrato (CeBr\u2083\u00b77H\u2082O) \u00e8 un composto inorganico costituito da cerio (Ce), bromo (Br) e molecole d&#8217;acqua.<br \/>\n\u00c8 una forma idrata di bromuro di cerio, in cui sette molecole d&#8217;acqua sono associate a ciascuna unit\u00e0 di CeBr\u2083.<br \/>\nLa polvere si presenta tipicamente come un solido cristallino e mostra un comportamento igroscopico, il che significa che assorbe facilmente l&#8217;umidit\u00e0 dall&#8217;aria.<\/p>\n","protected":false},"featured_media":1033983,"comment_status":"open","ping_status":"closed","template":"","meta":{"_acf_changed":false},"product_brand":[],"product_cat":[203],"product_tag":[],"class_list":{"0":"post-1027346","1":"product","2":"type-product","3":"status-publish","4":"has-post-thumbnail","6":"product_cat-materiali-per-terre-rare","8":"first","9":"instock","10":"shipping-taxable","11":"purchasable","12":"product-type-variable"},"acf":[],"_links":{"self":[{"href":"https:\/\/vimaterial.de\/it\/wp-json\/wp\/v2\/product\/1027346","targetHints":{"allow":["GET"]}}],"collection":[{"href":"https:\/\/vimaterial.de\/it\/wp-json\/wp\/v2\/product"}],"about":[{"href":"https:\/\/vimaterial.de\/it\/wp-json\/wp\/v2\/types\/product"}],"replies":[{"embeddable":true,"href":"https:\/\/vimaterial.de\/it\/wp-json\/wp\/v2\/comments?post=1027346"}],"wp:featuredmedia":[{"embeddable":true,"href":"https:\/\/vimaterial.de\/it\/wp-json\/wp\/v2\/media\/1033983"}],"wp:attachment":[{"href":"https:\/\/vimaterial.de\/it\/wp-json\/wp\/v2\/media?parent=1027346"}],"wp:term":[{"taxonomy":"product_brand","embeddable":true,"href":"https:\/\/vimaterial.de\/it\/wp-json\/wp\/v2\/product_brand?post=1027346"},{"taxonomy":"product_cat","embeddable":true,"href":"https:\/\/vimaterial.de\/it\/wp-json\/wp\/v2\/product_cat?post=1027346"},{"taxonomy":"product_tag","embeddable":true,"href":"https:\/\/vimaterial.de\/it\/wp-json\/wp\/v2\/product_tag?post=1027346"}],"curies":[{"name":"wp","href":"https:\/\/api.w.org\/{rel}","templated":true}]}}