{"id":1027270,"date":"2024-06-17T16:05:13","date_gmt":"2024-06-17T08:05:13","guid":{"rendered":"https:\/\/vimaterial.de\/product\/lega-di-cerio-e-gadolinio\/"},"modified":"2024-10-24T16:55:45","modified_gmt":"2024-10-24T08:55:45","slug":"lega-di-cerio-e-gadolinio","status":"publish","type":"product","link":"https:\/\/vimaterial.de\/it\/product\/lega-di-cerio-e-gadolinio\/","title":{"rendered":"Cerio &#8211; Lega di gadolinio"},"content":{"rendered":"<h3>Informazioni di base<\/h3>\n<p>Formula chimica e composizione: Il componente principale del bersaglio di cerio gadolinio \u00e8 un composto formato da cerio (Ce) e gadolinio (Gd).<\/p>\n<p>Aspetto e forma: solitamente realizzati in forma di piastra piana rotonda o rettangolare, al fine di adattarsi alla deposizione fisica da vapore (PVD) e ad altre apparecchiature.<\/p>\n<p>Densit\u00e0: La densit\u00e0 \u00e8 compresa tra il cerio (circa 6,77 g\/cm\u00b3) e il gadolinio (circa 7,90 g\/cm\u00b3) e varia in base al rapporto tra il contenuto di cerio e gadolinio.<\/p>\n<p>Punto di fusione e stabilit\u00e0 termica: Il punto di fusione varia all&#8217;incirca tra il punto di fusione del cerio (798\u00b0C) e il punto di fusione del gadolinio (1313\u00b0C) a seconda del rapporto tra il contenuto di cerio e gadolinio.<\/p>\n<h3>Campi di applicazione<\/h3>\n<p>Dispositivi di archiviazione magnetici: nei dispositivi di archiviazione magnetici come le unit\u00e0 disco rigido, i film sottili magnetici vengono depositati mediante PVD utilizzando bersagli di cerio cerio &#8211; gadolinio.<\/p>\n<p>Altri componenti elettronici:Cerio &#8211; Gadolinio Film funzionali utilizzati nella produzione di componenti elettronici come condensatori e resistori per fornire specifiche propriet\u00e0 elettriche o magnetiche a questi componenti.<\/p>\n<p>Preparazione del film ottico: Cerio &#8211; Gadolinio utilizzato come componente di filtri ottici o rivestimenti a specchio per regolare le propriet\u00e0 ottiche come la riflessione, la rifrazione e l&#8217;assorbimento della luce.<\/p>\n<p>Campo delle comunicazioni ottiche: svolge un ruolo nella produzione di componenti ottici per apparecchiature di comunicazione ottica, ad esempio, pu\u00f2 migliorare le prestazioni ottiche di dispositivi come connettori in fibra ottica e multiplexer a divisione di lunghezza d&#8217;onda e migliorare l&#8217;efficienza di trasmissione e la qualit\u00e0 dei segnali ottici.<\/p>\n","protected":false},"excerpt":{"rendered":"<p>Dispositivi di archiviazione magnetici: nei dispositivi di archiviazione magnetici come le unit\u00e0 disco rigido, i film sottili magnetici vengono depositati mediante PVD utilizzando bersagli di cerio &#8211; cloruro di gadolinio.<\/p>\n<p>Altri componenti elettronici:Cerio &#8211; Gadolinio Film funzionali utilizzati nella produzione di componenti elettronici come condensatori e resistori per fornire specifiche propriet\u00e0 elettriche o magnetiche a questi componenti.<\/p>\n<p>Preparazione di pellicole ottiche: utilizzata come componente di filtri ottici o rivestimenti a specchio per regolare propriet\u00e0 ottiche come la riflessione, la rifrazione e l&#8217;assorbimento della luce.<\/p>\n","protected":false},"featured_media":1034013,"comment_status":"open","ping_status":"closed","template":"","meta":{"_acf_changed":false},"product_brand":[],"product_cat":[197],"product_tag":[],"class_list":{"0":"post-1027270","1":"product","2":"type-product","3":"status-publish","4":"has-post-thumbnail","6":"product_cat-obiettivi-di-sputtering-planari","8":"first","9":"instock","10":"shipping-taxable","11":"purchasable","12":"product-type-variable"},"acf":[],"_links":{"self":[{"href":"https:\/\/vimaterial.de\/it\/wp-json\/wp\/v2\/product\/1027270","targetHints":{"allow":["GET"]}}],"collection":[{"href":"https:\/\/vimaterial.de\/it\/wp-json\/wp\/v2\/product"}],"about":[{"href":"https:\/\/vimaterial.de\/it\/wp-json\/wp\/v2\/types\/product"}],"replies":[{"embeddable":true,"href":"https:\/\/vimaterial.de\/it\/wp-json\/wp\/v2\/comments?post=1027270"}],"wp:featuredmedia":[{"embeddable":true,"href":"https:\/\/vimaterial.de\/it\/wp-json\/wp\/v2\/media\/1034013"}],"wp:attachment":[{"href":"https:\/\/vimaterial.de\/it\/wp-json\/wp\/v2\/media?parent=1027270"}],"wp:term":[{"taxonomy":"product_brand","embeddable":true,"href":"https:\/\/vimaterial.de\/it\/wp-json\/wp\/v2\/product_brand?post=1027270"},{"taxonomy":"product_cat","embeddable":true,"href":"https:\/\/vimaterial.de\/it\/wp-json\/wp\/v2\/product_cat?post=1027270"},{"taxonomy":"product_tag","embeddable":true,"href":"https:\/\/vimaterial.de\/it\/wp-json\/wp\/v2\/product_tag?post=1027270"}],"curies":[{"name":"wp","href":"https:\/\/api.w.org\/{rel}","templated":true}]}}