{"id":1027268,"date":"2024-06-17T16:05:12","date_gmt":"2024-06-17T08:05:12","guid":{"rendered":"https:\/\/vimaterial.de\/product\/fluoruro-di-cerio\/"},"modified":"2024-10-25T09:27:12","modified_gmt":"2024-10-25T01:27:12","slug":"fluoruro-di-cerio","status":"publish","type":"product","link":"https:\/\/vimaterial.de\/it\/product\/fluoruro-di-cerio\/","title":{"rendered":"Fluoruro di cerio"},"content":{"rendered":"<p>Il bersaglio del fluoruro di cerio \u00e8 un importante materiale di rivestimento.<\/p>\n<h3>Informazioni di base:<\/h3>\n<p>Formula chimica: CeF\u2083, un composto ionico composto dal cerio, un metallo delle terre rare, e dall&#8217;elemento fluoro.<\/p>\n<p>Numero CAS: 7758-88-5.<\/p>\n<p>Aspetto: Solitamente solido cristallino bianco.<\/p>\n<p>Punto di fusione: circa 1460\u00b0C.<\/p>\n<p>Punto di ebollizione: circa 2300\u00b0C.<\/p>\n<p>Densit\u00e0: 6,16 g\/cm\u00b3.<\/p>\n<h3>Campi di applicazione:<\/h3>\n<p>Campo dei semiconduttori: nella produzione di semiconduttori, il materiale target del fluoruro di cerio pu\u00f2 essere utilizzato per preparare lo strato isolante di dispositivi elettronici, lo strato conduttivo e altri film sottili, come nella produzione di circuiti integrati, utilizzati per formare uno strato isolante tra lo strato di interconnessione metallica, per migliorare le prestazioni e l&#8217;affidabilit\u00e0 del circuito.<\/p>\n<p>Campo ottico: utilizzato nella produzione di lenti ottiche, filtri ottici, finestre ottiche e altri componenti ottici del rivestimento, pu\u00f2 migliorare le prestazioni ottiche dei componenti ottici, come l&#8217;aumento della trasmissione della luce, ridurre la riflessione.<\/p>\n<p>Campo magnetico: nei dispositivi di archiviazione magnetica, come dischi rigidi, dischi magnetici, ecc., I bersagli di fluoruro di cerio possono essere utilizzati per preparare pellicole di registrazione magnetiche per migliorare la densit\u00e0 e la stabilit\u00e0 della memorizzazione magnetica.<\/p>\n<p>Nuovo campo energetico: nelle nuove apparecchiature energetiche come celle solari, celle a combustibile, ecc., i target CeF\u2083 possono essere utilizzati per preparare i materiali degli elettrodi per il rivestimento per migliorare l&#8217;attivit\u00e0 catalitica e la stabilit\u00e0 degli elettrodi, migliorando cos\u00ec l&#8217;efficienza e le prestazioni delle nuove apparecchiature energetiche.<\/p>\n","protected":false},"excerpt":{"rendered":"<p>Il bersaglio del fluoruro di cerio \u00e8 un importante materiale di rivestimento.<\/p>\n<p>Campo dei semiconduttori: nella produzione di semiconduttori, il materiale target del fluoruro di cerio pu\u00f2 essere utilizzato per preparare lo strato isolante di dispositivi elettronici, lo strato conduttivo e altri film sottili, come nella produzione di circuiti integrati, utilizzati per formare uno strato isolante tra lo strato di interconnessione metallica, per migliorare le prestazioni e l&#8217;affidabilit\u00e0 del circuito.<\/p>\n<p>Campo ottico: utilizzato nella produzione di lenti ottiche, filtri ottici, finestre ottiche e altri componenti ottici del rivestimento, pu\u00f2 migliorare le prestazioni ottiche dei componenti ottici, come l&#8217;aumento della trasmissione della luce, ridurre la riflessione.<\/p>\n","protected":false},"featured_media":1034008,"comment_status":"open","ping_status":"closed","template":"","meta":{"_acf_changed":false},"product_brand":[],"product_cat":[197],"product_tag":[],"class_list":{"0":"post-1027268","1":"product","2":"type-product","3":"status-publish","4":"has-post-thumbnail","6":"product_cat-obiettivi-di-sputtering-planari","8":"first","9":"instock","10":"shipping-taxable","11":"product-type-variable"},"acf":[],"_links":{"self":[{"href":"https:\/\/vimaterial.de\/it\/wp-json\/wp\/v2\/product\/1027268","targetHints":{"allow":["GET"]}}],"collection":[{"href":"https:\/\/vimaterial.de\/it\/wp-json\/wp\/v2\/product"}],"about":[{"href":"https:\/\/vimaterial.de\/it\/wp-json\/wp\/v2\/types\/product"}],"replies":[{"embeddable":true,"href":"https:\/\/vimaterial.de\/it\/wp-json\/wp\/v2\/comments?post=1027268"}],"wp:featuredmedia":[{"embeddable":true,"href":"https:\/\/vimaterial.de\/it\/wp-json\/wp\/v2\/media\/1034008"}],"wp:attachment":[{"href":"https:\/\/vimaterial.de\/it\/wp-json\/wp\/v2\/media?parent=1027268"}],"wp:term":[{"taxonomy":"product_brand","embeddable":true,"href":"https:\/\/vimaterial.de\/it\/wp-json\/wp\/v2\/product_brand?post=1027268"},{"taxonomy":"product_cat","embeddable":true,"href":"https:\/\/vimaterial.de\/it\/wp-json\/wp\/v2\/product_cat?post=1027268"},{"taxonomy":"product_tag","embeddable":true,"href":"https:\/\/vimaterial.de\/it\/wp-json\/wp\/v2\/product_tag?post=1027268"}],"curies":[{"name":"wp","href":"https:\/\/api.w.org\/{rel}","templated":true}]}}