{"id":1027176,"date":"2024-06-17T16:05:14","date_gmt":"2024-06-17T08:05:14","guid":{"rendered":"https:\/\/vimaterial.de\/product\/fosfato-di-cerio\/"},"modified":"2024-10-24T16:04:56","modified_gmt":"2024-10-24T08:04:56","slug":"fosfato-di-cerio","status":"publish","type":"product","link":"https:\/\/vimaterial.de\/it\/product\/fosfato-di-cerio\/","title":{"rendered":"Fosfato di cerio"},"content":{"rendered":"<p>La polvere di fosfato di cerio \u00e8 un importante composto inorganico.<\/p>\n<h3>Informazioni di base:<\/h3>\n<p>Formula chimica: solitamente espressa come CePO4, la prima \u00e8 CePO4 anidra, la seconda \u00e8 fosfato di cerio con acqua cristallina.<\/p>\n<p>Massa molare: la massa molare della CePO4 anidra \u00e8 di circa 235,0874 g\/mol e la massa molare del fosfato di cerio contenente acqua di cristallizzazione \u00e8 di circa 253,09 g\/mol (calcolata come contenente un&#8217;acqua di cristallizzazione).<\/p>\n<p>Aspetto: generalmente solido polveroso bianco o giallastro.<\/p>\n<p>Densit\u00e0: La densit\u00e0 relativa \u00e8 elevata, circa 5,22 g\/cm\u00b3.<\/p>\n<p>Solubilit\u00e0: Difficile da sciogliere in acqua e acidi inorganici.<\/p>\n<p>PUNTO DI FUSIONE: Punto di fusione relativamente alto, che gli consente di mantenere una struttura stabile a temperature ambiente elevate.<\/p>\n<h3>Aree di applicazione:<\/h3>\n<p>Scienza dei materiali: pu\u00f2 essere utilizzato nella preparazione di materiali ceramici elettronici, come materiali dielettrici, materiali piezoelettrici e altri additivi, pu\u00f2 migliorare le propriet\u00e0 elettriche del materiale.<\/p>\n<p>Campo ottico: Ha importanti applicazioni in materiali ottici come fosforo e vetro. Ad esempio, nel fosforo, CePO4 pu\u00f2 essere utilizzato come attivatore per migliorare l&#8217;efficienza luminosa e la luminosit\u00e0 del fosforo.<\/p>\n<p>Campo del catalizzatore: Pu\u00f2 essere utilizzato come catalizzatore o vettore del catalizzatore per catalizzare alcune reazioni chimiche, come la reazione di ossidazione e la reazione di idrogenazione.<\/p>\n","protected":false},"excerpt":{"rendered":"<p>La polvere di fosfato di cerio \u00e8 un importante composto inorganico.<\/p>\n<p>Scienza dei materiali: pu\u00f2 essere utilizzato nella preparazione di materiali ceramici elettronici, come materiali dielettrici, materiali piezoelettrici e altri additivi, pu\u00f2 migliorare le propriet\u00e0 elettriche del materiale.<\/p>\n<p>Campo ottico: Ha importanti applicazioni in materiali ottici come fosforo e vetro. Ad esempio, nel fosforo, il fosfato di cerio pu\u00f2 essere utilizzato come attivatore per migliorare l&#8217;efficienza luminosa e la luminosit\u00e0 del fosforo.<\/p>\n<p>&nbsp;<\/p>\n","protected":false},"featured_media":1034038,"comment_status":"open","ping_status":"closed","template":"","meta":{"_acf_changed":false},"product_brand":[],"product_cat":[165],"product_tag":[],"class_list":{"0":"post-1027176","1":"product","2":"type-product","3":"status-publish","4":"has-post-thumbnail","6":"product_cat-senza-categoria","8":"first","9":"instock","10":"shipping-taxable","11":"purchasable","12":"product-type-variable"},"acf":[],"_links":{"self":[{"href":"https:\/\/vimaterial.de\/it\/wp-json\/wp\/v2\/product\/1027176","targetHints":{"allow":["GET"]}}],"collection":[{"href":"https:\/\/vimaterial.de\/it\/wp-json\/wp\/v2\/product"}],"about":[{"href":"https:\/\/vimaterial.de\/it\/wp-json\/wp\/v2\/types\/product"}],"replies":[{"embeddable":true,"href":"https:\/\/vimaterial.de\/it\/wp-json\/wp\/v2\/comments?post=1027176"}],"wp:featuredmedia":[{"embeddable":true,"href":"https:\/\/vimaterial.de\/it\/wp-json\/wp\/v2\/media\/1034038"}],"wp:attachment":[{"href":"https:\/\/vimaterial.de\/it\/wp-json\/wp\/v2\/media?parent=1027176"}],"wp:term":[{"taxonomy":"product_brand","embeddable":true,"href":"https:\/\/vimaterial.de\/it\/wp-json\/wp\/v2\/product_brand?post=1027176"},{"taxonomy":"product_cat","embeddable":true,"href":"https:\/\/vimaterial.de\/it\/wp-json\/wp\/v2\/product_cat?post=1027176"},{"taxonomy":"product_tag","embeddable":true,"href":"https:\/\/vimaterial.de\/it\/wp-json\/wp\/v2\/product_tag?post=1027176"}],"curies":[{"name":"wp","href":"https:\/\/api.w.org\/{rel}","templated":true}]}}