{"id":1027157,"date":"2024-06-17T16:05:14","date_gmt":"2024-06-17T08:05:14","guid":{"rendered":"https:\/\/vimaterial.de\/product\/siliciuro-di-cerio-2\/"},"modified":"2024-10-24T16:26:55","modified_gmt":"2024-10-24T08:26:55","slug":"siliciuro-di-cerio-2","status":"publish","type":"product","link":"https:\/\/vimaterial.de\/it\/product\/siliciuro-di-cerio-2\/","title":{"rendered":"Siliciuro di cerio"},"content":{"rendered":"<h3>Informazioni di base<\/h3>\n<p>Formula chimica: CeSi\u2082, composto dagli elementi cerio (Ce) e silicio (Si), essendo il cerio un elemento delle terre rare.<\/p>\n<p>Peso molecolare: circa 196,3 g\/mol.<br \/>\nN. CAS: 12014 &#8211; 85 &#8211; 6.<br \/>\nAspetto e forma: Di solito particelle grigie o grigio-nere.<br \/>\nDensit\u00e0: La densit\u00e0 \u00e8 di circa 4,84 g\/cm\u00b3.<br \/>\nPunto di fusione e di ebollizione: il punto di fusione \u00e8 di circa 1620\u00b0C. L&#8217;alto punto di fusione indica che pu\u00f2 essere utilizzato in un&#8217;ampia gamma di applicazioni.<br \/>\nStruttura cristallina: Ha una struttura cristallina tetragonale.<br \/>\nPropriet\u00e0 elettriche: \u00e8 un materiale semiconduttore.<\/p>\n<h3>Campi di applicazione<\/h3>\n<p>Campo dei materiali elettronici: Come materiali semiconduttori, il siliciuro di cerio viene utilizzato nella produzione di dispositivi elettronici come transistor e circuiti integrati. Le loro propriet\u00e0 dei semiconduttori possono essere utilizzate per controllare la conduzione della corrente e l&#8217;elaborazione del segnale e svolgono un ruolo nella miniaturizzazione e nelle alte prestazioni dei dispositivi elettronici.<\/p>\n<p>Campo dei materiali termoelettrici: Il siliciuro di cerio ha potenziali applicazioni nella conversione termoelettrica. Grazie alle loro speciali propriet\u00e0 elettriche e termiche, sono in grado di convertire calore ed elettricit\u00e0 l&#8217;uno all&#8217;altro e possono essere utilizzati per preparare apparecchiature come generatori termoelettrici o raffreddatori termoelettrici per migliorare l&#8217;efficienza dell&#8217;uso dell&#8217;energia.<\/p>\n<p>Campo di ricerca della scienza dei materiali: Il siliciuro di cerio \u00e8 un materiale importante per lo studio delle propriet\u00e0 dei composti di silicio delle terre rare. Attraverso lo studio del CeSi\u2082, possiamo acquisire una comprensione pi\u00f9 profonda delle interazioni tra elementi delle terre rare ed elementi di silicio, nonch\u00e9 degli effetti di tali interazioni sulle propriet\u00e0 fisiche e chimiche dei materiali, fornendo basi teoriche e sperimentali per lo sviluppo di nuovi materiali.<\/p>\n","protected":false},"excerpt":{"rendered":"<p>Campo dei materiali elettronici: Come materiali semiconduttori, il siliciuro di cerio viene utilizzato nella produzione di dispositivi elettronici come transistor e circuiti integrati. Le loro propriet\u00e0 dei semiconduttori possono essere utilizzate per controllare la conduzione della corrente e l&#8217;elaborazione del segnale e svolgono un ruolo nella miniaturizzazione e nelle alte prestazioni dei dispositivi elettronici.<\/p>\n<p>Campo dei materiali termoelettrici: Ha potenziali applicazioni nella conversione termoelettrica. Grazie alle loro speciali propriet\u00e0 elettriche e termiche, sono in grado di convertire calore ed elettricit\u00e0 l&#8217;uno all&#8217;altro e possono essere utilizzati per preparare apparecchiature come generatori termoelettrici o raffreddatori termoelettrici per migliorare l&#8217;efficienza dell&#8217;uso dell&#8217;energia.<\/p>\n","protected":false},"featured_media":1034043,"comment_status":"open","ping_status":"closed","template":"","meta":{"_acf_changed":false},"product_brand":[],"product_cat":[198],"product_tag":[],"class_list":{"0":"post-1027157","1":"product","2":"type-product","3":"status-publish","4":"has-post-thumbnail","6":"product_cat-materiali-per-levaporazione","8":"first","9":"instock","10":"shipping-taxable","11":"product-type-variable"},"acf":[],"_links":{"self":[{"href":"https:\/\/vimaterial.de\/it\/wp-json\/wp\/v2\/product\/1027157","targetHints":{"allow":["GET"]}}],"collection":[{"href":"https:\/\/vimaterial.de\/it\/wp-json\/wp\/v2\/product"}],"about":[{"href":"https:\/\/vimaterial.de\/it\/wp-json\/wp\/v2\/types\/product"}],"replies":[{"embeddable":true,"href":"https:\/\/vimaterial.de\/it\/wp-json\/wp\/v2\/comments?post=1027157"}],"wp:featuredmedia":[{"embeddable":true,"href":"https:\/\/vimaterial.de\/it\/wp-json\/wp\/v2\/media\/1034043"}],"wp:attachment":[{"href":"https:\/\/vimaterial.de\/it\/wp-json\/wp\/v2\/media?parent=1027157"}],"wp:term":[{"taxonomy":"product_brand","embeddable":true,"href":"https:\/\/vimaterial.de\/it\/wp-json\/wp\/v2\/product_brand?post=1027157"},{"taxonomy":"product_cat","embeddable":true,"href":"https:\/\/vimaterial.de\/it\/wp-json\/wp\/v2\/product_cat?post=1027157"},{"taxonomy":"product_tag","embeddable":true,"href":"https:\/\/vimaterial.de\/it\/wp-json\/wp\/v2\/product_tag?post=1027157"}],"curies":[{"name":"wp","href":"https:\/\/api.w.org\/{rel}","templated":true}]}}