{"id":1027143,"date":"2024-06-17T16:05:15","date_gmt":"2024-06-17T08:05:15","guid":{"rendered":"https:\/\/vimaterial.de\/product\/lega-di-cerio-e-samario\/"},"modified":"2024-10-24T14:21:08","modified_gmt":"2024-10-24T06:21:08","slug":"lega-di-cerio-e-samario","status":"publish","type":"product","link":"https:\/\/vimaterial.de\/it\/product\/lega-di-cerio-e-samario\/","title":{"rendered":"Lega di cerio e samario"},"content":{"rendered":"<h3>Informazioni di base<\/h3>\n<p>Composizione e formula chimica: il target CeSm \u00e8 composto principalmente da Cerio (Ce) e Samario (Sm). Struttura atomica: Il numero atomico del cerio \u00e8 58.<\/p>\n<p>Aspetto e forma: Tipicamente di forma rotonda o rettangolare come una piastra piana per adattarsi a diverse apparecchiature di deposizione fisica da vapore (PVD).<\/p>\n<p>Punto di fusione e stabilit\u00e0 termica: il punto di fusione \u00e8 anche compreso tra il punto di fusione del cerio e del samario, il punto di fusione del cerio \u00e8 798\u00b0C, il punto di fusione del samario \u00e8 1074\u00b0C.<\/p>\n<p>Propriet\u00e0 elettriche e magnetiche: poich\u00e9 il cerio e il samario hanno determinate propriet\u00e0 magnetiche ed elettriche, i bersagli CeSm mostrano anche propriet\u00e0 elettriche e magnetiche complesse.<\/p>\n<h3>Aree di applicazione<\/h3>\n<p>Elettronica: Utilizzato nella produzione di pellicole magnetiche, come nei dispositivi di archiviazione magnetica come le unit\u00e0 disco rigido, dove le pellicole in Lega di cerio e samario\u00a0vengono depositate sulla superficie del disco mediante la tecnologia di deposizione fisica da vapore, che pu\u00f2 migliorare la densit\u00e0 di archiviazione e le prestazioni di lettura\/scrittura.<\/p>\n<p>Campo ottico: svolge un ruolo nella preparazione di pellicole ottiche, ad esempio come componente di filtri ottici o rivestimenti a specchio. le propriet\u00e0 ottiche dei film in Lega di cerio e samario possono essere utilizzate per regolare la riflessione, la rifrazione e l&#8217;assorbimento della luce e sono utilizzate in aree come la tecnologia laser e le comunicazioni ottiche.<\/p>\n<p>Ricerca sulla scienza dei materiali: come strumento per studiare le propriet\u00e0 fisiche e chimiche dei film di leghe di terre rare, viene utilizzato per preparare vari film a base di CeSm in laboratorio, per studiarne le propriet\u00e0 magnetiche, le propriet\u00e0 elettriche e le propriet\u00e0 interfacciali con altri materiali e per fornire basi sperimentali per lo sviluppo di nuovi materiali.<\/p>\n","protected":false},"excerpt":{"rendered":"<p>Elettronica: Lega di cerio e samario Utilizzato nella produzione di pellicole magnetiche, come ad esempio in dispositivi di archiviazione magnetici come le unit\u00e0 disco rigido, dove le pellicole CeSm vengono depositate sulla superficie del disco mediante la tecnologia di deposizione fisica del vapore, che pu\u00f2 migliorare la densit\u00e0 di archiviazione e le prestazioni di lettura\/scrittura.<\/p>\n<p>Campo ottico: svolge un ruolo nella preparazione di pellicole ottiche, ad esempio come componente di filtri ottici o rivestimenti a specchio. le propriet\u00e0 ottiche dei film in Lega di cerio e samario possono essere utilizzate per regolare la riflessione, la rifrazione e l&#8217;assorbimento della luce e sono utilizzate in aree come la tecnologia laser e le comunicazioni ottiche.<\/p>\n","protected":false},"featured_media":1034053,"comment_status":"open","ping_status":"closed","template":"","meta":{"_acf_changed":false},"product_brand":[],"product_cat":[197],"product_tag":[],"class_list":{"0":"post-1027143","1":"product","2":"type-product","3":"status-publish","4":"has-post-thumbnail","6":"product_cat-obiettivi-di-sputtering-planari","8":"first","9":"instock","10":"shipping-taxable","11":"product-type-variable"},"acf":[],"_links":{"self":[{"href":"https:\/\/vimaterial.de\/it\/wp-json\/wp\/v2\/product\/1027143","targetHints":{"allow":["GET"]}}],"collection":[{"href":"https:\/\/vimaterial.de\/it\/wp-json\/wp\/v2\/product"}],"about":[{"href":"https:\/\/vimaterial.de\/it\/wp-json\/wp\/v2\/types\/product"}],"replies":[{"embeddable":true,"href":"https:\/\/vimaterial.de\/it\/wp-json\/wp\/v2\/comments?post=1027143"}],"wp:featuredmedia":[{"embeddable":true,"href":"https:\/\/vimaterial.de\/it\/wp-json\/wp\/v2\/media\/1034053"}],"wp:attachment":[{"href":"https:\/\/vimaterial.de\/it\/wp-json\/wp\/v2\/media?parent=1027143"}],"wp:term":[{"taxonomy":"product_brand","embeddable":true,"href":"https:\/\/vimaterial.de\/it\/wp-json\/wp\/v2\/product_brand?post=1027143"},{"taxonomy":"product_cat","embeddable":true,"href":"https:\/\/vimaterial.de\/it\/wp-json\/wp\/v2\/product_cat?post=1027143"},{"taxonomy":"product_tag","embeddable":true,"href":"https:\/\/vimaterial.de\/it\/wp-json\/wp\/v2\/product_tag?post=1027143"}],"curies":[{"name":"wp","href":"https:\/\/api.w.org\/{rel}","templated":true}]}}