{"id":1027136,"date":"2024-06-17T16:05:15","date_gmt":"2024-06-17T08:05:15","guid":{"rendered":"https:\/\/vimaterial.de\/product\/siliciuro-di-cerio\/"},"modified":"2024-10-24T14:01:09","modified_gmt":"2024-10-24T06:01:09","slug":"siliciuro-di-cerio","status":"publish","type":"product","link":"https:\/\/vimaterial.de\/it\/product\/siliciuro-di-cerio\/","title":{"rendered":"Siliciuro di cerio"},"content":{"rendered":"<h3>Informazioni di base<\/h3>\n<p>Formula chimica: CeSi2, composto da due elementi, cerio (Ce) e silicio (Si), di cui il cerio \u00e8 un elemento delle terre rare che svolge un ruolo importante nel contribuire alle propriet\u00e0 chimiche e fisiche del composto.<\/p>\n<p>Peso molecolare: circa 196,3 g\/mol.<\/p>\n<p>Numero CAS: 12014 &#8211; 85 &#8211; 6.<\/p>\n<p>Aspetto: Di solito una polvere grigia.<\/p>\n<p>Densit\u00e0: La densit\u00e0 \u00e8 elevata, circa 4,84 g\/cm\u00b3.<\/p>\n<p>Punto di fusione e di ebollizione: il punto di fusione \u00e8 di circa 1620\u00b0C. L&#8217;alto punto di fusione indica che pu\u00f2 essere utilizzato in un&#8217;ampia gamma di applicazioni.<\/p>\n<p>Struttura cristallina: Struttura cristallina tetragonale.<\/p>\n<h3>Campi di applicazione<\/h3>\n<p>Materiali elettronici: siliciuro di cerio Come materiali semiconduttori, sono utilizzati nella produzione di dispositivi elettronici, come transistor e circuiti integrati. Le sue propriet\u00e0 dei semiconduttori possono essere utilizzate per controllare la conduzione della corrente e l&#8217;elaborazione del segnale e svolgono un ruolo nella miniaturizzazione e nelle alte prestazioni dei dispositivi elettronici.<\/p>\n<p>Campo dei materiali termoelettrici: Il siliciuro di cerio ha potenziali applicazioni nella conversione termoelettrica. Grazie alle loro speciali propriet\u00e0 elettriche e termiche, sono in grado di convertire calore ed elettricit\u00e0 l&#8217;uno all&#8217;altro e possono essere utilizzati per preparare apparecchiature come generatori termoelettrici o raffreddatori termoelettrici per migliorare l&#8217;efficienza dell&#8217;uso dell&#8217;energia.<\/p>\n<p>Campo di ricerca della scienza dei materiali: \u00c8 un materiale importante per lo studio delle propriet\u00e0 delle terre rare &#8211; composti di silicio. Attraverso lo studio della ricerca, possiamo acquisire una profonda comprensione dell&#8217;interazione tra elementi delle terre rare ed elementi di silicio, nonch\u00e9 dell&#8217;impatto di questa interazione sulle propriet\u00e0 fisiche e chimiche dei materiali, fornendo una base teorica e sperimentale per lo sviluppo di nuovi materiali.<\/p>\n","protected":false},"excerpt":{"rendered":"<p>Materiali elettronici:Siliciuro di cerio Come materiali semiconduttori, vengono utilizzati nella produzione di dispositivi elettronici, come transistor e circuiti integrati. Le sue propriet\u00e0 dei semiconduttori possono essere utilizzate per controllare la conduzione della corrente e l&#8217;elaborazione del segnale e svolgono un ruolo nella miniaturizzazione e nelle alte prestazioni dei dispositivi elettronici.<\/p>\n<p>Campo dei materiali termoelettrici: Il siliciuro di cerio ha potenziali applicazioni nella conversione termoelettrica. Grazie alle loro speciali propriet\u00e0 elettriche e termiche, sono in grado di convertire calore ed elettricit\u00e0 l&#8217;uno all&#8217;altro e possono essere utilizzati per preparare apparecchiature come generatori termoelettrici o raffreddatori termoelettrici per migliorare l&#8217;efficienza dell&#8217;uso dell&#8217;energia.<\/p>\n","protected":false},"featured_media":1034048,"comment_status":"open","ping_status":"closed","template":"","meta":{"_acf_changed":false},"product_brand":[],"product_cat":[202,203],"product_tag":[],"class_list":{"0":"post-1027136","1":"product","2":"type-product","3":"status-publish","4":"has-post-thumbnail","6":"product_cat-materiali-c-n-b-si","7":"product_cat-materiali-per-terre-rare","9":"first","10":"instock","11":"shipping-taxable","12":"product-type-variable"},"acf":[],"_links":{"self":[{"href":"https:\/\/vimaterial.de\/it\/wp-json\/wp\/v2\/product\/1027136","targetHints":{"allow":["GET"]}}],"collection":[{"href":"https:\/\/vimaterial.de\/it\/wp-json\/wp\/v2\/product"}],"about":[{"href":"https:\/\/vimaterial.de\/it\/wp-json\/wp\/v2\/types\/product"}],"replies":[{"embeddable":true,"href":"https:\/\/vimaterial.de\/it\/wp-json\/wp\/v2\/comments?post=1027136"}],"wp:featuredmedia":[{"embeddable":true,"href":"https:\/\/vimaterial.de\/it\/wp-json\/wp\/v2\/media\/1034048"}],"wp:attachment":[{"href":"https:\/\/vimaterial.de\/it\/wp-json\/wp\/v2\/media?parent=1027136"}],"wp:term":[{"taxonomy":"product_brand","embeddable":true,"href":"https:\/\/vimaterial.de\/it\/wp-json\/wp\/v2\/product_brand?post=1027136"},{"taxonomy":"product_cat","embeddable":true,"href":"https:\/\/vimaterial.de\/it\/wp-json\/wp\/v2\/product_cat?post=1027136"},{"taxonomy":"product_tag","embeddable":true,"href":"https:\/\/vimaterial.de\/it\/wp-json\/wp\/v2\/product_tag?post=1027136"}],"curies":[{"name":"wp","href":"https:\/\/api.w.org\/{rel}","templated":true}]}}