{"id":1027127,"date":"2024-06-17T16:05:15","date_gmt":"2024-06-17T08:05:15","guid":{"rendered":"https:\/\/vimaterial.de\/product\/ossido-di-praseodimio-4\/"},"modified":"2024-10-24T14:58:57","modified_gmt":"2024-10-24T06:58:57","slug":"ossido-di-praseodimio-4","status":"publish","type":"product","link":"https:\/\/vimaterial.de\/it\/product\/ossido-di-praseodimio-4\/","title":{"rendered":"Ossido di praseodimio"},"content":{"rendered":"<h3>Informazioni di base<\/h3>\n<p>Formula chimica: Pr2O3, costituito dagli elementi praseodimio (Pr) e ossigeno (O), di cui il praseodimio \u00e8 un elemento delle terre rare che mostra una valenza +3 in questo composto.<\/p>\n<p>Peso molecolare: circa 329,81 g\/mol.<\/p>\n<p>N. CAS 12037 &#8211; 29 &#8211; 5.<\/p>\n<p>Aspetto e colore: Solitamente granuli giallo-verdi o nero-verdi.<\/p>\n<p>Densit\u00e0: Alta densit\u00e0, circa 7,07 g\/cm\u00b3.<\/p>\n<p>Punto di fusione e punto di ebollizione: il punto di fusione \u00e8 di circa 2307\u00b0C, il punto di ebollizione \u00e8 di circa 4000\u00b0C.<\/p>\n<p>Solubilit\u00e0: Difficile da sciogliere in acqua, la solubilit\u00e0 in acqua \u00e8 estremamente bassa.<\/p>\n<p>Struttura cristallina: Ha una struttura cristallina cubica.<\/p>\n<h3>Campi di applicazione<\/h3>\n<p>Campo di materiale ottico: Ossido di praseodimio Grazie alle sue speciali propriet\u00e0 ottiche, come l&#8217;assorbimento e l&#8217;emissione di specifiche lunghezze d&#8217;onda della luce, pu\u00f2 essere utilizzato nella produzione di vetro ottico, fibre ottiche e altri materiali.<\/p>\n<p>Materiali magnetici: il praseodimio ha speciali propriet\u00e0 magnetiche e pu\u00f2 essere utilizzato come materia prima per la preparazione di materiali magnetici. Campo del catalizzatore: Pu\u00f2 essere utilizzato come catalizzatore o precursore di un catalizzatore in alcune reazioni chimiche.<\/p>\n<p>Nel campo dei materiali ceramici: l&#8217;ossido di praseodimio pu\u00f2 essere utilizzato per preparare materiali ceramici con propriet\u00e0 speciali.<\/p>\n","protected":false},"excerpt":{"rendered":"<p>Campo di materiale ottico: Ossido di praseodimio Grazie alle sue speciali propriet\u00e0 ottiche, come l&#8217;assorbimento e l&#8217;emissione di specifiche lunghezze d&#8217;onda della luce, pu\u00f2 essere utilizzato nella produzione di vetro ottico, fibre ottiche e altri materiali.<\/p>\n<p>Materiali magnetici: il praseodimio ha speciali propriet\u00e0 magnetiche e pu\u00f2 essere utilizzato come materia prima per la preparazione di materiali magnetici.<\/p>\n","protected":false},"featured_media":1034063,"comment_status":"open","ping_status":"closed","template":"","meta":{"_acf_changed":false},"product_brand":[],"product_cat":[198],"product_tag":[],"class_list":{"0":"post-1027127","1":"product","2":"type-product","3":"status-publish","4":"has-post-thumbnail","6":"product_cat-materiali-per-levaporazione","8":"first","9":"instock","10":"shipping-taxable","11":"purchasable","12":"product-type-variable"},"acf":[],"_links":{"self":[{"href":"https:\/\/vimaterial.de\/it\/wp-json\/wp\/v2\/product\/1027127","targetHints":{"allow":["GET"]}}],"collection":[{"href":"https:\/\/vimaterial.de\/it\/wp-json\/wp\/v2\/product"}],"about":[{"href":"https:\/\/vimaterial.de\/it\/wp-json\/wp\/v2\/types\/product"}],"replies":[{"embeddable":true,"href":"https:\/\/vimaterial.de\/it\/wp-json\/wp\/v2\/comments?post=1027127"}],"wp:featuredmedia":[{"embeddable":true,"href":"https:\/\/vimaterial.de\/it\/wp-json\/wp\/v2\/media\/1034063"}],"wp:attachment":[{"href":"https:\/\/vimaterial.de\/it\/wp-json\/wp\/v2\/media?parent=1027127"}],"wp:term":[{"taxonomy":"product_brand","embeddable":true,"href":"https:\/\/vimaterial.de\/it\/wp-json\/wp\/v2\/product_brand?post=1027127"},{"taxonomy":"product_cat","embeddable":true,"href":"https:\/\/vimaterial.de\/it\/wp-json\/wp\/v2\/product_cat?post=1027127"},{"taxonomy":"product_tag","embeddable":true,"href":"https:\/\/vimaterial.de\/it\/wp-json\/wp\/v2\/product_tag?post=1027127"}],"curies":[{"name":"wp","href":"https:\/\/api.w.org\/{rel}","templated":true}]}}