{"id":1027110,"date":"2024-06-17T16:05:15","date_gmt":"2024-06-17T08:05:15","guid":{"rendered":"https:\/\/vimaterial.de\/product\/ossido-di-praseodimio-3\/"},"modified":"2024-10-24T15:11:38","modified_gmt":"2024-10-24T07:11:38","slug":"ossido-di-praseodimio-3","status":"publish","type":"product","link":"https:\/\/vimaterial.de\/it\/product\/ossido-di-praseodimio-3\/","title":{"rendered":"Ossido di praseodimio"},"content":{"rendered":"<p>La polvere di ossido di praseodimio \u00e8 un importante materiale di ossido di terre rare.<\/p>\n<h3>Informazioni di base:<\/h3>\n<p>Formula chimica:, \u00e8 costituito dall&#8217;elemento delle terre rare praseodimio (Pr) e ossigeno, in cui il praseodimio mostra una valenza +3.<\/p>\n<p>Peso molecolare: circa 329,81 g\/mol.<\/p>\n<p>Aspetto: Solitamente un solido in polvere da giallastro a marrone scuro.<\/p>\n<p>Densit\u00e0: circa 6,77 g\/cm\u00b3.<\/p>\n<p>Punto di fusione: 2410\u00b0C.<\/p>\n<p>Struttura cristallina: con struttura a sistema cristallino esagonale.<\/p>\n<h3>Propriet\u00e0 chimiche:<\/h3>\n<p>Reazione con l&#8217;acqua: reagisce con l&#8217;acqua per generare ed emettere una grande quantit\u00e0 di calore.<\/p>\n<p>Reazione con l&#8217;acido: pu\u00f2 reagire con l&#8217;acido per formare il sale corrispondente, come reagire con l&#8217;acido cloridrico per formare il cloruro di praseodimio.<\/p>\n<h3>Campo di applicazione:<\/h3>\n<p>Materiali ottici: l&#8217;ossido di praseodimio pu\u00f2 essere utilizzato nella produzione di vetro ottico, fibra ottica e cos\u00ec via. L&#8217;aggiunta di vetro pu\u00f2 modificare le propriet\u00e0 ottiche del vetro, come l&#8217;assorbimento e la trasmissione di specifiche lunghezze d&#8217;onda della luce, e pu\u00f2 anche essere utilizzata per produrre materiali laser.<\/p>\n<p>Materiali ceramici: l&#8217;ossido di praseodimio aggiunto alle formulazioni ceramiche, pu\u00f2 migliorare le propriet\u00e0 fisiche della ceramica, come migliorare la durezza, la resistenza all&#8217;usura e la resistenza alle alte temperature, e pu\u00f2 dare colori unici alla ceramica.<\/p>\n<p>Catalizzatori: possono essere utilizzati come catalizzatori o precursori di catalizzatori per alcune reazioni chimiche, ad esempio nei settori del trattamento dei gas di scarico delle automobili e della produzione chimica. Materiale magnetico: \u00e8 utile per la preparazione di materiale magnetico e pu\u00f2 essere combinato con altri elementi per migliorare le prestazioni del materiale magnetico.<\/p>\n","protected":false},"excerpt":{"rendered":"<p>La polvere di ossido di praseodimio \u00e8 un importante materiale di ossido di terre rare.<\/p>\n<p>Materiali ottici: l&#8217;ossido di praseodimio pu\u00f2 essere utilizzato nella produzione di vetro ottico, fibra ottica e cos\u00ec via. L&#8217;aggiunta di vetro pu\u00f2 modificare le propriet\u00e0 ottiche del vetro, come l&#8217;assorbimento e la trasmissione di specifiche lunghezze d&#8217;onda della luce, e pu\u00f2 anche essere utilizzata per produrre materiali laser.<\/p>\n<p>Materiali ceramici: aggiunto alle formulazioni ceramiche, pu\u00f2 migliorare le propriet\u00e0 fisiche della ceramica, come migliorare la durezza, la resistenza all&#8217;usura e la resistenza alle alte temperature, e pu\u00f2 conferire colori unici alla ceramica.<\/p>\n<p>&nbsp;<\/p>\n","protected":false},"featured_media":1034068,"comment_status":"open","ping_status":"closed","template":"","meta":{"_acf_changed":false},"product_brand":[],"product_cat":[205,203],"product_tag":[],"class_list":{"0":"post-1027110","1":"product","2":"type-product","3":"status-publish","4":"has-post-thumbnail","6":"product_cat-materiali-ossidi-idrossidi","7":"product_cat-materiali-per-terre-rare","9":"first","10":"instock","11":"shipping-taxable","12":"product-type-variable"},"acf":[],"_links":{"self":[{"href":"https:\/\/vimaterial.de\/it\/wp-json\/wp\/v2\/product\/1027110","targetHints":{"allow":["GET"]}}],"collection":[{"href":"https:\/\/vimaterial.de\/it\/wp-json\/wp\/v2\/product"}],"about":[{"href":"https:\/\/vimaterial.de\/it\/wp-json\/wp\/v2\/types\/product"}],"replies":[{"embeddable":true,"href":"https:\/\/vimaterial.de\/it\/wp-json\/wp\/v2\/comments?post=1027110"}],"wp:featuredmedia":[{"embeddable":true,"href":"https:\/\/vimaterial.de\/it\/wp-json\/wp\/v2\/media\/1034068"}],"wp:attachment":[{"href":"https:\/\/vimaterial.de\/it\/wp-json\/wp\/v2\/media?parent=1027110"}],"wp:term":[{"taxonomy":"product_brand","embeddable":true,"href":"https:\/\/vimaterial.de\/it\/wp-json\/wp\/v2\/product_brand?post=1027110"},{"taxonomy":"product_cat","embeddable":true,"href":"https:\/\/vimaterial.de\/it\/wp-json\/wp\/v2\/product_cat?post=1027110"},{"taxonomy":"product_tag","embeddable":true,"href":"https:\/\/vimaterial.de\/it\/wp-json\/wp\/v2\/product_tag?post=1027110"}],"curies":[{"name":"wp","href":"https:\/\/api.w.org\/{rel}","templated":true}]}}