{"id":1027056,"date":"2024-06-17T16:05:16","date_gmt":"2024-06-17T08:05:16","guid":{"rendered":"https:\/\/vimaterial.de\/product\/cloruro-di-praseodimio\/"},"modified":"2024-10-24T13:24:20","modified_gmt":"2024-10-24T05:24:20","slug":"cloruro-di-praseodimio","status":"publish","type":"product","link":"https:\/\/vimaterial.de\/it\/product\/cloruro-di-praseodimio\/","title":{"rendered":"Cloruro di praseodimio"},"content":{"rendered":"<p>La polvere di cloruro di praseodimio \u00e8 un importante composto inorganico.<\/p>\n<h3>Informazioni di base:<\/h3>\n<p>Formula chimica: PrCl\u2083. Peso molecolare: Il cloruro di praseodimio anidro ha un peso molecolare di 247,24 g\/mol; il suo eptaidrato ha un peso molecolare di 373,77 g\/mol.<\/p>\n<p>N. CAS: 10361-79-2 (anidro); 17272-46-7 (esaidrato).<\/p>\n<p>Aspetto: polvere blu-verde a temperatura ambiente.<\/p>\n<p>Densit\u00e0: Il cloruro di praseodimio anidro ha una densit\u00e0 di 4,02 g\/cm\u00b3; L&#8217;eptaidrato ha una densit\u00e0 di 2.250 g\/cm\u00b3.<\/p>\n<p>Punto di fusione: 786\u00b0C.<\/p>\n<p>Punto di ebollizione: 1710\u00b0C.<\/p>\n<p>Solubilit\u00e0: igroscopica, solubile in acqua ed etanolo.<\/p>\n<p>Struttura cristallina: struttura cristallina esagonale.<\/p>\n<h3>Propriet\u00e0 chimiche:<\/h3>\n<p>Reazione di idrolisi: la reazione di idrolisi si verificher\u00e0 in un ambiente umido per produrre prodotti correlati all&#8217;idrossido di praseodimio. Stabilit\u00e0 termica: Ha un certo grado di stabilit\u00e0 termica, ma pu\u00f2 decomporsi o reagire con altre sostanze a temperature pi\u00f9 elevate.<\/p>\n<h3>Utilizzazioni:<\/h3>\n<p>Settore industriale: Pu\u00f2 essere utilizzato per la colorazione di vetro e ceramica e pu\u00f2 conferire colori e propriet\u00e0 ottiche specifiche ai prodotti in vetro e ceramica. Ad esempio, il PrCl\u2083 pu\u00f2 essere aggiunto ad alcuni vetri speciali per conferire loro colori e propriet\u00e0 ottiche uniche.<\/p>\n<p>Reagente chimico: Essendo un importante reagente chimico, viene utilizzato nell&#8217;analisi chimica, nella sintesi e in altri esperimenti. Ad esempio, il cloruro di praseodimio pu\u00f2 essere utilizzato come catalizzatore o reagente in alcune reazioni chimiche.<\/p>\n<p>Materiali magnetici: viene utilizzato nella preparazione di materiali magnetici, come i materiali magnetici permanenti. La speciale struttura elettronica dell&#8217;elemento praseodimio gli conferisce un importante valore applicativo nei materiali magnetici e il cloruro di praseodimio \u00e8 una delle materie prime importanti per la preparazione di questi materiali magnetici.<\/p>\n","protected":false},"excerpt":{"rendered":"<p>La polvere di cloruro di praseodimio (PrCl\u2083) \u00e8 un importante composto inorganico.<\/p>\n<p>Settore industriale: Pu\u00f2 essere utilizzato per la colorazione di vetro e ceramica e pu\u00f2 conferire colori e propriet\u00e0 ottiche specifiche ai prodotti in vetro e ceramica. Ad esempio, il cloruro di praseodimio pu\u00f2 essere aggiunto ad alcuni vetri speciali per conferire loro colori e propriet\u00e0 ottiche uniche.<\/p>\n<p>Reagente chimico: Essendo un importante reagente chimico, viene utilizzato nell&#8217;analisi chimica, nella sintesi e in altri esperimenti. Ad esempio, il cloruro di praseodimio pu\u00f2 essere utilizzato come catalizzatore o reagente in alcune reazioni chimiche.<\/p>\n<p>&nbsp;<\/p>\n","protected":false},"featured_media":1034083,"comment_status":"open","ping_status":"closed","template":"","meta":{"_acf_changed":false},"product_brand":[],"product_cat":[203],"product_tag":[],"class_list":{"0":"post-1027056","1":"product","2":"type-product","3":"status-publish","4":"has-post-thumbnail","6":"product_cat-materiali-per-terre-rare","8":"first","9":"instock","10":"shipping-taxable","11":"purchasable","12":"product-type-variable"},"acf":[],"_links":{"self":[{"href":"https:\/\/vimaterial.de\/it\/wp-json\/wp\/v2\/product\/1027056","targetHints":{"allow":["GET"]}}],"collection":[{"href":"https:\/\/vimaterial.de\/it\/wp-json\/wp\/v2\/product"}],"about":[{"href":"https:\/\/vimaterial.de\/it\/wp-json\/wp\/v2\/types\/product"}],"replies":[{"embeddable":true,"href":"https:\/\/vimaterial.de\/it\/wp-json\/wp\/v2\/comments?post=1027056"}],"wp:featuredmedia":[{"embeddable":true,"href":"https:\/\/vimaterial.de\/it\/wp-json\/wp\/v2\/media\/1034083"}],"wp:attachment":[{"href":"https:\/\/vimaterial.de\/it\/wp-json\/wp\/v2\/media?parent=1027056"}],"wp:term":[{"taxonomy":"product_brand","embeddable":true,"href":"https:\/\/vimaterial.de\/it\/wp-json\/wp\/v2\/product_brand?post=1027056"},{"taxonomy":"product_cat","embeddable":true,"href":"https:\/\/vimaterial.de\/it\/wp-json\/wp\/v2\/product_cat?post=1027056"},{"taxonomy":"product_tag","embeddable":true,"href":"https:\/\/vimaterial.de\/it\/wp-json\/wp\/v2\/product_tag?post=1027056"}],"curies":[{"name":"wp","href":"https:\/\/api.w.org\/{rel}","templated":true}]}}