{"id":1026892,"date":"2024-06-17T16:08:36","date_gmt":"2024-06-17T08:08:36","guid":{"rendered":"https:\/\/vimaterial.de\/product\/ossido-di-samario-2\/"},"modified":"2024-10-24T10:38:37","modified_gmt":"2024-10-24T02:38:37","slug":"ossido-di-samario-2","status":"publish","type":"product","link":"https:\/\/vimaterial.de\/it\/product\/ossido-di-samario-2\/","title":{"rendered":"Ossido di samario"},"content":{"rendered":"<p>Le scaglie di Sm\u2082O\u2083 sono materiali in scaglie composti da ossido di samario. La formula chimica dell&#8217;ossido di samario \u00e8 Sm\u2082O\u2083, in cui il samario (Sm) \u00e8 un elemento delle terre rare con numero atomico 62.Questo materiale eredita le propriet\u00e0 chimiche di base di Sm\u2082O\u2083 e allo stesso tempo ha alcune propriet\u00e0 fisiche speciali dovute alla struttura del foglio.<\/p>\n<h3>Informazioni di base<\/h3>\n<p>Aspetto e forma: Si presenta sotto forma di scaglie e lo spessore, le dimensioni e altre dimensioni delle scaglie possono variare a seconda del metodo di preparazione e dell&#8217;applicazione.<\/p>\n<p>Colore e trasparenza: Solitamente giallastro. Densit\u00e0 e durezza: la densit\u00e0 \u00e8 di circa 8,347 g\/cm\u00b3.<\/p>\n<h3>Campi di applicazione<\/h3>\n<p>Nel campo dei materiali elettronici, pu\u00f2 essere utilizzato come strato isolante o materiale dielettrico nei dispositivi elettronici. Poich\u00e9 la sua struttura a scaglie pu\u00f2 fornire buone prestazioni di isolamento e determinate caratteristiche di capacit\u00e0, pu\u00f2 essere utilizzato per produrre componenti elettronici come i condensatori.<\/p>\n<p>Campo ottico: pu\u00f2 essere utilizzato per produrre filtri ottici o finestre ottiche. Pu\u00f2 essere utilizzato per filtrare o regolare la luce grazie alle sue propriet\u00e0 di assorbimento e trasmissione di specifiche lunghezze d&#8217;onda della luce.<\/p>\n<p>Campo catalitico: come vettore del catalizzatore, la sua struttura lamellare pu\u00f2 aumentare l&#8217;area di carico del principio attivo e migliorare l&#8217;efficienza catalitica del catalizzatore.<\/p>\n","protected":false},"excerpt":{"rendered":"<p>Le scaglie di Sm\u2082O\u2083 sono materiali in scaglie composti da ossido di samario. La formula chimica dell&#8217;ossido di samario \u00e8 Sm\u2082O\u2083, in cui il samario (Sm) \u00e8 un elemento delle terre rare con numero atomico 62.Questo materiale eredita le propriet\u00e0 chimiche di base di Sm\u2082O\u2083 e allo stesso tempo ha alcune propriet\u00e0 fisiche speciali dovute alla struttura del foglio.<\/p>\n<p>Nel campo dei materiali elettronici, pu\u00f2 essere utilizzato come strato isolante o materiale dielettrico nei dispositivi elettronici. Poich\u00e9 la sua struttura a scaglie pu\u00f2 fornire buone prestazioni di isolamento e determinate caratteristiche di capacit\u00e0, pu\u00f2 essere utilizzato per produrre componenti elettronici come i condensatori.<\/p>\n<p>&nbsp;<\/p>\n<p>&nbsp;<\/p>\n","protected":false},"featured_media":1034198,"comment_status":"open","ping_status":"closed","template":"","meta":{"_acf_changed":false},"product_brand":[],"product_cat":[198],"product_tag":[],"class_list":{"0":"post-1026892","1":"product","2":"type-product","3":"status-publish","4":"has-post-thumbnail","6":"product_cat-materiali-per-levaporazione","8":"first","9":"instock","10":"shipping-taxable","11":"purchasable","12":"product-type-variable"},"acf":[],"_links":{"self":[{"href":"https:\/\/vimaterial.de\/it\/wp-json\/wp\/v2\/product\/1026892","targetHints":{"allow":["GET"]}}],"collection":[{"href":"https:\/\/vimaterial.de\/it\/wp-json\/wp\/v2\/product"}],"about":[{"href":"https:\/\/vimaterial.de\/it\/wp-json\/wp\/v2\/types\/product"}],"replies":[{"embeddable":true,"href":"https:\/\/vimaterial.de\/it\/wp-json\/wp\/v2\/comments?post=1026892"}],"wp:featuredmedia":[{"embeddable":true,"href":"https:\/\/vimaterial.de\/it\/wp-json\/wp\/v2\/media\/1034198"}],"wp:attachment":[{"href":"https:\/\/vimaterial.de\/it\/wp-json\/wp\/v2\/media?parent=1026892"}],"wp:term":[{"taxonomy":"product_brand","embeddable":true,"href":"https:\/\/vimaterial.de\/it\/wp-json\/wp\/v2\/product_brand?post=1026892"},{"taxonomy":"product_cat","embeddable":true,"href":"https:\/\/vimaterial.de\/it\/wp-json\/wp\/v2\/product_cat?post=1026892"},{"taxonomy":"product_tag","embeddable":true,"href":"https:\/\/vimaterial.de\/it\/wp-json\/wp\/v2\/product_tag?post=1026892"}],"curies":[{"name":"wp","href":"https:\/\/api.w.org\/{rel}","templated":true}]}}