{"id":1026890,"date":"2024-06-17T16:08:36","date_gmt":"2024-06-17T08:08:36","guid":{"rendered":"https:\/\/vimaterial.de\/product\/ossido-di-samario\/"},"modified":"2024-10-24T10:17:54","modified_gmt":"2024-10-24T02:17:54","slug":"ossido-di-samario","status":"publish","type":"product","link":"https:\/\/vimaterial.de\/it\/product\/ossido-di-samario\/","title":{"rendered":"Ossido di samario"},"content":{"rendered":"<h3>Informazioni di base:<\/h3>\n<p>Formula chimica: sm\u2082O\u2083, composto da elementi delle terre rare samario (Sm) e ossigeno (O).<\/p>\n<p>Numero CAS: 12060 &#8211; 58 &#8211; 1.<\/p>\n<p>Aspetto: solitamente granuli polverosi di colore giallo chiaro, ma il colore pu\u00f2 variare leggermente a seconda della purezza, della dimensione delle particelle e di altri fattori.<\/p>\n<p>Densit\u00e0: La densit\u00e0 relativa \u00e8 elevata, circa 8.347 g\/cm\u00b3.<\/p>\n<p>Punto di fusione: Punto di fusione elevato, circa 2335\u00b0C.<\/p>\n<h3>Propriet\u00e0 chimiche:<\/h3>\n<p>Stabilit\u00e0: \u00e8 pi\u00f9 stabile a temperatura e pressione ambiente, ma la sua stabilit\u00e0 chimica sar\u00e0 influenzata in ambienti difficili come alte temperature, acidi forti e alcali. \u00c8 facile assorbire l&#8217;anidride carbonica e l&#8217;acqua nell&#8217;aria e pu\u00f2 verificarsi un certo grado di reazione chimica.<\/p>\n<p>Propriet\u00e0 ossidanti: ha un certo grado di propriet\u00e0 ossidanti, anche se la sua capacit\u00e0 ossidante \u00e8 relativamente debole.<\/p>\n<h3>Campo di applicazione:<\/h3>\n<p>Materiale magnetico permanente: l&#8217;ossido di samario pu\u00f2 essere utilizzato per preparare magneti permanenti al samario cobalto, che hanno elevate propriet\u00e0 magnetiche e sono ampiamente utilizzati nei motori elettrici, nelle apparecchiature elettroniche, nell&#8217;aerospaziale e in altri campi.<\/p>\n<p>Vetro ottico: Ossido di samario utilizzato come additivo del vetro ottico e del vetro assorbente a infrarossi, che pu\u00f2 assorbire la radiazione infrarossa e utilizzato per realizzare vetri ottici speciali.<\/p>\n<p>Catalizzatore: pu\u00f2 essere utilizzato come catalizzatore o vettore di catalizzatore per alcune reazioni chimiche, come la reazione di disidratazione e deidrogenazione degli alcoli.<\/p>\n<p>Materiale di schermatura dei neutroni: grazie alla buona capacit\u00e0 di assorbimento dei neutroni, pu\u00f2 essere utilizzato per preparare il materiale di schermatura dei neutroni, che ha importanti applicazioni nel campo dell&#8217;industria nucleare.<\/p>\n","protected":false},"excerpt":{"rendered":"<p>L&#8217;ossido di samario \u00e8 un importante ossido di terre rare.<\/p>\n<p>Materiale magnetico permanente: l&#8217;ossido di samario pu\u00f2 essere utilizzato per preparare magneti permanenti al samario cobalto, che hanno elevate propriet\u00e0 magnetiche e sono ampiamente utilizzati nei motori elettrici, nelle apparecchiature elettroniche, nell&#8217;aerospaziale e in altri campi.<\/p>\n<p>Vetro ottico: utilizzato come additivo del vetro ottico e del vetro assorbente infrarosso, che pu\u00f2 assorbire la radiazione infrarossa e utilizzato per realizzare vetri ottici speciali.<\/p>\n<p>&nbsp;<\/p>\n","protected":false},"featured_media":1034193,"comment_status":"open","ping_status":"closed","template":"","meta":{"_acf_changed":false},"product_brand":[],"product_cat":[198],"product_tag":[],"class_list":{"0":"post-1026890","1":"product","2":"type-product","3":"status-publish","4":"has-post-thumbnail","6":"product_cat-materiali-per-levaporazione","8":"first","9":"instock","10":"shipping-taxable","11":"purchasable","12":"product-type-variable"},"acf":[],"_links":{"self":[{"href":"https:\/\/vimaterial.de\/it\/wp-json\/wp\/v2\/product\/1026890","targetHints":{"allow":["GET"]}}],"collection":[{"href":"https:\/\/vimaterial.de\/it\/wp-json\/wp\/v2\/product"}],"about":[{"href":"https:\/\/vimaterial.de\/it\/wp-json\/wp\/v2\/types\/product"}],"replies":[{"embeddable":true,"href":"https:\/\/vimaterial.de\/it\/wp-json\/wp\/v2\/comments?post=1026890"}],"wp:featuredmedia":[{"embeddable":true,"href":"https:\/\/vimaterial.de\/it\/wp-json\/wp\/v2\/media\/1034193"}],"wp:attachment":[{"href":"https:\/\/vimaterial.de\/it\/wp-json\/wp\/v2\/media?parent=1026890"}],"wp:term":[{"taxonomy":"product_brand","embeddable":true,"href":"https:\/\/vimaterial.de\/it\/wp-json\/wp\/v2\/product_brand?post=1026890"},{"taxonomy":"product_cat","embeddable":true,"href":"https:\/\/vimaterial.de\/it\/wp-json\/wp\/v2\/product_cat?post=1026890"},{"taxonomy":"product_tag","embeddable":true,"href":"https:\/\/vimaterial.de\/it\/wp-json\/wp\/v2\/product_tag?post=1026890"}],"curies":[{"name":"wp","href":"https:\/\/api.w.org\/{rel}","templated":true}]}}