{"id":1026790,"date":"2024-06-17T15:56:39","date_gmt":"2024-06-17T07:56:39","guid":{"rendered":"https:\/\/vimaterial.de\/product\/metallo-di-piombo\/"},"modified":"2024-10-25T17:22:53","modified_gmt":"2024-10-25T09:22:53","slug":"metallo-di-piombo","status":"publish","type":"product","link":"https:\/\/vimaterial.de\/it\/product\/metallo-di-piombo\/","title":{"rendered":"Piombo metallico"},"content":{"rendered":"<p>Il bersaglio di piombo metallico \u00e8 un materiale importante utilizzato in processi come il rivestimento sputtering.<\/p>\n<p>Informazioni di base:<\/p>\n<p>Definizione: il bersaglio di piombo \u00e8 un materiale solido fatto di piombo o lega di piombo che viene utilizzato come fonte di piombo nei processi di deposizione fisica da vapore (PVD) come lo sputtering.<br \/>\nAspetto: di solito mostra una lucentezza metallica grigio-argento.<br \/>\nDensit\u00e0: Il piombo ha un&#8217;alta densit\u00e0 di circa 11,34 g\/cm3.<br \/>\nDurezza: Il piombo stesso \u00e8 un metallo relativamente morbido con una durezza Mohs di circa 1,5.<br \/>\nPunto di fusione: il piombo ha un punto di fusione relativamente basso di 327,5 \u00b0C.<\/p>\n<p>Propriet\u00e0 chimiche:<\/p>\n<p>Resistenza all&#8217;ossidazione: a temperatura ambiente, il piombo si ossida facilmente nell&#8217;aria, formando un sottile film di ossido di piombo (PbO) sulla superficie del bersaglio.<\/p>\n<p>Resistenza alla corrosione: il piombo ha un certo grado di resistenza alla corrosione rispetto ad alcuni acidi e alcali comuni, ma sotto l&#8217;azione di acidi fortemente ossidanti (ad esempio acido solforico concentrato, acido nitrico concentrato), sar\u00e0 corroso dalla reazione chimica.<\/p>\n<p>Aree di applicazione:<\/p>\n<p>Industria dei semiconduttori: nella produzione di semiconduttori, i bersagli di piombo possono essere utilizzati per preparare elettrodi, cablaggi e altri film sottili, che svolgono il ruolo di conduttivit\u00e0 e connessione.<\/p>\n<p>Campo ottico: il bersaglio Piombo metallico pu\u00f2 essere utilizzato per la preparazione di pellicole ottiche, come in alcune lenti ottiche, filtri e altri prodotti, attraverso lo sputtering del film di piombo pu\u00f2 ottenere propriet\u00e0 ottiche specifiche, come l&#8217;aumento della riflettivit\u00e0, la riduzione della trasmittanza, ecc.<\/p>\n<p>Campo di radioprotezione: poich\u00e9 il piombo ha un buon effetto schermante sui raggi, il bersaglio di piombo pu\u00f2 essere utilizzato per preparare materiali di protezione dalle radiazioni.<\/p>\n","protected":false},"excerpt":{"rendered":"<p>Il bersaglio di piombo metallico \u00e8 un materiale importante utilizzato in processi come il rivestimento sputtering.<\/p>\n<p>Industria dei semiconduttori: nella produzione di semiconduttori, i bersagli di piombo metallico possono essere utilizzati per preparare elettrodi, cablaggi e altri film sottili, che svolgono il ruolo di conduttivit\u00e0 e connessione.<\/p>\n<p>Campo ottico: il bersaglio metallico al piombo pu\u00f2 essere utilizzato per la preparazione di pellicole ottiche, come in alcune lenti ottiche, filtri e altri prodotti, attraverso lo sputtering del film di piombo pu\u00f2 ottenere propriet\u00e0 ottiche specifiche, come l&#8217;aumento della riflettivit\u00e0, la riduzione della trasmittanza, ecc.<\/p>\n","protected":false},"featured_media":1033466,"comment_status":"open","ping_status":"closed","template":"","meta":{"_acf_changed":false},"product_brand":[],"product_cat":[197],"product_tag":[],"class_list":{"0":"post-1026790","1":"product","2":"type-product","3":"status-publish","4":"has-post-thumbnail","6":"product_cat-obiettivi-di-sputtering-planari","8":"first","9":"instock","10":"shipping-taxable","11":"purchasable","12":"product-type-variable"},"acf":[],"_links":{"self":[{"href":"https:\/\/vimaterial.de\/it\/wp-json\/wp\/v2\/product\/1026790","targetHints":{"allow":["GET"]}}],"collection":[{"href":"https:\/\/vimaterial.de\/it\/wp-json\/wp\/v2\/product"}],"about":[{"href":"https:\/\/vimaterial.de\/it\/wp-json\/wp\/v2\/types\/product"}],"replies":[{"embeddable":true,"href":"https:\/\/vimaterial.de\/it\/wp-json\/wp\/v2\/comments?post=1026790"}],"wp:featuredmedia":[{"embeddable":true,"href":"https:\/\/vimaterial.de\/it\/wp-json\/wp\/v2\/media\/1033466"}],"wp:attachment":[{"href":"https:\/\/vimaterial.de\/it\/wp-json\/wp\/v2\/media?parent=1026790"}],"wp:term":[{"taxonomy":"product_brand","embeddable":true,"href":"https:\/\/vimaterial.de\/it\/wp-json\/wp\/v2\/product_brand?post=1026790"},{"taxonomy":"product_cat","embeddable":true,"href":"https:\/\/vimaterial.de\/it\/wp-json\/wp\/v2\/product_cat?post=1026790"},{"taxonomy":"product_tag","embeddable":true,"href":"https:\/\/vimaterial.de\/it\/wp-json\/wp\/v2\/product_tag?post=1026790"}],"curies":[{"name":"wp","href":"https:\/\/api.w.org\/{rel}","templated":true}]}}