{"id":1026766,"date":"2024-06-17T15:56:40","date_gmt":"2024-06-17T07:56:40","guid":{"rendered":"https:\/\/vimaterial.de\/product\/cloruro-di-piombo-2\/"},"modified":"2024-10-25T15:51:56","modified_gmt":"2024-10-25T07:51:56","slug":"cloruro-di-piombo-2","status":"publish","type":"product","link":"https:\/\/vimaterial.de\/it\/product\/cloruro-di-piombo-2\/","title":{"rendered":"Cloruro di piombo"},"content":{"rendered":"<h3>Informazioni di base<\/h3>\n<p>Formula chimica: PbCl2, composto dagli elementi piombo e cloro, dove il piombo \u00e8 un elemento di metallo pesante.<\/p>\n<p>Peso molecolare: 278,10.<\/p>\n<p>Numero di registro CAS: 7758 &#8211; 95 &#8211; 4.<\/p>\n<p>Aspetto: Di solito una polvere cristallina bianca.<\/p>\n<p>Densit\u00e0: La sua densit\u00e0 \u00e8 di circa 5,85.<\/p>\n<p>Punto di fusione: 501\u00b0C, punto di fusione relativamente alto.<\/p>\n<p>Punto di ebollizione: 950\u00b0C. Solubilit\u00e0: leggermente solubile in acqua fredda, leggermente pi\u00f9 solubile in acqua calda.<\/p>\n<h3>Propriet\u00e0 chimiche<\/h3>\n<p>Stabilit\u00e0: \u00e8 stabile a temperatura e pressione ambiente, ma pu\u00f2 reagire chimicamente in determinate condizioni come alte temperature, esposizione a luce intensa o esposizione ad agenti ossidanti forti.<\/p>\n<p>Reazione redox: il piombo elementare ha una certa propriet\u00e0 ossidante e pu\u00f2 essere ridotto a piombo metallico sotto l&#8217;azione di appropriati agenti riducenti.<\/p>\n<h3>Campi di applicazione<\/h3>\n<p>Chimica analitica: cloruro di piombo utilizzato come reagente analitico per rilevare la presenza di ioni piombo o ioni cloruro. Ad esempio, negli esperimenti di chimica analitica qualitativa, viene utilizzato per giudicare se la soluzione contiene lo ione corrispondente osservando se viene prodotto un precipitato bianco.<\/p>\n<p>Industria metallurgica: nel processo metallurgico, il cloruro di piombo viene utilizzato nella raffinazione del piombo o nella preparazione della lega di piombo. Ad esempio, pu\u00f2 essere utilizzato come una delle fonti di piombo nella preparazione di alcune leghe piombo-stagno.<\/p>\n<p>Industria dei pigmenti: pu\u00f2 essere utilizzato come materia prima o additivo per i pigmenti per regolare determinate propriet\u00e0 dei pigmenti. Tuttavia, a causa della tossicit\u00e0 del piombo, la sua applicazione nei pigmenti \u00e8 ora alquanto limitata.<\/p>\n","protected":false},"excerpt":{"rendered":"<p>Chimica analitica: cloruro di piombo utilizzato come reagente analitico per rilevare la presenza di ioni piombo o ioni cloruro. Ad esempio, negli esperimenti di chimica analitica qualitativa, viene utilizzato per giudicare se la soluzione contiene lo ione corrispondente osservando se viene prodotto un precipitato bianco.<\/p>\n<p>Industria metallurgica: nel processo metallurgico, il cloruro di piombo viene utilizzato nella raffinazione del piombo o nella preparazione della lega di piombo. Ad esempio, pu\u00f2 essere utilizzato come una delle fonti di piombo nella preparazione di alcune leghe piombo-stagno.<\/p>\n","protected":false},"featured_media":1033486,"comment_status":"open","ping_status":"closed","template":"","meta":{"_acf_changed":false},"product_brand":[],"product_cat":[201],"product_tag":[],"class_list":{"0":"post-1026766","1":"product","2":"type-product","3":"status-publish","4":"has-post-thumbnail","6":"product_cat-materiali-a-base-di-alogenuri","8":"first","9":"instock","10":"shipping-taxable","11":"product-type-variable"},"acf":[],"_links":{"self":[{"href":"https:\/\/vimaterial.de\/it\/wp-json\/wp\/v2\/product\/1026766","targetHints":{"allow":["GET"]}}],"collection":[{"href":"https:\/\/vimaterial.de\/it\/wp-json\/wp\/v2\/product"}],"about":[{"href":"https:\/\/vimaterial.de\/it\/wp-json\/wp\/v2\/types\/product"}],"replies":[{"embeddable":true,"href":"https:\/\/vimaterial.de\/it\/wp-json\/wp\/v2\/comments?post=1026766"}],"wp:featuredmedia":[{"embeddable":true,"href":"https:\/\/vimaterial.de\/it\/wp-json\/wp\/v2\/media\/1033486"}],"wp:attachment":[{"href":"https:\/\/vimaterial.de\/it\/wp-json\/wp\/v2\/media?parent=1026766"}],"wp:term":[{"taxonomy":"product_brand","embeddable":true,"href":"https:\/\/vimaterial.de\/it\/wp-json\/wp\/v2\/product_brand?post=1026766"},{"taxonomy":"product_cat","embeddable":true,"href":"https:\/\/vimaterial.de\/it\/wp-json\/wp\/v2\/product_cat?post=1026766"},{"taxonomy":"product_tag","embeddable":true,"href":"https:\/\/vimaterial.de\/it\/wp-json\/wp\/v2\/product_tag?post=1026766"}],"curies":[{"name":"wp","href":"https:\/\/api.w.org\/{rel}","templated":true}]}}