{"id":1026761,"date":"2024-06-17T15:56:40","date_gmt":"2024-06-17T07:56:40","guid":{"rendered":"https:\/\/vimaterial.de\/product\/fluoruro-di-piombo-2\/"},"modified":"2024-10-25T16:14:33","modified_gmt":"2024-10-25T08:14:33","slug":"fluoruro-di-piombo-2","status":"publish","type":"product","link":"https:\/\/vimaterial.de\/it\/product\/fluoruro-di-piombo-2\/","title":{"rendered":"Fluoruro di piombo"},"content":{"rendered":"<p>La polvere di fluoruro di piombo \u00e8 una polvere di composto inorganico bianco.<\/p>\n<h3>Informazioni di base:<\/h3>\n<p>Formula chimica: PbF\u2082, composto dagli elementi piombo (Pb) e fluoro (F).<\/p>\n<p>Peso molecolare: 245,20 g\/mol.<\/p>\n<p>Numero CAS: 7783 &#8211; 46 &#8211; 2.<\/p>\n<p>Aspetto: Solitamente cristallo bianco o polvere. Densit\u00e0: Esistono due tipi di cristalli, la densit\u00e0 relativa del tipo di cristallo ortorombico \u00e8 8,445 g\/cm\u00b3, la densit\u00e0 relativa del tipo di cristallo cubico \u00e8 7,750 g\/cm\u00b3.<\/p>\n<p>Punto di fusione: 824\u00b0C.<\/p>\n<p>Punto di ebollizione: 1293\u00b0C.<\/p>\n<p>Solubilit\u00e0: leggermente solubile in acqua, a 20\u00b0C, circa 0,0671g per 100ml di acqua; insolubile in acido acetico, acido fluoridrico, solubile in acido nitrico.<\/p>\n<h3>Utilizzazioni:<\/h3>\n<p>Campo ottico: il fluoruro di piombo pu\u00f2 essere utilizzato come materiale spettroscopico a infrarossi, che pu\u00f2 rendere trasmissibili i raggi infrarossi; Viene utilizzato per riflettere i raggi infrarossi nel rivestimento del vetro. Industria elettronica: viene utilizzato nel fosforo dello schermo del tubo TV.<\/p>\n<p>Industria chimica: pu\u00f2 essere utilizzato come componente dell&#8217;agente di fusione, agente riducente, agente di rimozione dello zolfo e catalizzatore per la produzione di piridina.<\/p>\n","protected":false},"excerpt":{"rendered":"<p>La polvere di fluoruro di piombo \u00e8 una polvere di composto inorganico bianco.<\/p>\n<p>Campo ottico: il fluoruro di piombo pu\u00f2 essere utilizzato come materiale spettroscopico a infrarossi, che pu\u00f2 rendere trasmissibili i raggi infrarossi; Viene utilizzato per riflettere i raggi infrarossi nel rivestimento del vetro.<\/p>\n<p>Industria elettronica: viene utilizzato nel fosforo dello schermo del tubo TV.<\/p>\n<p>Industria chimica: pu\u00f2 essere utilizzato come componente dell&#8217;agente di fusione, agente riducente, agente di rimozione dello zolfo e catalizzatore per la produzione di piridina.<\/p>\n<p>&nbsp;<\/p>\n","protected":false},"featured_media":1033496,"comment_status":"open","ping_status":"closed","template":"","meta":{"_acf_changed":false},"product_brand":[],"product_cat":[201],"product_tag":[],"class_list":{"0":"post-1026761","1":"product","2":"type-product","3":"status-publish","4":"has-post-thumbnail","6":"product_cat-materiali-a-base-di-alogenuri","8":"first","9":"instock","10":"shipping-taxable","11":"product-type-variable"},"acf":[],"_links":{"self":[{"href":"https:\/\/vimaterial.de\/it\/wp-json\/wp\/v2\/product\/1026761","targetHints":{"allow":["GET"]}}],"collection":[{"href":"https:\/\/vimaterial.de\/it\/wp-json\/wp\/v2\/product"}],"about":[{"href":"https:\/\/vimaterial.de\/it\/wp-json\/wp\/v2\/types\/product"}],"replies":[{"embeddable":true,"href":"https:\/\/vimaterial.de\/it\/wp-json\/wp\/v2\/comments?post=1026761"}],"wp:featuredmedia":[{"embeddable":true,"href":"https:\/\/vimaterial.de\/it\/wp-json\/wp\/v2\/media\/1033496"}],"wp:attachment":[{"href":"https:\/\/vimaterial.de\/it\/wp-json\/wp\/v2\/media?parent=1026761"}],"wp:term":[{"taxonomy":"product_brand","embeddable":true,"href":"https:\/\/vimaterial.de\/it\/wp-json\/wp\/v2\/product_brand?post=1026761"},{"taxonomy":"product_cat","embeddable":true,"href":"https:\/\/vimaterial.de\/it\/wp-json\/wp\/v2\/product_cat?post=1026761"},{"taxonomy":"product_tag","embeddable":true,"href":"https:\/\/vimaterial.de\/it\/wp-json\/wp\/v2\/product_tag?post=1026761"}],"curies":[{"name":"wp","href":"https:\/\/api.w.org\/{rel}","templated":true}]}}